{"id":1819,"date":"2022-06-16T15:55:48","date_gmt":"2022-06-16T15:55:48","guid":{"rendered":"http:\/\/securitybriefing.net\/?page_id=3"},"modified":"2023-08-20T00:28:12","modified_gmt":"2023-08-20T00:28:12","slug":"privatlivspolitik","status":"publish","type":"page","link":"https:\/\/securitybriefing.net\/da\/privatlivspolitik\/","title":{"rendered":"Politik for beskyttelse af personlige oplysninger"},"content":{"rendered":"<h2 class=\"wp-block-heading\" id=\"privacy-policy-for-securitybriefingnet\">Fortrolighedspolitik for securitybriefing.net<\/h2>\n\n\n<p>P\u00e5 Security Briefing, tilg\u00e6ngelig fra <a href=\"https:\/\/securitybriefing.net\/da\/\">https:\/\/securitybriefing.net<\/a>\/, en af vores hovedprioriteter er vores bes\u00f8gendes privatliv. Dette dokument om privatlivspolitik indeholder typer af oplysninger, der indsamles og registreres af Security Briefing, og hvordan vi bruger dem.<\/p>\n\n\n\n<p>Hvis du har yderligere sp\u00f8rgsm\u00e5l eller brug for flere oplysninger om vores privatlivspolitik, er du velkommen til at kontakte os.<\/p>\n\n\n\n<p>Denne fortrolighedspolitik g\u00e6lder kun for vores onlineaktiviteter og er gyldig for bes\u00f8gende p\u00e5 vores websted med hensyn til de oplysninger, de har delt og\/eller indsamlet i Security Briefing. Denne politik g\u00e6lder ikke for oplysninger, der indsamles offline eller via andre kanaler end dette websted. <\/p>\n\n\n<h2 class=\"wp-block-heading\" id=\"consent\">Samtykke<\/h2>\n\n\n<p>Ved at bruge vores hjemmeside giver du hermed dit samtykke til vores privatlivspolitik og accepterer dens vilk\u00e5r.<\/p>\n\n\n<h2 class=\"wp-block-heading\" id=\"information-we-collect\">Oplysninger, vi indsamler<\/h2>\n\n\n<p>De personlige oplysninger, som du bliver bedt om at give, og grundene til, at du bliver bedt om at give dem, vil blive gjort klart for dig p\u00e5 det tidspunkt, hvor vi beder dig om at give dine personlige oplysninger.<\/p>\n\n\n\n<p>Hvis du kontakter os direkte, kan vi modtage yderligere oplysninger om dig, f.eks. dit navn, din e-mailadresse, dit telefonnummer, indholdet af den besked og\/eller de vedh\u00e6ftede filer, du sender til os, og andre oplysninger, du m\u00e5tte v\u00e6lge at give os.<\/p>\n\n\n\n<p>N\u00e5r du opretter en konto, kan vi bede om dine kontaktoplysninger, herunder oplysninger som navn, firmanavn, adresse, e-mailadresse og telefonnummer.<\/p>\n\n\n<h2 class=\"wp-block-heading\" id=\"how-we-use-your-information\">Hvordan vi bruger dine oplysninger<\/h2>\n\n\n<p>Vi bruger de oplysninger, vi indsamler, p\u00e5 forskellige m\u00e5der, herunder til:<\/p>\n\n\n\n<ul class=\"wp-block-list\"><li>Tilvejebringe, drive og vedligeholde vores hjemmeside<\/li><li>Forbedre, tilpasse og udvide vores hjemmeside<\/li><li>Forst\u00e5 og analysere, hvordan du bruger vores hjemmeside<\/li><li>Udvikle nye produkter, tjenester, features og funktionalitet<\/li><li>Kommunikere med dig, enten direkte eller gennem en af vores partnere, herunder til kundeservice, for at give dig opdateringer og andre oplysninger vedr\u00f8rende webstedet og til markedsf\u00f8ring og salgsfremmende form\u00e5l.<\/li><li>Send dig e-mails<\/li><li>Find og forebyg svindel<\/li><\/ul>\n\n\n<h2 class=\"wp-block-heading\" id=\"log-files\">Logfiler<\/h2>\n\n\n<p>Security Briefing f\u00f8lger en standardprocedure for brug af logfiler. Disse filer logger bes\u00f8gende, n\u00e5r de bes\u00f8ger hjemmesider. Alle hostingfirmaer g\u00f8r dette, og det er en del af hostingtjenesternes analyser. De oplysninger, der indsamles af logfiler, omfatter internetprotokoladresser (IP), browsertype, internetudbyder (ISP), dato- og tidsstempel, henvisnings-\/udgangssider og muligvis antallet af klik. Disse er ikke knyttet til nogen personligt identificerbare oplysninger. Form\u00e5let med oplysningerne er at analysere tendenser, administrere webstedet, spore brugernes bev\u00e6gelser p\u00e5 webstedet og indsamle demografiske oplysninger.<\/p>\n\n\n<h2 class=\"wp-block-heading\" id=\"cookies-and-web-beacons\">Cookies og web-beacons<\/h2>\n\n\n<p>Som enhver anden hjemmeside bruger Security Briefing 'cookies'. Disse cookies bruges til at gemme oplysninger, herunder bes\u00f8gendes pr\u00e6ferencer, og de sider p\u00e5 webstedet, som den bes\u00f8gende fik adgang til eller bes\u00f8gte. Oplysningerne bruges til at optimere brugernes oplevelse ved at tilpasse vores websideindhold baseret p\u00e5 de bes\u00f8gendes browsertype og\/eller andre oplysninger.<\/p>\n\n\n<h2 class=\"wp-block-heading\" id=\"our-advertising-partners\">Vores reklamepartnere<\/h2>\n\n\n<p>Nogle af annonc\u00f8rerne p\u00e5 vores side kan bruge cookies og web beacons. Vores reklamepartnere er anf\u00f8rt nedenfor. Hver af vores reklamepartnere har deres egen fortrolighedspolitik for deres politikker om brugerdata. For at lette adgangen har vi lavet hyperlinks til deres privatlivspolitikker nedenfor.<\/p>\n\n\n\n<ul class=\"wp-block-list\"><li>Google<a href=\"https:\/\/policies.google.com\/technologies\/ads\">https:\/\/policies.google.com\/technologies\/ads<\/a><\/li><\/ul>\n\n\n<h2 class=\"wp-block-heading\" id=\"advertising-partners-privacy-policies\">Fortrolighedspolitik for reklamepartnere<\/h2>\n\n\n<p>Du kan konsultere denne liste for at finde fortrolighedspolitikken for hver af Security Briefings reklamepartnere.<\/p>\n\n\n\n<p>Tredjeparts annonceservere eller annoncenetv\u00e6rk bruger teknologier som cookies, JavaScript eller Web Beacons, der bruges i deres respektive annoncer og links, der vises p\u00e5 Security Briefing, som sendes direkte til brugernes browser. De modtager automatisk din IP-adresse, n\u00e5r dette sker. Disse teknologier bruges til at m\u00e5le effektiviteten af deres reklamekampagner og\/eller til at tilpasse det reklameindhold, du ser p\u00e5 de websteder, du bes\u00f8ger.<\/p>\n\n\n\n<p>Bem\u00e6rk, at Security Briefing ikke har adgang til eller kontrol over disse cookies, som tredjepartsannonc\u00f8rer bruger.<\/p>\n\n\n<h2 class=\"wp-block-heading\" id=\"third-party-privacy-policies\">Tredjeparts privatlivspolitik<\/h2>\n\n\n<p>Security Briefings privatlivspolitik g\u00e6lder ikke for andre annonc\u00f8rer eller websteder. Derfor r\u00e5der vi dig til at konsultere de respektive fortrolighedspolitikker for disse tredjeparts annonceservere for mere detaljeret information. Det kan omfatte deres praksis og instruktioner om, hvordan man frav\u00e6lger visse muligheder.<\/p>\n\n\n\n<p>Du kan v\u00e6lge at deaktivere cookies via dine browserindstillinger. Hvis du vil have mere detaljerede oplysninger om cookieh\u00e5ndtering med specifikke webbrowsere, kan du finde dem p\u00e5 browsernes respektive websteder.<\/p>\n\n\n<h2 class=\"wp-block-heading\" id=\"ccpa-privacy-rights-do-not-sell-my-personal-information\">CCPA's rettigheder til beskyttelse af personlige oplysninger (s\u00e6lg ikke mine personlige oplysninger)<\/h2>\n\n\n<p>I henhold til CCPA har californiske forbrugere blandt andre rettigheder ret til:<\/p>\n\n\n\n<p>Anmod om, at en virksomhed, der indsamler en forbrugers personoplysninger, oplyser om de kategorier og specifikke personoplysninger, som virksomheden har indsamlet om forbrugerne.<\/p>\n\n\n\n<p>Anmode om, at en virksomhed sletter alle personlige data om forbrugeren, som virksomheden har indsamlet.<\/p>\n\n\n\n<p>Anmod om, at en virksomhed, der s\u00e6lger en forbrugers persondata, ikke s\u00e6lger forbrugerens persondata.<\/p>\n\n\n\n<p>Hvis du frems\u00e6tter en anmodning, har vi en m\u00e5ned til at svare dig. Kontakt os venligst, hvis du \u00f8nsker at ud\u00f8ve en af disse rettigheder.<\/p>\n\n\n<h2 class=\"wp-block-heading\" id=\"gdpr-data-protection-rights\">Rettigheder til databeskyttelse i GDPR<\/h2>\n\n\n<p>Vi vil gerne sikre os, at du er fuldt ud klar over alle dine databeskyttelsesrettigheder. Hver bruger har ret til f\u00f8lgende:<\/p>\n\n\n\n<p>Retten til adgang - Du har ret til at anmode om kopier af dine personlige data. Vi kan opkr\u00e6ve et mindre gebyr for denne service.<\/p>\n\n\n\n<p>Retten til berigtigelse - Du har ret til at anmode om, at vi retter oplysninger, som du mener er un\u00f8jagtige. Du har ogs\u00e5 ret til at anmode om, at vi supplerer de oplysninger, du mener er ufuldst\u00e6ndige.<\/p>\n\n\n\n<p>Retten til sletning - Du har ret til at anmode om, at vi sletter dine personoplysninger under visse betingelser.<\/p>\n\n\n\n<p>Retten til at begr\u00e6nse behandlingen - Du har ret til at anmode om, at vi begr\u00e6nser behandlingen af dine personoplysninger under visse betingelser.<\/p>\n\n\n\n<p>Retten til at g\u00f8re indsigelse mod behandling - Du har ret til at g\u00f8re indsigelse mod vores behandling af dine data under visse betingelser.<\/p>\n\n\n\n<p>Retten til dataportabilitet - Du har ret til at anmode om, at vi overf\u00f8rer de data, vi har indsamlet, til en anden organisation eller direkte til dig under visse betingelser.<\/p>\n\n\n\n<p>Hvis du frems\u00e6tter en anmodning, har vi en m\u00e5ned til at svare dig. Kontakt os venligst, hvis du \u00f8nsker at ud\u00f8ve en af disse rettigheder.<\/p>\n\n\n<h2 class=\"wp-block-heading\" id=\"childrens-information\">Information til b\u00f8rn<\/h2>\n\n\n<p>En anden del af vores prioritering er at tilf\u00f8je beskyttelse til b\u00f8rn, n\u00e5r de bruger internettet. Vi opfordrer for\u00e6ldre og v\u00e6rger til at observere, deltage i og\/eller overv\u00e5ge og vejlede om deres onlineaktiviteter.<\/p>\n\n\n\n<p>Security Briefing indsamler ikke bevidst nogen personlige identificerbare oplysninger fra b\u00f8rn under 13 \u00e5r. Hvis du mener, at dit barn har givet denne type oplysninger p\u00e5 vores websted, opfordrer vi dig kraftigt til at kontakte os med det samme, og vi vil g\u00f8re vores bedste for straks at fjerne s\u00e5danne oplysninger fra vores optegnelser.<\/p>","protected":false},"excerpt":{"rendered":"<p>Privatlivspolitik for securitybriefing.net Hos Security Briefing, tilg\u00e6ngelig fra https:\/\/securitybriefing.net\/, er en af vores hovedprioriteter privatlivets fred for vores bes\u00f8gende. Dette dokument om privatlivspolitik indeholder typer af indsamlede oplysninger\u2026 <a class=\"more-link\" href=\"https:\/\/securitybriefing.net\/da\/privatlivspolitik\/\">Read more <span class=\"screen-reader-text\">Politik for beskyttelse af personlige oplysninger<\/span><\/a><\/p>","protected":false},"author":1,"featured_media":0,"parent":0,"menu_order":0,"comment_status":"closed","ping_status":"closed","template":"","meta":{"footnotes":""},"class_list":["post-1819","page","type-page","status-publish","hentry","entry"],"yoast_head":"<!-- This site is optimized with the Yoast SEO plugin v26.8 - https:\/\/yoast.com\/product\/yoast-seo-wordpress\/ -->\n<title>Privacy Policy | Security Briefing<\/title>\n<meta name=\"robots\" content=\"index, follow, max-snippet:-1, max-image-preview:large, max-video-preview:-1\" \/>\n<link rel=\"canonical\" href=\"https:\/\/securitybriefing.net\/da\/privatlivspolitik\/\" \/>\n<meta property=\"og:locale\" content=\"da_DK\" \/>\n<meta property=\"og:type\" content=\"article\" \/>\n<meta property=\"og:title\" content=\"Privacy Policy | Security Briefing\" \/>\n<meta property=\"og:description\" content=\"Privacy Policy for securitybriefing.net At Security Briefing, accessible from https:\/\/securitybriefing.net\/, one of our main priorities is the privacy of our visitors. This Privacy Policy document contains types of information collected&hellip; L\u00e6s mere Privacy Policy\" \/>\n<meta property=\"og:url\" content=\"https:\/\/securitybriefing.net\/da\/privatlivspolitik\/\" \/>\n<meta property=\"og:site_name\" content=\"Security Briefing\" \/>\n<meta property=\"article:modified_time\" content=\"2023-08-20T00:28:12+00:00\" \/>\n<meta property=\"og:image\" content=\"https:\/\/securitybriefing.net\/wp-content\/uploads\/2025\/09\/main-logo-black.png\" \/>\n\t<meta property=\"og:image:width\" content=\"1200\" \/>\n\t<meta property=\"og:image:height\" content=\"300\" \/>\n\t<meta property=\"og:image:type\" content=\"image\/png\" \/>\n<meta name=\"twitter:card\" content=\"summary_large_image\" \/>\n<meta name=\"twitter:label1\" content=\"Estimeret l\u00e6setid\" \/>\n\t<meta name=\"twitter:data1\" content=\"6 minutter\" \/>\n<script type=\"application\/ld+json\" class=\"yoast-schema-graph\">{\"@context\":\"https:\/\/schema.org\",\"@graph\":[{\"@type\":\"WebPage\",\"@id\":\"https:\/\/securitybriefing.net\/privacy-policy\/\",\"url\":\"https:\/\/securitybriefing.net\/privacy-policy\/\",\"name\":\"Privacy Policy | Security Briefing\",\"isPartOf\":{\"@id\":\"https:\/\/securitybriefing.net\/#website\"},\"datePublished\":\"2022-06-16T15:55:48+00:00\",\"dateModified\":\"2023-08-20T00:28:12+00:00\",\"breadcrumb\":{\"@id\":\"https:\/\/securitybriefing.net\/privacy-policy\/#breadcrumb\"},\"inLanguage\":\"da-DK\",\"potentialAction\":[{\"@type\":\"ReadAction\",\"target\":[\"https:\/\/securitybriefing.net\/privacy-policy\/\"]}]},{\"@type\":\"BreadcrumbList\",\"@id\":\"https:\/\/securitybriefing.net\/privacy-policy\/#breadcrumb\",\"itemListElement\":[{\"@type\":\"ListItem\",\"position\":1,\"name\":\"Home\",\"item\":\"https:\/\/securitybriefing.net\/\"},{\"@type\":\"ListItem\",\"position\":2,\"name\":\"Privacy Policy\"}]},{\"@type\":\"WebSite\",\"@id\":\"https:\/\/securitybriefing.net\/#website\",\"url\":\"https:\/\/securitybriefing.net\/\",\"name\":\"Security Briefing\",\"description\":\"Read cybersecurity news, online safety guides, cyber threat updates, and use free security tools from Security Briefing.\",\"publisher\":{\"@id\":\"https:\/\/securitybriefing.net\/#organization\"},\"potentialAction\":[{\"@type\":\"SearchAction\",\"target\":{\"@type\":\"EntryPoint\",\"urlTemplate\":\"https:\/\/securitybriefing.net\/?s={search_term_string}\"},\"query-input\":{\"@type\":\"PropertyValueSpecification\",\"valueRequired\":true,\"valueName\":\"search_term_string\"}}],\"inLanguage\":\"da-DK\"},{\"@type\":\"Organization\",\"@id\":\"https:\/\/securitybriefing.net\/#organization\",\"name\":\"Security Briefing\",\"url\":\"https:\/\/securitybriefing.net\/\",\"logo\":{\"@type\":\"ImageObject\",\"inLanguage\":\"da-DK\",\"@id\":\"https:\/\/securitybriefing.net\/#\/schema\/logo\/image\/\",\"url\":\"https:\/\/securitybriefing.net\/wp-content\/uploads\/2023\/06\/security-briefing-logo-5.png\",\"contentUrl\":\"https:\/\/securitybriefing.net\/wp-content\/uploads\/2023\/06\/security-briefing-logo-5.png\",\"width\":256,\"height\":70,\"caption\":\"Security Briefing\"},\"image\":{\"@id\":\"https:\/\/securitybriefing.net\/#\/schema\/logo\/image\/\"}}]}<\/script>\n<!-- \/ Yoast SEO plugin. -->","yoast_head_json":{"title":"Privatlivspolitik | Sikkerhedsbriefing","robots":{"index":"index","follow":"follow","max-snippet":"max-snippet:-1","max-image-preview":"max-image-preview:large","max-video-preview":"max-video-preview:-1"},"canonical":"https:\/\/securitybriefing.net\/da\/privatlivspolitik\/","og_locale":"da_DK","og_type":"article","og_title":"Privacy Policy | Security Briefing","og_description":"Privacy Policy for securitybriefing.net At Security Briefing, accessible from https:\/\/securitybriefing.net\/, one of our main priorities is the privacy of our visitors. This Privacy Policy document contains types of information collected&hellip; L\u00e6s mere Privacy Policy","og_url":"https:\/\/securitybriefing.net\/da\/privatlivspolitik\/","og_site_name":"Security Briefing","article_modified_time":"2023-08-20T00:28:12+00:00","og_image":[{"width":1200,"height":300,"url":"https:\/\/securitybriefing.net\/wp-content\/uploads\/2025\/09\/main-logo-black.png","type":"image\/png"}],"twitter_card":"summary_large_image","twitter_misc":{"Estimeret l\u00e6setid":"6 minutter"},"schema":{"@context":"https:\/\/schema.org","@graph":[{"@type":"WebPage","@id":"https:\/\/securitybriefing.net\/privacy-policy\/","url":"https:\/\/securitybriefing.net\/privacy-policy\/","name":"Privatlivspolitik | Sikkerhedsbriefing","isPartOf":{"@id":"https:\/\/securitybriefing.net\/#website"},"datePublished":"2022-06-16T15:55:48+00:00","dateModified":"2023-08-20T00:28:12+00:00","breadcrumb":{"@id":"https:\/\/securitybriefing.net\/privacy-policy\/#breadcrumb"},"inLanguage":"da-DK","potentialAction":[{"@type":"ReadAction","target":["https:\/\/securitybriefing.net\/privacy-policy\/"]}]},{"@type":"BreadcrumbList","@id":"https:\/\/securitybriefing.net\/privacy-policy\/#breadcrumb","itemListElement":[{"@type":"ListItem","position":1,"name":"Home","item":"https:\/\/securitybriefing.net\/"},{"@type":"ListItem","position":2,"name":"Privacy Policy"}]},{"@type":"WebSite","@id":"https:\/\/securitybriefing.net\/#website","url":"https:\/\/securitybriefing.net\/","name":"Sikkerhedsbriefing","description":"Read cybersecurity news, online safety guides, cyber threat updates, and use free security tools from Security Briefing.","publisher":{"@id":"https:\/\/securitybriefing.net\/#organization"},"potentialAction":[{"@type":"SearchAction","target":{"@type":"EntryPoint","urlTemplate":"https:\/\/securitybriefing.net\/?s={search_term_string}"},"query-input":{"@type":"PropertyValueSpecification","valueRequired":true,"valueName":"search_term_string"}}],"inLanguage":"da-DK"},{"@type":"Organization","@id":"https:\/\/securitybriefing.net\/#organization","name":"Sikkerhedsbriefing","url":"https:\/\/securitybriefing.net\/","logo":{"@type":"ImageObject","inLanguage":"da-DK","@id":"https:\/\/securitybriefing.net\/#\/schema\/logo\/image\/","url":"https:\/\/securitybriefing.net\/wp-content\/uploads\/2023\/06\/security-briefing-logo-5.png","contentUrl":"https:\/\/securitybriefing.net\/wp-content\/uploads\/2023\/06\/security-briefing-logo-5.png","width":256,"height":70,"caption":"Security Briefing"},"image":{"@id":"https:\/\/securitybriefing.net\/#\/schema\/logo\/image\/"}}]}},"_links":{"self":[{"href":"https:\/\/securitybriefing.net\/da\/wp-json\/wp\/v2\/pages\/1819","targetHints":{"allow":["GET"]}}],"collection":[{"href":"https:\/\/securitybriefing.net\/da\/wp-json\/wp\/v2\/pages"}],"about":[{"href":"https:\/\/securitybriefing.net\/da\/wp-json\/wp\/v2\/types\/page"}],"author":[{"embeddable":true,"href":"https:\/\/securitybriefing.net\/da\/wp-json\/wp\/v2\/users\/1"}],"replies":[{"embeddable":true,"href":"https:\/\/securitybriefing.net\/da\/wp-json\/wp\/v2\/comments?post=1819"}],"version-history":[{"count":0,"href":"https:\/\/securitybriefing.net\/da\/wp-json\/wp\/v2\/pages\/1819\/revisions"}],"wp:attachment":[{"href":"https:\/\/securitybriefing.net\/da\/wp-json\/wp\/v2\/media?parent=1819"}],"curies":[{"name":"wp","href":"https:\/\/api.w.org\/{rel}","templated":true}]}}