{"id":4926,"date":"2025-11-27T00:36:14","date_gmt":"2025-11-27T00:36:14","guid":{"rendered":"https:\/\/securitybriefing.net\/?page_id=4926"},"modified":"2025-11-27T01:05:22","modified_gmt":"2025-11-27T01:05:22","slug":"kostenloser-hash-generator-verifizierer","status":"publish","type":"page","link":"https:\/\/securitybriefing.net\/de\/kostenloser-hash-generator-verifizierer\/","title":{"rendered":"Kostenloser Hash-Generator &amp; -Verifizierer"},"content":{"rendered":"<style>\n.img-blog-exp {\n    display: none;\n}\nh2 {\n    margin-top: -30px !important;\n    color: #01175e;\n}\n<\/style>\n\n<h2>Dateien-Hashes sofort erzeugen &amp; \u00fcberpr\u00fcfen<\/h2>\n<p style=\"margin-bottom: 40px;\"><strong>Hashes sind digitale Fingerabdr\u00fccke f\u00fcr Ihre Dateien.<\/strong> Verwenden Sie sie, um zu \u00fcberpr\u00fcfen, ob Downloads nicht manipuliert wurden, die Dateiintegrit\u00e4t zu pr\u00fcfen oder die Datenauthentizit\u00e4t zu best\u00e4tigen. Unser Tool unterst\u00fctzt MD5, SHA-1, SHA-256 und SHA-512 \u2014 alles wird lokal in Ihrem Browser verarbeitet.<\/p>\n\n    <div class=\"hash-tool\" data-theme=\"dark\">\n        <div class=\"ht-container\">\n            <h3 class=\"ht-title\">Hash-Generator &amp; Verifizierer<\/h3>\n            \n            <div class=\"ht-tabs\">\n                <button type=\"button\" class=\"ht-tab active\" data-tab=\"generate\">Hash erzeugen<\/button>\n                <button type=\"button\" class=\"ht-tab\" data-tab=\"verify\">Hash \u00fcberpr\u00fcfen<\/button>\n                <button type=\"button\" class=\"ht-tab\" data-tab=\"file\">Datei-Hash<\/button>\n            <\/div>\n            \n            <!-- Generate Tab -->\n            <div class=\"ht-panel active\" data-panel=\"generate\">\n                <div class=\"ht-input-group\">\n                    <label class=\"ht-label\">Text zum Hashen:<\/label>\n                    <textarea class=\"ht-textarea ht-input-text\" placeholder=\"Text eingeben, um Hash zu erzeugen...\" rows=\"4\"><\/textarea>\n                <\/div>\n                \n                <div class=\"ht-input-group\">\n                    <label class=\"ht-label\">Algorithmus:<\/label>\n                    <div class=\"ht-algorithm-select\">\n                        <label class=\"ht-algo-option\">\n                            <input type=\"radio\" name=\"gen-algo\" value=\"MD5\" checked>\n                            <span>MD5<\/span>\n                        <\/label>\n                        <label class=\"ht-algo-option\">\n                            <input type=\"radio\" name=\"gen-algo\" value=\"SHA-1\">\n                            <span>SHA-1<\/span>\n                        <\/label>\n                        <label class=\"ht-algo-option\">\n                            <input type=\"radio\" name=\"gen-algo\" value=\"SHA-256\">\n                            <span>SHA-256<\/span>\n                        <\/label>\n                        <label class=\"ht-algo-option\">\n                            <input type=\"radio\" name=\"gen-algo\" value=\"SHA-512\">\n                            <span>SHA-512<\/span>\n                        <\/label>\n                    <\/div>\n                <\/div>\n                \n                <button type=\"button\" class=\"ht-generate-btn\">\n                    <svg xmlns=\"http:\/\/www.w3.org\/2000\/svg\" width=\"18\" height=\"18\" viewbox=\"0 0 24 24\" fill=\"none\" stroke=\"currentColor\" stroke-width=\"2\">\n                        <circle cx=\"12\" cy=\"12\" r=\"10\"><\/circle>\n                        <path d=\"M9.09 9a3 3 0 0 1 5.83 1c0 2-3 3-3 3\"><\/path>\n                        <line x1=\"12\" y1=\"17\" x2=\"12.01\" y2=\"17\"><\/line>\n                    <\/svg>\n                    Hash erzeugen\n                <\/button>\n                \n                <div class=\"ht-result-group\" style=\"display: none;\">\n                    <label class=\"ht-label\">Erzeugter Hash:<\/label>\n                    <div class=\"ht-result-wrapper\">\n                        <input type=\"text\" class=\"ht-result-output\" readonly>\n                        <button type=\"button\" class=\"ht-copy-btn\" title=\"In die Zwischenablage kopieren\">\n                            <svg xmlns=\"http:\/\/www.w3.org\/2000\/svg\" width=\"18\" height=\"18\" viewbox=\"0 0 24 24\" fill=\"none\" stroke=\"currentColor\" stroke-width=\"2\">\n                                <rect x=\"9\" y=\"9\" width=\"13\" height=\"13\" rx=\"2\" ry=\"2\"><\/rect>\n                                <path d=\"M5 15H4a2 2 0 0 1-2-2V4a2 2 0 0 1 2-2h9a2 2 0 0 1 2 2v1\"><\/path>\n                            <\/svg>\n                        <\/button>\n                    <\/div>\n                    <div class=\"ht-hash-info\">\n                        <span class=\"ht-algo-badge\"><\/span>\n                        <span class=\"ht-hash-length\"><\/span>\n                    <\/div>\n                <\/div>\n            <\/div>\n            \n            <!-- Verify Tab -->\n            <div class=\"ht-panel\" data-panel=\"verify\">\n                <div class=\"ht-input-group\">\n                    <label class=\"ht-label\">Originaltext:<\/label>\n                    <textarea class=\"ht-textarea ht-verify-text\" placeholder=\"Originaltext eingeben...\" rows=\"3\"><\/textarea>\n                <\/div>\n                \n                <div class=\"ht-input-group\">\n                    <label class=\"ht-label\">Zu \u00fcberpr\u00fcfender Hash:<\/label>\n                    <input type=\"text\" class=\"ht-input ht-verify-hash\" placeholder=\"Hash eingeben, um zu \u00fcberpr\u00fcfen...\">\n                <\/div>\n                \n                <div class=\"ht-input-group\">\n                    <label class=\"ht-label\">Algorithmus:<\/label>\n                    <div class=\"ht-algorithm-select\">\n                        <label class=\"ht-algo-option\">\n                            <input type=\"radio\" name=\"verify-algo\" value=\"MD5\" checked>\n                            <span>MD5<\/span>\n                        <\/label>\n                        <label class=\"ht-algo-option\">\n                            <input type=\"radio\" name=\"verify-algo\" value=\"SHA-1\">\n                            <span>SHA-1<\/span>\n                        <\/label>\n                        <label class=\"ht-algo-option\">\n                            <input type=\"radio\" name=\"verify-algo\" value=\"SHA-256\">\n                            <span>SHA-256<\/span>\n                        <\/label>\n                        <label class=\"ht-algo-option\">\n                            <input type=\"radio\" name=\"verify-algo\" value=\"SHA-512\">\n                            <span>SHA-512<\/span>\n                        <\/label>\n                        <label class=\"ht-algo-option\">\n                            <input type=\"radio\" name=\"verify-algo\" value=\"AUTO\">\n                            <span>Automatische Erkennung<\/span>\n                        <\/label>\n                    <\/div>\n                <\/div>\n                \n                <button type=\"button\" class=\"ht-verify-btn\">\n                    <svg xmlns=\"http:\/\/www.w3.org\/2000\/svg\" width=\"18\" height=\"18\" viewbox=\"0 0 24 24\" fill=\"none\" stroke=\"currentColor\" stroke-width=\"2\">\n                        <path d=\"M22 11.08V12a10 10 0 1 1-5.93-9.14\"><\/path>\n                        <polyline points=\"22 4 12 14.01 9 11.01\"><\/polyline>\n                    <\/svg>\n                    Hash \u00fcberpr\u00fcfen\n                <\/button>\n                \n                <div class=\"ht-verify-result\" style=\"display: none;\">\n                    <div class=\"ht-verify-status\">\n                        <span class=\"ht-status-icon\"><\/span>\n                        <span class=\"ht-status-text\"><\/span>\n                    <\/div>\n                    <div class=\"ht-verify-details\"><\/div>\n                <\/div>\n            <\/div>\n            \n            <!-- File Tab -->\n            <div class=\"ht-panel\" data-panel=\"file\">\n                <div class=\"ht-file-drop\">\n                    <input type=\"file\" class=\"ht-file-input\" id=\"ht-file-input\">\n                    <label for=\"ht-file-input\" class=\"ht-file-label\">\n                        <svg xmlns=\"http:\/\/www.w3.org\/2000\/svg\" width=\"40\" height=\"40\" viewbox=\"0 0 24 24\" fill=\"none\" stroke=\"currentColor\" stroke-width=\"1.5\">\n                            <path d=\"M21 15v4a2 2 0 0 1-2 2H5a2 2 0 0 1-2-2v-4\"><\/path>\n                            <polyline points=\"17 8 12 3 7 8\"><\/polyline>\n                            <line x1=\"12\" y1=\"3\" x2=\"12\" y2=\"15\"><\/line>\n                        <\/svg>\n                        <span class=\"ht-file-text\">Datei hier ablegen oder klicken, um auszuw\u00e4hlen<\/span>\n                        <span class=\"ht-file-name\"><\/span>\n                    <\/label>\n                <\/div>\n                \n                <div class=\"ht-input-group\">\n                    <label class=\"ht-label\">Algorithmus:<\/label>\n                    <div class=\"ht-algorithm-select\">\n                        <label class=\"ht-algo-option\">\n                            <input type=\"radio\" name=\"file-algo\" value=\"MD5\" checked>\n                            <span>MD5<\/span>\n                        <\/label>\n                        <label class=\"ht-algo-option\">\n                            <input type=\"radio\" name=\"file-algo\" value=\"SHA-1\">\n                            <span>SHA-1<\/span>\n                        <\/label>\n                        <label class=\"ht-algo-option\">\n                            <input type=\"radio\" name=\"file-algo\" value=\"SHA-256\">\n                            <span>SHA-256<\/span>\n                        <\/label>\n                        <label class=\"ht-algo-option\">\n                            <input type=\"radio\" name=\"file-algo\" value=\"SHA-512\">\n                            <span>SHA-512<\/span>\n                        <\/label>\n                    <\/div>\n                <\/div>\n                \n                <div class=\"ht-file-progress\" style=\"display: none;\">\n                    <div class=\"ht-progress-bar\">\n                        <div class=\"ht-progress-fill\"><\/div>\n                    <\/div>\n                    <span class=\"ht-progress-text\">Verarbeitung...<\/span>\n                <\/div>\n                \n                <div class=\"ht-file-result\" style=\"display: none;\">\n                    <label class=\"ht-label\">Datei-Hash:<\/label>\n                    <div class=\"ht-result-wrapper\">\n                        <input type=\"text\" class=\"ht-file-output\" readonly>\n                        <button type=\"button\" class=\"ht-copy-btn ht-copy-file\" title=\"In die Zwischenablage kopieren\">\n                            <svg xmlns=\"http:\/\/www.w3.org\/2000\/svg\" width=\"18\" height=\"18\" viewbox=\"0 0 24 24\" fill=\"none\" stroke=\"currentColor\" stroke-width=\"2\">\n                                <rect x=\"9\" y=\"9\" width=\"13\" height=\"13\" rx=\"2\" ry=\"2\"><\/rect>\n                                <path d=\"M5 15H4a2 2 0 0 1-2-2V4a2 2 0 0 1 2-2h9a2 2 0 0 1 2 2v1\"><\/path>\n                            <\/svg>\n                        <\/button>\n                    <\/div>\n                    <div class=\"ht-hash-info\">\n                        <span class=\"ht-algo-badge ht-file-algo-badge\"><\/span>\n                        <span class=\"ht-file-size\"><\/span>\n                    <\/div>\n                <\/div>\n            <\/div>\n            \n            <div class=\"ht-privacy-note\">\n                <svg xmlns=\"http:\/\/www.w3.org\/2000\/svg\" width=\"14\" height=\"14\" viewbox=\"0 0 24 24\" fill=\"none\" stroke=\"currentColor\" stroke-width=\"2\">\n                    <path d=\"M12 22s8-4 8-10V5l-8-3-8 3v7c0 6 8 10 8 10z\"\/>\n                    <polyline points=\"9 12 11 14 15 10\"\/>\n                <\/svg>\n                Alle Hashing-Prozesse werden lokal in Ihrem Browser durchgef\u00fchrt \u2014 nichts wird an einen Server gesendet\n            <\/div>\n        <\/div>\n    <\/div>","protected":false},"excerpt":{"rendered":"<p>Erzeugen &amp; \u00dcberpr\u00fcfen von Dateihashes Sofort Hashes sind digitale Fingerabdr\u00fccke f\u00fcr Ihre Dateien. Verwenden Sie sie, um zu \u00fcberpr\u00fcfen, ob Downloads nicht manipuliert wurden, die Dateiintegrit\u00e4t zu pr\u00fcfen oder die Datenauthentizit\u00e4t zu best\u00e4tigen. Unser\u2026 <a class=\"more-link\" href=\"https:\/\/securitybriefing.net\/de\/kostenloser-hash-generator-verifizierer\/\"><span class=\"screen-reader-text\">Kostenloser Hash-Generator &amp; -Verifizierer<\/span> read more<\/a><\/p>","protected":false},"author":3,"featured_media":0,"parent":0,"menu_order":0,"comment_status":"closed","ping_status":"closed","template":"","meta":{"footnotes":""},"class_list":["post-4926","page","type-page","status-publish","hentry","entry"],"yoast_head":"<!-- This site is optimized with the Yoast SEO plugin v26.8 - https:\/\/yoast.com\/product\/yoast-seo-wordpress\/ -->\n<title>Free Hash Generator &amp; Verifier | Security Briefing<\/title>\n<meta name=\"robots\" content=\"index, follow, max-snippet:-1, max-image-preview:large, max-video-preview:-1\" \/>\n<link rel=\"canonical\" href=\"https:\/\/securitybriefing.net\/de\/kostenloser-hash-generator-verifizierer\/\" \/>\n<meta property=\"og:locale\" content=\"de_DE\" \/>\n<meta property=\"og:type\" content=\"article\" \/>\n<meta property=\"og:title\" content=\"Free Hash Generator &amp; Verifier | Security Briefing\" \/>\n<meta property=\"og:description\" content=\"Generate &#038; Verify File Hashes Instantly Hashes are digital fingerprints for your files. Use them to verify downloads haven&#8217;t been tampered with, check file integrity, or confirm data authenticity. Our&hellip; Free Hash Generator &amp; Verifier weiterlesen\" \/>\n<meta property=\"og:url\" content=\"https:\/\/securitybriefing.net\/de\/kostenloser-hash-generator-verifizierer\/\" \/>\n<meta property=\"og:site_name\" content=\"Security Briefing\" \/>\n<meta property=\"article:modified_time\" content=\"2025-11-27T01:05:22+00:00\" \/>\n<meta property=\"og:image\" content=\"https:\/\/securitybriefing.net\/wp-content\/uploads\/2025\/09\/main-logo-black.png\" \/>\n\t<meta property=\"og:image:width\" content=\"1200\" \/>\n\t<meta property=\"og:image:height\" content=\"300\" \/>\n\t<meta property=\"og:image:type\" content=\"image\/png\" \/>\n<meta name=\"twitter:card\" content=\"summary_large_image\" \/>\n<meta name=\"twitter:label1\" content=\"Gesch\u00e4tzte Lesezeit\" \/>\n\t<meta name=\"twitter:data1\" content=\"1\u00a0Minute\" \/>\n<script type=\"application\/ld+json\" class=\"yoast-schema-graph\">{\"@context\":\"https:\/\/schema.org\",\"@graph\":[{\"@type\":\"WebPage\",\"@id\":\"https:\/\/securitybriefing.net\/free-hash-generator-verifier\/\",\"url\":\"https:\/\/securitybriefing.net\/free-hash-generator-verifier\/\",\"name\":\"Free Hash Generator &amp; Verifier | Security Briefing\",\"isPartOf\":{\"@id\":\"https:\/\/securitybriefing.net\/#website\"},\"datePublished\":\"2025-11-27T00:36:14+00:00\",\"dateModified\":\"2025-11-27T01:05:22+00:00\",\"breadcrumb\":{\"@id\":\"https:\/\/securitybriefing.net\/free-hash-generator-verifier\/#breadcrumb\"},\"inLanguage\":\"de\",\"potentialAction\":[{\"@type\":\"ReadAction\",\"target\":[\"https:\/\/securitybriefing.net\/free-hash-generator-verifier\/\"]}]},{\"@type\":\"BreadcrumbList\",\"@id\":\"https:\/\/securitybriefing.net\/free-hash-generator-verifier\/#breadcrumb\",\"itemListElement\":[{\"@type\":\"ListItem\",\"position\":1,\"name\":\"Home\",\"item\":\"https:\/\/securitybriefing.net\/\"},{\"@type\":\"ListItem\",\"position\":2,\"name\":\"Free Hash Generator &amp; Verifier\"}]},{\"@type\":\"WebSite\",\"@id\":\"https:\/\/securitybriefing.net\/#website\",\"url\":\"https:\/\/securitybriefing.net\/\",\"name\":\"Security Briefing\",\"description\":\"Read cybersecurity news, online safety guides, cyber threat updates, and use free security tools from Security Briefing.\",\"publisher\":{\"@id\":\"https:\/\/securitybriefing.net\/#organization\"},\"potentialAction\":[{\"@type\":\"SearchAction\",\"target\":{\"@type\":\"EntryPoint\",\"urlTemplate\":\"https:\/\/securitybriefing.net\/?s={search_term_string}\"},\"query-input\":{\"@type\":\"PropertyValueSpecification\",\"valueRequired\":true,\"valueName\":\"search_term_string\"}}],\"inLanguage\":\"de\"},{\"@type\":\"Organization\",\"@id\":\"https:\/\/securitybriefing.net\/#organization\",\"name\":\"Security Briefing\",\"url\":\"https:\/\/securitybriefing.net\/\",\"logo\":{\"@type\":\"ImageObject\",\"inLanguage\":\"de\",\"@id\":\"https:\/\/securitybriefing.net\/#\/schema\/logo\/image\/\",\"url\":\"https:\/\/securitybriefing.net\/wp-content\/uploads\/2023\/06\/security-briefing-logo-5.png\",\"contentUrl\":\"https:\/\/securitybriefing.net\/wp-content\/uploads\/2023\/06\/security-briefing-logo-5.png\",\"width\":256,\"height\":70,\"caption\":\"Security Briefing\"},\"image\":{\"@id\":\"https:\/\/securitybriefing.net\/#\/schema\/logo\/image\/\"}}]}<\/script>\n<!-- \/ Yoast SEO plugin. -->","yoast_head_json":{"title":"Kostenloser Hash-Generator &amp; Verifizierer | Sicherheitsbriefing","robots":{"index":"index","follow":"follow","max-snippet":"max-snippet:-1","max-image-preview":"max-image-preview:large","max-video-preview":"max-video-preview:-1"},"canonical":"https:\/\/securitybriefing.net\/de\/kostenloser-hash-generator-verifizierer\/","og_locale":"de_DE","og_type":"article","og_title":"Free Hash Generator &amp; Verifier | Security Briefing","og_description":"Generate &#038; Verify File Hashes Instantly Hashes are digital fingerprints for your files. Use them to verify downloads haven&#8217;t been tampered with, check file integrity, or confirm data authenticity. Our&hellip; Free Hash Generator &amp; Verifier weiterlesen","og_url":"https:\/\/securitybriefing.net\/de\/kostenloser-hash-generator-verifizierer\/","og_site_name":"Security Briefing","article_modified_time":"2025-11-27T01:05:22+00:00","og_image":[{"width":1200,"height":300,"url":"https:\/\/securitybriefing.net\/wp-content\/uploads\/2025\/09\/main-logo-black.png","type":"image\/png"}],"twitter_card":"summary_large_image","twitter_misc":{"Gesch\u00e4tzte Lesezeit":"1\u00a0Minute"},"schema":{"@context":"https:\/\/schema.org","@graph":[{"@type":"WebPage","@id":"https:\/\/securitybriefing.net\/free-hash-generator-verifier\/","url":"https:\/\/securitybriefing.net\/free-hash-generator-verifier\/","name":"Kostenloser Hash-Generator &amp; Verifizierer | Sicherheitsbriefing","isPartOf":{"@id":"https:\/\/securitybriefing.net\/#website"},"datePublished":"2025-11-27T00:36:14+00:00","dateModified":"2025-11-27T01:05:22+00:00","breadcrumb":{"@id":"https:\/\/securitybriefing.net\/free-hash-generator-verifier\/#breadcrumb"},"inLanguage":"de","potentialAction":[{"@type":"ReadAction","target":["https:\/\/securitybriefing.net\/free-hash-generator-verifier\/"]}]},{"@type":"BreadcrumbList","@id":"https:\/\/securitybriefing.net\/free-hash-generator-verifier\/#breadcrumb","itemListElement":[{"@type":"ListItem","position":1,"name":"Home","item":"https:\/\/securitybriefing.net\/"},{"@type":"ListItem","position":2,"name":"Free Hash Generator &amp; Verifier"}]},{"@type":"WebSite","@id":"https:\/\/securitybriefing.net\/#website","url":"https:\/\/securitybriefing.net\/","name":"Sicherheitsbriefing","description":"Read cybersecurity news, online safety guides, cyber threat updates, and use free security tools from Security Briefing.","publisher":{"@id":"https:\/\/securitybriefing.net\/#organization"},"potentialAction":[{"@type":"SearchAction","target":{"@type":"EntryPoint","urlTemplate":"https:\/\/securitybriefing.net\/?s={search_term_string}"},"query-input":{"@type":"PropertyValueSpecification","valueRequired":true,"valueName":"search_term_string"}}],"inLanguage":"de"},{"@type":"Organization","@id":"https:\/\/securitybriefing.net\/#organization","name":"Sicherheitsbriefing","url":"https:\/\/securitybriefing.net\/","logo":{"@type":"ImageObject","inLanguage":"de","@id":"https:\/\/securitybriefing.net\/#\/schema\/logo\/image\/","url":"https:\/\/securitybriefing.net\/wp-content\/uploads\/2023\/06\/security-briefing-logo-5.png","contentUrl":"https:\/\/securitybriefing.net\/wp-content\/uploads\/2023\/06\/security-briefing-logo-5.png","width":256,"height":70,"caption":"Security Briefing"},"image":{"@id":"https:\/\/securitybriefing.net\/#\/schema\/logo\/image\/"}}]}},"_links":{"self":[{"href":"https:\/\/securitybriefing.net\/de\/wp-json\/wp\/v2\/pages\/4926","targetHints":{"allow":["GET"]}}],"collection":[{"href":"https:\/\/securitybriefing.net\/de\/wp-json\/wp\/v2\/pages"}],"about":[{"href":"https:\/\/securitybriefing.net\/de\/wp-json\/wp\/v2\/types\/page"}],"author":[{"embeddable":true,"href":"https:\/\/securitybriefing.net\/de\/wp-json\/wp\/v2\/users\/3"}],"replies":[{"embeddable":true,"href":"https:\/\/securitybriefing.net\/de\/wp-json\/wp\/v2\/comments?post=4926"}],"version-history":[{"count":4,"href":"https:\/\/securitybriefing.net\/de\/wp-json\/wp\/v2\/pages\/4926\/revisions"}],"predecessor-version":[{"id":4934,"href":"https:\/\/securitybriefing.net\/de\/wp-json\/wp\/v2\/pages\/4926\/revisions\/4934"}],"wp:attachment":[{"href":"https:\/\/securitybriefing.net\/de\/wp-json\/wp\/v2\/media?parent=4926"}],"curies":[{"name":"wp","href":"https:\/\/api.w.org\/{rel}","templated":true}]}}