{"id":1819,"date":"2022-06-16T15:55:48","date_gmt":"2022-06-16T15:55:48","guid":{"rendered":"http:\/\/securitybriefing.net\/?page_id=3"},"modified":"2023-08-20T00:28:12","modified_gmt":"2023-08-20T00:28:12","slug":"adatvedelmi-szabalyzat","status":"publish","type":"page","link":"https:\/\/securitybriefing.net\/hu\/adatvedelmi-szabalyzat\/","title":{"rendered":"Adatv\u00e9delmi ir\u00e1nyelvek"},"content":{"rendered":"<h2 class=\"wp-block-heading\" id=\"privacy-policy-for-securitybriefingnet\">Adatv\u00e9delmi ir\u00e1nyelvek a securitybriefing.net sz\u00e1m\u00e1ra<\/h2>\n\n\n<p>A Security Briefingn\u00e9l, amely el\u00e9rhet\u0151 a <a href=\"https:\/\/securitybriefing.net\/hu\/\">https:\/\/securitybriefing.net<\/a>\/, egyik f\u0151 priorit\u00e1sunk a l\u00e1togat\u00f3ink adatainak v\u00e9delme. Ez az Adatv\u00e9delmi ir\u00e1nyelv dokumentum tartalmazza azokat az inform\u00e1ci\u00f3t\u00edpusokat, amelyeket a Security Briefing gy\u0171jt \u00e9s r\u00f6gz\u00edt, valamint azt, hogyan haszn\u00e1ljuk fel ezeket.<\/p>\n\n\n\n<p>Ha tov\u00e1bbi k\u00e9rd\u00e9sei vannak, vagy tov\u00e1bbi inform\u00e1ci\u00f3ra van sz\u00fcks\u00e9ge az Adatv\u00e9delmi ir\u00e1nyelveinkkel kapcsolatban, ne habozzon kapcsolatba l\u00e9pni vel\u00fcnk.<\/p>\n\n\n\n<p>Ez az Adatv\u00e9delmi ir\u00e1nyelv csak az online tev\u00e9kenys\u00e9geinkre vonatkozik, \u00e9s \u00e9rv\u00e9nyes a weboldalunk l\u00e1togat\u00f3i sz\u00e1m\u00e1ra az \u00e1ltaluk megosztott \u00e9s\/vagy a Security Briefingben gy\u0171jt\u00f6tt inform\u00e1ci\u00f3k tekintet\u00e9ben. Ez az ir\u00e1nyelv nem vonatkozik az offline gy\u0171jt\u00f6tt vagy m\u00e1s csatorn\u00e1kon kereszt\u00fcl szerzett inform\u00e1ci\u00f3kra, mint ez a weboldal. <\/p>\n\n\n<h2 class=\"wp-block-heading\" id=\"consent\">Hozz\u00e1j\u00e1rul\u00e1s<\/h2>\n\n\n<p>A weboldalunk haszn\u00e1lat\u00e1val \u00d6n hozz\u00e1j\u00e1rul az Adatv\u00e9delmi ir\u00e1nyelveinkhez, \u00e9s elfogadja annak felt\u00e9teleit.<\/p>\n\n\n<h2 class=\"wp-block-heading\" id=\"information-we-collect\">Az \u00e1ltalunk gy\u0171jt\u00f6tt inform\u00e1ci\u00f3k<\/h2>\n\n\n<p>Az a szem\u00e9lyes inform\u00e1ci\u00f3, amelyet k\u00e9r\u00fcnk \u00d6nt\u0151l, \u00e9s az okok, ami\u00e9rt ezt k\u00e9rj\u00fck, vil\u00e1gosan k\u00f6z\u00f6lve lesznek \u00d6nnel abban a pontban, amikor k\u00e9rj\u00fck, hogy adja meg szem\u00e9lyes adatait.<\/p>\n\n\n\n<p>Ha k\u00f6zvetlen\u00fcl kapcsolatba l\u00e9p vel\u00fcnk, tov\u00e1bbi inform\u00e1ci\u00f3kat kaphatunk \u00d6nr\u0151l, p\u00e9ld\u00e1ul nev\u00e9t, e-mail c\u00edm\u00e9t, telefonsz\u00e1m\u00e1t, az \u00fczenet tartalm\u00e1t \u00e9s\/vagy a mell\u00e9kleteket, amelyeket k\u00fcldhet nek\u00fcnk, valamint b\u00e1rmilyen m\u00e1s inform\u00e1ci\u00f3t, amelyet megosztani k\u00edv\u00e1n.<\/p>\n\n\n\n<p>Amikor regisztr\u00e1l egy fi\u00f3kot, k\u00e9rhetj\u00fck az el\u00e9rhet\u0151s\u00e9gi adatait, bele\u00e9rtve olyan elemeket, mint a n\u00e9v, c\u00e9g neve, c\u00edm, e-mail c\u00edm \u00e9s telefonsz\u00e1m.<\/p>\n\n\n<h2 class=\"wp-block-heading\" id=\"how-we-use-your-information\">Hogyan haszn\u00e1ljuk fel az inform\u00e1ci\u00f3it<\/h2>\n\n\n<p>Az \u00e1ltalunk gy\u0171jt\u00f6tt inform\u00e1ci\u00f3kat k\u00fcl\u00f6nb\u00f6z\u0151 m\u00f3dokon haszn\u00e1ljuk fel, t\u00f6bbek k\u00f6z\u00f6tt:<\/p>\n\n\n\n<ul class=\"wp-block-list\"><li>Weboldalunk biztos\u00edt\u00e1sa, \u00fczemeltet\u00e9se \u00e9s karbantart\u00e1sa<\/li><li>Weboldalunk fejleszt\u00e9se, szem\u00e9lyre szab\u00e1sa \u00e9s b\u0151v\u00edt\u00e9se<\/li><li>Meg\u00e9rteni \u00e9s elemezni, hogyan haszn\u00e1lja weboldalunkat<\/li><li>\u00daj term\u00e9kek, szolg\u00e1ltat\u00e1sok, funkci\u00f3k \u00e9s funkcionalit\u00e1s fejleszt\u00e9se<\/li><li>Kapcsolattart\u00e1s \u00d6nnel, ak\u00e1r k\u00f6zvetlen\u00fcl, ak\u00e1r valamelyik partner\u00fcnk\u00f6n kereszt\u00fcl, bele\u00e9rtve az \u00fcgyf\u00e9lszolg\u00e1latot, hogy friss\u00edt\u00e9seket \u00e9s egy\u00e9b, a weboldallal kapcsolatos inform\u00e1ci\u00f3kat ny\u00fajtsunk \u00d6nnek, valamint marketing \u00e9s prom\u00f3ci\u00f3s c\u00e9lokra<\/li><li>E-mailek k\u00fcld\u00e9se \u00d6nnek<\/li><li>Csal\u00e1s felder\u00edt\u00e9se \u00e9s megel\u0151z\u00e9se<\/li><\/ul>\n\n\n<h2 class=\"wp-block-heading\" id=\"log-files\">Napl\u00f3f\u00e1jlok<\/h2>\n\n\n<p>A Security Briefing a napl\u00f3f\u00e1jlok haszn\u00e1lat\u00e1nak szok\u00e1sos elj\u00e1r\u00e1s\u00e1t k\u00f6veti. Ezek a f\u00e1jlok napl\u00f3zz\u00e1k a l\u00e1togat\u00f3kat, amikor megl\u00e1togatj\u00e1k a weboldalakat. Minden t\u00e1rhelyszolg\u00e1ltat\u00f3 c\u00e9g ezt teszi, \u00e9s a t\u00e1rhelyszolg\u00e1ltat\u00e1sok elemz\u00e9s\u00e9nek r\u00e9sze. A napl\u00f3f\u00e1jlok \u00e1ltal gy\u0171jt\u00f6tt inform\u00e1ci\u00f3k k\u00f6z\u00e9 tartoznak az internetprotokoll (IP) c\u00edmek, b\u00f6ng\u00e9sz\u0151t\u00edpus, internetszolg\u00e1ltat\u00f3 (ISP), d\u00e1tum \u00e9s id\u0151b\u00e9lyeg, hivatkoz\u00f3\/kil\u00e9p\u0151 oldalak, \u00e9s esetleg a kattint\u00e1sok sz\u00e1ma. Ezek nem kapcsol\u00f3dnak semmilyen szem\u00e9lyesen azonos\u00edthat\u00f3 inform\u00e1ci\u00f3hoz. Az inform\u00e1ci\u00f3 c\u00e9lja a trendek elemz\u00e9se, a webhely adminisztr\u00e1l\u00e1sa, a felhaszn\u00e1l\u00f3k mozg\u00e1s\u00e1nak nyomon k\u00f6vet\u00e9se a weboldalon, \u00e9s demogr\u00e1fiai inform\u00e1ci\u00f3k gy\u0171jt\u00e9se.<\/p>\n\n\n<h2 class=\"wp-block-heading\" id=\"cookies-and-web-beacons\">S\u00fctik \u00e9s webjelz\u0151k<\/h2>\n\n\n<p>Mint b\u00e1rmely m\u00e1s weboldal, a Security Briefing is haszn\u00e1l \u2018s\u00fctiket\u2019. Ezeket a s\u00fctiket arra haszn\u00e1lj\u00e1k, hogy inform\u00e1ci\u00f3kat t\u00e1roljanak, bele\u00e9rtve a l\u00e1togat\u00f3k preferenci\u00e1it, \u00e9s azokat az oldalakat a weboldalon, amelyeket a l\u00e1togat\u00f3 el\u00e9rt vagy megl\u00e1togatott. Az inform\u00e1ci\u00f3t arra haszn\u00e1lj\u00e1k, hogy optimaliz\u00e1lj\u00e1k a felhaszn\u00e1l\u00f3k \u00e9lm\u00e9ny\u00e9t az\u00e1ltal, hogy testre szabj\u00e1k a weboldalunk tartalm\u00e1t a l\u00e1togat\u00f3k b\u00f6ng\u00e9sz\u0151t\u00edpusa \u00e9s\/vagy egy\u00e9b inform\u00e1ci\u00f3k alapj\u00e1n.<\/p>\n\n\n<h2 class=\"wp-block-heading\" id=\"our-advertising-partners\">Hirdet\u00e9si partnereink<\/h2>\n\n\n<p>Weboldalunkon n\u00e9h\u00e1ny hirdet\u0151 haszn\u00e1lhat s\u00fctiket \u00e9s webjelz\u0151ket. Hirdet\u00e9si partnereink az al\u00e1bbiakban vannak felsorolva. Minden hirdet\u00e9si partner\u00fcnknek saj\u00e1t Adatv\u00e9delmi ir\u00e1nyelve van a felhaszn\u00e1l\u00f3i adatokra vonatkoz\u00f3 ir\u00e1nyelveikr\u0151l. Az egyszer\u0171bb hozz\u00e1f\u00e9r\u00e9s \u00e9rdek\u00e9ben az al\u00e1bbiakban hiperhivatkoz\u00e1st adtunk meg az Adatv\u00e9delmi ir\u00e1nyelveikhez.<\/p>\n\n\n\n<ul class=\"wp-block-list\"><li>Google<a href=\"https:\/\/policies.google.com\/technologies\/ads\">https:\/\/policies.google.com\/technologies\/ads<\/a><\/li><\/ul>\n\n\n<h2 class=\"wp-block-heading\" id=\"advertising-partners-privacy-policies\">Hirdet\u00e9si partnerek adatv\u00e9delmi ir\u00e1nyelvei<\/h2>\n\n\n<p>Ezt a list\u00e1t konzult\u00e1lhatja, hogy megtal\u00e1lja a Security Briefing hirdet\u00e9si partnereinek Adatv\u00e9delmi ir\u00e1nyelveit.<\/p>\n\n\n\n<p>A harmadik f\u00e9l hirdet\u00e9sszerverek vagy hirdet\u00e9si h\u00e1l\u00f3zatok olyan technol\u00f3gi\u00e1kat haszn\u00e1lnak, mint a s\u00fctik, JavaScript vagy webjelz\u0151k, amelyeket a Security Briefingen megjelen\u0151 hirdet\u00e9seikben \u00e9s linkjeikben haszn\u00e1lnak, amelyek k\u00f6zvetlen\u00fcl a felhaszn\u00e1l\u00f3k b\u00f6ng\u00e9sz\u0151j\u00e9be ker\u00fclnek. Automatikusan megkapj\u00e1k az IP-c\u00edm\u00e9t, amikor ez megt\u00f6rt\u00e9nik. Ezeket a technol\u00f3gi\u00e1kat arra haszn\u00e1lj\u00e1k, hogy m\u00e9rj\u00e9k hirdet\u00e9si kamp\u00e1nyaik hat\u00e9konys\u00e1g\u00e1t \u00e9s\/vagy szem\u00e9lyre szabj\u00e1k a hirdet\u00e9si tartalmat, amelyet a megl\u00e1togatott weboldalakon l\u00e1t.<\/p>\n\n\n\n<p>Vegye figyelembe, hogy a Security Briefingnek nincs hozz\u00e1f\u00e9r\u00e9se vagy ellen\u0151rz\u00e9se ezekhez a s\u00fctikhez, amelyeket harmadik f\u00e9l hirdet\u0151k haszn\u00e1lnak.<\/p>\n\n\n<h2 class=\"wp-block-heading\" id=\"third-party-privacy-policies\">Harmadik f\u00e9l adatv\u00e9delmi ir\u00e1nyelvei<\/h2>\n\n\n<p>A Security Briefing adatv\u00e9delmi ir\u00e1nyelvei nem vonatkoznak m\u00e1s hirdet\u0151kre vagy weboldalakra. Ez\u00e9rt javasoljuk, hogy konzult\u00e1ljon ezeknek a harmadik f\u00e9l hirdet\u00e9sszervereknek a saj\u00e1t Adatv\u00e9delmi ir\u00e1nyelveivel r\u00e9szletesebb inform\u00e1ci\u00f3k\u00e9rt. Ez mag\u00e1ban foglalhatja a gyakorlatukat \u00e9s az utas\u00edt\u00e1sokat arra vonatkoz\u00f3an, hogyan lehet leiratkozni bizonyos lehet\u0151s\u00e9gekr\u0151l.<\/p>\n\n\n\n<p>A b\u00f6ng\u00e9sz\u0151 be\u00e1ll\u00edt\u00e1sain kereszt\u00fcl d\u00f6nthet \u00fagy, hogy letiltja a s\u00fctiket. A s\u00fctik kezel\u00e9s\u00e9vel kapcsolatos r\u00e9szletesebb inform\u00e1ci\u00f3k a konkr\u00e9t webb\u00f6ng\u00e9sz\u0151kkel kapcsolatban megtal\u00e1lhat\u00f3k a b\u00f6ng\u00e9sz\u0151k saj\u00e1t weboldalain.<\/p>\n\n\n<h2 class=\"wp-block-heading\" id=\"ccpa-privacy-rights-do-not-sell-my-personal-information\">CCPA adatv\u00e9delmi jogok (Ne adja el szem\u00e9lyes adataimat)<\/h2>\n\n\n<p>A CCPA \u00e9rtelm\u00e9ben, t\u00f6bbek k\u00f6z\u00f6tt, a kaliforniai fogyaszt\u00f3knak joguk van:<\/p>\n\n\n\n<p>K\u00e9rni, hogy egy v\u00e1llalkoz\u00e1s, amely fogyaszt\u00f3i szem\u00e9lyes adatokat gy\u0171jt, k\u00f6z\u00f6lje azokat a kateg\u00f3ri\u00e1kat \u00e9s konkr\u00e9t szem\u00e9lyes adatokat, amelyeket a v\u00e1llalkoz\u00e1s gy\u0171jt\u00f6tt a fogyaszt\u00f3kr\u00f3l.<\/p>\n\n\n\n<p>K\u00e9rni, hogy egy v\u00e1llalkoz\u00e1s t\u00f6r\u00f6lje a fogyaszt\u00f3r\u00f3l gy\u0171jt\u00f6tt szem\u00e9lyes adatokat.<\/p>\n\n\n\n<p>K\u00e9rni, hogy egy v\u00e1llalkoz\u00e1s, amely eladja a fogyaszt\u00f3 szem\u00e9lyes adatait, ne adja el a fogyaszt\u00f3 szem\u00e9lyes adatait.<\/p>\n\n\n\n<p>Ha k\u00e9r\u00e9st tesz, egy h\u00f3nap \u00e1ll rendelkez\u00e9s\u00fcnkre, hogy v\u00e1laszoljunk \u00d6nnek. K\u00e9rj\u00fck, l\u00e9pjen kapcsolatba vel\u00fcnk, ha szeretn\u00e9 gyakorolni ezeket a jogokat.<\/p>\n\n\n<h2 class=\"wp-block-heading\" id=\"gdpr-data-protection-rights\">GDPR adatv\u00e9delmi jogok<\/h2>\n\n\n<p>Szeretn\u00e9nk biztos\u00edtani, hogy teljes m\u00e9rt\u00e9kben tiszt\u00e1ban legyen az \u00f6sszes adatv\u00e9delmi jog\u00e1val. Minden felhaszn\u00e1l\u00f3 jogosult a k\u00f6vetkez\u0151kre:<\/p>\n\n\n\n<p>A hozz\u00e1f\u00e9r\u00e9s joga \u2013 \u00d6n jogosult m\u00e1solatokat k\u00e9rni a szem\u00e9lyes adatair\u00f3l. Kis d\u00edjat sz\u00e1m\u00edthatunk fel ez\u00e9rt a szolg\u00e1ltat\u00e1s\u00e9rt.<\/p>\n\n\n\n<p>A helyesb\u00edt\u00e9s joga \u2013 \u00d6n jogosult k\u00e9rni, hogy jav\u00edtsuk ki az \u00d6n \u00e1ltal pontatlannak v\u00e9lt inform\u00e1ci\u00f3kat. \u00d6n jogosult k\u00e9rni, hogy eg\u00e9sz\u00edts\u00fck ki az \u00d6n \u00e1ltal hi\u00e1nyosnak v\u00e9lt inform\u00e1ci\u00f3kat.<\/p>\n\n\n\n<p>A t\u00f6rl\u00e9s joga \u2013 \u00d6n jogosult k\u00e9rni, hogy t\u00f6r\u00f6lj\u00fck a szem\u00e9lyes adatait, bizonyos felt\u00e9telek mellett.<\/p>\n\n\n\n<p>A feldolgoz\u00e1s korl\u00e1toz\u00e1s\u00e1nak joga \u2013 \u00d6n jogosult k\u00e9rni, hogy korl\u00e1tozzuk szem\u00e9lyes adatainak feldolgoz\u00e1s\u00e1t, bizonyos felt\u00e9telek mellett.<\/p>\n\n\n\n<p>A feldolgoz\u00e1s elleni tiltakoz\u00e1s joga \u2013 \u00d6n jogosult tiltakozni az adatainak feldolgoz\u00e1sa ellen, bizonyos felt\u00e9telek mellett.<\/p>\n\n\n\n<p>Az adathordozhat\u00f3s\u00e1g joga \u2013 \u00d6n jogosult k\u00e9rni, hogy az \u00e1ltalunk gy\u0171jt\u00f6tt adatokat \u00e1tadjuk egy m\u00e1sik szervezetnek, vagy k\u00f6zvetlen\u00fcl \u00d6nnek, bizonyos felt\u00e9telek mellett.<\/p>\n\n\n\n<p>Ha k\u00e9r\u00e9st tesz, egy h\u00f3nap \u00e1ll rendelkez\u00e9s\u00fcnkre, hogy v\u00e1laszoljunk \u00d6nnek. K\u00e9rj\u00fck, l\u00e9pjen kapcsolatba vel\u00fcnk, ha szeretn\u00e9 gyakorolni ezeket a jogokat.<\/p>\n\n\n<h2 class=\"wp-block-heading\" id=\"childrens-information\">Gyermekek inform\u00e1ci\u00f3i<\/h2>\n\n\n<p>Egy m\u00e1sik priorit\u00e1sunk a gyermekek v\u00e9delm\u00e9nek n\u00f6vel\u00e9se az internet haszn\u00e1lata sor\u00e1n. B\u00e1tor\u00edtjuk a sz\u00fcl\u0151ket \u00e9s gondvisel\u0151ket, hogy figyelj\u00e9k, vegyenek r\u00e9szt, \u00e9s\/vagy ir\u00e1ny\u00edts\u00e1k \u00e9s vezess\u00e9k online tev\u00e9kenys\u00e9g\u00fcket.<\/p>\n\n\n\n<p>A Security Briefing tudatosan nem gy\u0171jt semmilyen szem\u00e9lyesen azonos\u00edthat\u00f3 inform\u00e1ci\u00f3t 13 \u00e9v alatti gyermekekt\u0151l. Ha \u00fagy gondolja, hogy gyermeke ilyen jelleg\u0171 inform\u00e1ci\u00f3t adott meg weboldalunkon, er\u0151sen b\u00e1tor\u00edtjuk, hogy azonnal l\u00e9pjen kapcsolatba vel\u00fcnk, \u00e9s mindent megtesz\u00fcnk annak \u00e9rdek\u00e9ben, hogy az ilyen inform\u00e1ci\u00f3kat azonnal elt\u00e1vol\u00edtsuk nyilv\u00e1ntart\u00e1sainkb\u00f3l.<\/p>","protected":false},"excerpt":{"rendered":"<p>Privacy Policy for securitybriefing.net At Security Briefing, accessible from https:\/\/securitybriefing.net\/, one of our main priorities is the privacy of our visitors. This Privacy Policy document contains types of information collected&hellip; <a class=\"more-link\" href=\"https:\/\/securitybriefing.net\/hu\/adatvedelmi-szabalyzat\/\">Folytat\u00e1s <span class=\"screen-reader-text\">Adatv\u00e9delmi ir\u00e1nyelvek<\/span><\/a><\/p>","protected":false},"author":1,"featured_media":0,"parent":0,"menu_order":0,"comment_status":"closed","ping_status":"closed","template":"","meta":{"footnotes":""},"class_list":["post-1819","page","type-page","status-publish","hentry","entry"],"yoast_head":"<!-- This site is optimized with the Yoast SEO plugin v26.8 - https:\/\/yoast.com\/product\/yoast-seo-wordpress\/ -->\n<title>Privacy Policy | Security Briefing<\/title>\n<meta name=\"robots\" content=\"index, follow, max-snippet:-1, max-image-preview:large, max-video-preview:-1\" \/>\n<link rel=\"canonical\" href=\"https:\/\/securitybriefing.net\/hu\/adatvedelmi-szabalyzat\/\" \/>\n<meta property=\"og:locale\" content=\"hu_HU\" \/>\n<meta property=\"og:type\" content=\"article\" \/>\n<meta property=\"og:title\" content=\"Privacy Policy | Security Briefing\" \/>\n<meta property=\"og:description\" content=\"Privacy Policy for securitybriefing.net At Security Briefing, accessible from https:\/\/securitybriefing.net\/, one of our main priorities is the privacy of our visitors. This Privacy Policy document contains types of information collected&hellip; Continue reading Privacy Policy\" \/>\n<meta property=\"og:url\" content=\"https:\/\/securitybriefing.net\/hu\/adatvedelmi-szabalyzat\/\" \/>\n<meta property=\"og:site_name\" content=\"Security Briefing\" \/>\n<meta property=\"article:modified_time\" content=\"2023-08-20T00:28:12+00:00\" \/>\n<meta property=\"og:image\" content=\"https:\/\/securitybriefing.net\/wp-content\/uploads\/2025\/09\/main-logo-black.png\" \/>\n\t<meta property=\"og:image:width\" content=\"1200\" \/>\n\t<meta property=\"og:image:height\" content=\"300\" \/>\n\t<meta property=\"og:image:type\" content=\"image\/png\" \/>\n<meta name=\"twitter:card\" content=\"summary_large_image\" \/>\n<meta name=\"twitter:label1\" content=\"Becs\u00fclt olvas\u00e1si id\u0151\" \/>\n\t<meta name=\"twitter:data1\" content=\"6 perc\" \/>\n<script type=\"application\/ld+json\" class=\"yoast-schema-graph\">{\"@context\":\"https:\/\/schema.org\",\"@graph\":[{\"@type\":\"WebPage\",\"@id\":\"https:\/\/securitybriefing.net\/privacy-policy\/\",\"url\":\"https:\/\/securitybriefing.net\/privacy-policy\/\",\"name\":\"Privacy Policy | Security Briefing\",\"isPartOf\":{\"@id\":\"https:\/\/securitybriefing.net\/#website\"},\"datePublished\":\"2022-06-16T15:55:48+00:00\",\"dateModified\":\"2023-08-20T00:28:12+00:00\",\"breadcrumb\":{\"@id\":\"https:\/\/securitybriefing.net\/privacy-policy\/#breadcrumb\"},\"inLanguage\":\"hu\",\"potentialAction\":[{\"@type\":\"ReadAction\",\"target\":[\"https:\/\/securitybriefing.net\/privacy-policy\/\"]}]},{\"@type\":\"BreadcrumbList\",\"@id\":\"https:\/\/securitybriefing.net\/privacy-policy\/#breadcrumb\",\"itemListElement\":[{\"@type\":\"ListItem\",\"position\":1,\"name\":\"Home\",\"item\":\"https:\/\/securitybriefing.net\/\"},{\"@type\":\"ListItem\",\"position\":2,\"name\":\"Privacy Policy\"}]},{\"@type\":\"WebSite\",\"@id\":\"https:\/\/securitybriefing.net\/#website\",\"url\":\"https:\/\/securitybriefing.net\/\",\"name\":\"Security Briefing\",\"description\":\"Read cybersecurity news, online safety guides, cyber threat updates, and use free security tools from Security Briefing.\",\"publisher\":{\"@id\":\"https:\/\/securitybriefing.net\/#organization\"},\"potentialAction\":[{\"@type\":\"SearchAction\",\"target\":{\"@type\":\"EntryPoint\",\"urlTemplate\":\"https:\/\/securitybriefing.net\/?s={search_term_string}\"},\"query-input\":{\"@type\":\"PropertyValueSpecification\",\"valueRequired\":true,\"valueName\":\"search_term_string\"}}],\"inLanguage\":\"hu\"},{\"@type\":\"Organization\",\"@id\":\"https:\/\/securitybriefing.net\/#organization\",\"name\":\"Security Briefing\",\"url\":\"https:\/\/securitybriefing.net\/\",\"logo\":{\"@type\":\"ImageObject\",\"inLanguage\":\"hu\",\"@id\":\"https:\/\/securitybriefing.net\/#\/schema\/logo\/image\/\",\"url\":\"https:\/\/securitybriefing.net\/wp-content\/uploads\/2023\/06\/security-briefing-logo-5.png\",\"contentUrl\":\"https:\/\/securitybriefing.net\/wp-content\/uploads\/2023\/06\/security-briefing-logo-5.png\",\"width\":256,\"height\":70,\"caption\":\"Security Briefing\"},\"image\":{\"@id\":\"https:\/\/securitybriefing.net\/#\/schema\/logo\/image\/\"}}]}<\/script>\n<!-- \/ Yoast SEO plugin. -->","yoast_head_json":{"title":"Adatv\u00e9delmi szab\u00e1lyzat | Biztons\u00e1gi t\u00e1j\u00e9koztat\u00f3","robots":{"index":"index","follow":"follow","max-snippet":"max-snippet:-1","max-image-preview":"max-image-preview:large","max-video-preview":"max-video-preview:-1"},"canonical":"https:\/\/securitybriefing.net\/hu\/adatvedelmi-szabalyzat\/","og_locale":"hu_HU","og_type":"article","og_title":"Privacy Policy | Security Briefing","og_description":"Privacy Policy for securitybriefing.net At Security Briefing, accessible from https:\/\/securitybriefing.net\/, one of our main priorities is the privacy of our visitors. This Privacy Policy document contains types of information collected&hellip; Continue reading Privacy Policy","og_url":"https:\/\/securitybriefing.net\/hu\/adatvedelmi-szabalyzat\/","og_site_name":"Security Briefing","article_modified_time":"2023-08-20T00:28:12+00:00","og_image":[{"width":1200,"height":300,"url":"https:\/\/securitybriefing.net\/wp-content\/uploads\/2025\/09\/main-logo-black.png","type":"image\/png"}],"twitter_card":"summary_large_image","twitter_misc":{"Becs\u00fclt olvas\u00e1si id\u0151":"6 perc"},"schema":{"@context":"https:\/\/schema.org","@graph":[{"@type":"WebPage","@id":"https:\/\/securitybriefing.net\/privacy-policy\/","url":"https:\/\/securitybriefing.net\/privacy-policy\/","name":"Adatv\u00e9delmi szab\u00e1lyzat | Biztons\u00e1gi t\u00e1j\u00e9koztat\u00f3","isPartOf":{"@id":"https:\/\/securitybriefing.net\/#website"},"datePublished":"2022-06-16T15:55:48+00:00","dateModified":"2023-08-20T00:28:12+00:00","breadcrumb":{"@id":"https:\/\/securitybriefing.net\/privacy-policy\/#breadcrumb"},"inLanguage":"hu","potentialAction":[{"@type":"ReadAction","target":["https:\/\/securitybriefing.net\/privacy-policy\/"]}]},{"@type":"BreadcrumbList","@id":"https:\/\/securitybriefing.net\/privacy-policy\/#breadcrumb","itemListElement":[{"@type":"ListItem","position":1,"name":"Home","item":"https:\/\/securitybriefing.net\/"},{"@type":"ListItem","position":2,"name":"Privacy Policy"}]},{"@type":"WebSite","@id":"https:\/\/securitybriefing.net\/#website","url":"https:\/\/securitybriefing.net\/","name":"Biztons\u00e1gi t\u00e1j\u00e9koztat\u00f3","description":"Read cybersecurity news, online safety guides, cyber threat updates, and use free security tools from Security Briefing.","publisher":{"@id":"https:\/\/securitybriefing.net\/#organization"},"potentialAction":[{"@type":"SearchAction","target":{"@type":"EntryPoint","urlTemplate":"https:\/\/securitybriefing.net\/?s={search_term_string}"},"query-input":{"@type":"PropertyValueSpecification","valueRequired":true,"valueName":"search_term_string"}}],"inLanguage":"hu"},{"@type":"Organization","@id":"https:\/\/securitybriefing.net\/#organization","name":"Biztons\u00e1gi t\u00e1j\u00e9koztat\u00f3","url":"https:\/\/securitybriefing.net\/","logo":{"@type":"ImageObject","inLanguage":"hu","@id":"https:\/\/securitybriefing.net\/#\/schema\/logo\/image\/","url":"https:\/\/securitybriefing.net\/wp-content\/uploads\/2023\/06\/security-briefing-logo-5.png","contentUrl":"https:\/\/securitybriefing.net\/wp-content\/uploads\/2023\/06\/security-briefing-logo-5.png","width":256,"height":70,"caption":"Security Briefing"},"image":{"@id":"https:\/\/securitybriefing.net\/#\/schema\/logo\/image\/"}}]}},"_links":{"self":[{"href":"https:\/\/securitybriefing.net\/hu\/wp-json\/wp\/v2\/pages\/1819","targetHints":{"allow":["GET"]}}],"collection":[{"href":"https:\/\/securitybriefing.net\/hu\/wp-json\/wp\/v2\/pages"}],"about":[{"href":"https:\/\/securitybriefing.net\/hu\/wp-json\/wp\/v2\/types\/page"}],"author":[{"embeddable":true,"href":"https:\/\/securitybriefing.net\/hu\/wp-json\/wp\/v2\/users\/1"}],"replies":[{"embeddable":true,"href":"https:\/\/securitybriefing.net\/hu\/wp-json\/wp\/v2\/comments?post=1819"}],"version-history":[{"count":0,"href":"https:\/\/securitybriefing.net\/hu\/wp-json\/wp\/v2\/pages\/1819\/revisions"}],"wp:attachment":[{"href":"https:\/\/securitybriefing.net\/hu\/wp-json\/wp\/v2\/media?parent=1819"}],"curies":[{"name":"wp","href":"https:\/\/api.w.org\/{rel}","templated":true}]}}