{"id":290,"date":"2022-06-23T14:55:11","date_gmt":"2022-06-23T14:55:11","guid":{"rendered":"https:\/\/securitybriefing.net\/?page_id=290"},"modified":"2025-04-01T01:21:55","modified_gmt":"2025-04-01T01:21:55","slug":"kapcsolatfelvetel","status":"publish","type":"page","link":"https:\/\/securitybriefing.net\/hu\/kapcsolatfelvetel\/","title":{"rendered":"Kapcsolat"},"content":{"rendered":"<style>\r\n        \/* Scoped Contact Section Styles *\/\r\n        .contact-section {\r\n            font-family: Arial, sans-serif;\r\n            margin: 40px auto;\r\n            padding: 20px;\r\n            background-color: #f9f9f9;\r\n            text-align: center;\r\n        }\r\n.img-thumbnail.single-blog-img {\r\n    display: none;\r\n}\r\n.card-body {\r\n    display: none;\r\n}\r\n        .contact-section .contact-container {\r\n            max-width: 600px;\r\n            margin: auto;\r\n            background: #fff;\r\n            padding: 20px;\r\n            border-radius: 10px;\r\n            box-shadow: 0 4px 8px rgba(0, 0, 0, 0.1);\r\n        }\r\n\r\n        .contact-section h2 {\r\n            color: #0078D7;\r\n            font-size: 28px;\r\n            margin-bottom: 15px;\r\n        }\r\n\r\n        .contact-section p {\r\n            font-size: 16px;\r\n            color: #333;\r\n            margin: 10px 0;\r\n        }\r\n\r\n        .contact-section .email-link a {\r\n            font-size: 18px;\r\n            font-weight: bold;\r\n            color: #0078D7;\r\n            text-decoration: none;\r\n        }\r\n\r\n        .contact-section .email-link a:hover {\r\n            text-decoration: underline;\r\n            color: #005bb5;\r\n        }\r\n    <\/style>\r\n\r\n    <!-- Contact Section -->\r\n<section class=\"contact-section\">\r\n    <div class=\"contact-container\">\r\n        <h2>Kapcsolat<\/h2>\r\n        <p>To get in touch, please reach us via the email address below. We&#8217;ll do our best to respond promptly.<\/p>\r\n\r\n        <!-- Protected Email Address -->\r\n        <div class=\"email-link\" id=\"email-link\"><\/div>\r\n    <\/div>\r\n<\/section>\r\n\r\n<!-- Anti-Bot JavaScript for Email -->\r\n<script>\r\n    document.addEventListener(\"DOMContentLoaded\", function () {\r\n        const user = \"contact\";\r\n        const domain = \"securitybriefing.net\";\r\n        const email = user + \"@\" + domain;\r\n        const emailLink = document.getElementById(\"email-link\");\r\n        emailLink.innerHTML = '<a href=\"mailto:' + email + '\">' + email + '<\/a>';\r\n    });\r\n<\/script>","protected":false},"excerpt":{"rendered":"<p>Contact Us To get in touch, please reach us via the email address below. We&#8217;ll do our best to respond promptly.<\/p>","protected":false},"author":3,"featured_media":0,"parent":0,"menu_order":0,"comment_status":"closed","ping_status":"closed","template":"","meta":{"footnotes":""},"class_list":["post-290","page","type-page","status-publish","hentry","entry"],"yoast_head":"<!-- This site is optimized with the Yoast SEO plugin v26.8 - https:\/\/yoast.com\/product\/yoast-seo-wordpress\/ -->\n<title>Contact Us | Security Briefing<\/title>\n<meta name=\"robots\" content=\"index, follow, max-snippet:-1, max-image-preview:large, max-video-preview:-1\" \/>\n<link rel=\"canonical\" href=\"https:\/\/securitybriefing.net\/hu\/kapcsolatfelvetel\/\" \/>\n<meta property=\"og:locale\" content=\"hu_HU\" \/>\n<meta property=\"og:type\" content=\"article\" \/>\n<meta property=\"og:title\" content=\"Contact Us | Security Briefing\" \/>\n<meta property=\"og:description\" content=\"Contact Us To get in touch, please reach us via the email address below. We&#8217;ll do our best to respond promptly.\" \/>\n<meta property=\"og:url\" content=\"https:\/\/securitybriefing.net\/hu\/kapcsolatfelvetel\/\" \/>\n<meta property=\"og:site_name\" content=\"Security Briefing\" \/>\n<meta property=\"article:modified_time\" content=\"2025-04-01T01:21:55+00:00\" \/>\n<meta property=\"og:image\" content=\"https:\/\/securitybriefing.net\/wp-content\/uploads\/2025\/09\/main-logo-black.png\" \/>\n\t<meta property=\"og:image:width\" content=\"1200\" \/>\n\t<meta property=\"og:image:height\" content=\"300\" \/>\n\t<meta property=\"og:image:type\" content=\"image\/png\" \/>\n<meta name=\"twitter:card\" content=\"summary_large_image\" \/>\n<meta name=\"twitter:label1\" content=\"Becs\u00fclt olvas\u00e1si id\u0151\" \/>\n\t<meta name=\"twitter:data1\" content=\"1 perc\" \/>\n<script type=\"application\/ld+json\" class=\"yoast-schema-graph\">{\"@context\":\"https:\/\/schema.org\",\"@graph\":[{\"@type\":\"WebPage\",\"@id\":\"https:\/\/securitybriefing.net\/contact-us\/\",\"url\":\"https:\/\/securitybriefing.net\/contact-us\/\",\"name\":\"Contact Us | Security Briefing\",\"isPartOf\":{\"@id\":\"https:\/\/securitybriefing.net\/#website\"},\"datePublished\":\"2022-06-23T14:55:11+00:00\",\"dateModified\":\"2025-04-01T01:21:55+00:00\",\"breadcrumb\":{\"@id\":\"https:\/\/securitybriefing.net\/contact-us\/#breadcrumb\"},\"inLanguage\":\"hu\",\"potentialAction\":[{\"@type\":\"ReadAction\",\"target\":[\"https:\/\/securitybriefing.net\/contact-us\/\"]}]},{\"@type\":\"BreadcrumbList\",\"@id\":\"https:\/\/securitybriefing.net\/contact-us\/#breadcrumb\",\"itemListElement\":[{\"@type\":\"ListItem\",\"position\":1,\"name\":\"Home\",\"item\":\"https:\/\/securitybriefing.net\/\"},{\"@type\":\"ListItem\",\"position\":2,\"name\":\"Contact Us\"}]},{\"@type\":\"WebSite\",\"@id\":\"https:\/\/securitybriefing.net\/#website\",\"url\":\"https:\/\/securitybriefing.net\/\",\"name\":\"Security Briefing\",\"description\":\"Read cybersecurity news, online safety guides, cyber threat updates, and use free security tools from Security Briefing.\",\"publisher\":{\"@id\":\"https:\/\/securitybriefing.net\/#organization\"},\"potentialAction\":[{\"@type\":\"SearchAction\",\"target\":{\"@type\":\"EntryPoint\",\"urlTemplate\":\"https:\/\/securitybriefing.net\/?s={search_term_string}\"},\"query-input\":{\"@type\":\"PropertyValueSpecification\",\"valueRequired\":true,\"valueName\":\"search_term_string\"}}],\"inLanguage\":\"hu\"},{\"@type\":\"Organization\",\"@id\":\"https:\/\/securitybriefing.net\/#organization\",\"name\":\"Security Briefing\",\"url\":\"https:\/\/securitybriefing.net\/\",\"logo\":{\"@type\":\"ImageObject\",\"inLanguage\":\"hu\",\"@id\":\"https:\/\/securitybriefing.net\/#\/schema\/logo\/image\/\",\"url\":\"https:\/\/securitybriefing.net\/wp-content\/uploads\/2023\/06\/security-briefing-logo-5.png\",\"contentUrl\":\"https:\/\/securitybriefing.net\/wp-content\/uploads\/2023\/06\/security-briefing-logo-5.png\",\"width\":256,\"height\":70,\"caption\":\"Security Briefing\"},\"image\":{\"@id\":\"https:\/\/securitybriefing.net\/#\/schema\/logo\/image\/\"}}]}<\/script>\n<!-- \/ Yoast SEO plugin. -->","yoast_head_json":{"title":"Kapcsolat | Biztons\u00e1gi T\u00e1j\u00e9koztat\u00f3","robots":{"index":"index","follow":"follow","max-snippet":"max-snippet:-1","max-image-preview":"max-image-preview:large","max-video-preview":"max-video-preview:-1"},"canonical":"https:\/\/securitybriefing.net\/hu\/kapcsolatfelvetel\/","og_locale":"hu_HU","og_type":"article","og_title":"Contact Us | Security Briefing","og_description":"Contact Us To get in touch, please reach us via the email address below. We&#8217;ll do our best to respond promptly.","og_url":"https:\/\/securitybriefing.net\/hu\/kapcsolatfelvetel\/","og_site_name":"Security Briefing","article_modified_time":"2025-04-01T01:21:55+00:00","og_image":[{"width":1200,"height":300,"url":"https:\/\/securitybriefing.net\/wp-content\/uploads\/2025\/09\/main-logo-black.png","type":"image\/png"}],"twitter_card":"summary_large_image","twitter_misc":{"Becs\u00fclt olvas\u00e1si id\u0151":"1 perc"},"schema":{"@context":"https:\/\/schema.org","@graph":[{"@type":"WebPage","@id":"https:\/\/securitybriefing.net\/contact-us\/","url":"https:\/\/securitybriefing.net\/contact-us\/","name":"Kapcsolat | Biztons\u00e1gi T\u00e1j\u00e9koztat\u00f3","isPartOf":{"@id":"https:\/\/securitybriefing.net\/#website"},"datePublished":"2022-06-23T14:55:11+00:00","dateModified":"2025-04-01T01:21:55+00:00","breadcrumb":{"@id":"https:\/\/securitybriefing.net\/contact-us\/#breadcrumb"},"inLanguage":"hu","potentialAction":[{"@type":"ReadAction","target":["https:\/\/securitybriefing.net\/contact-us\/"]}]},{"@type":"BreadcrumbList","@id":"https:\/\/securitybriefing.net\/contact-us\/#breadcrumb","itemListElement":[{"@type":"ListItem","position":1,"name":"Home","item":"https:\/\/securitybriefing.net\/"},{"@type":"ListItem","position":2,"name":"Contact Us"}]},{"@type":"WebSite","@id":"https:\/\/securitybriefing.net\/#website","url":"https:\/\/securitybriefing.net\/","name":"Biztons\u00e1gi t\u00e1j\u00e9koztat\u00f3","description":"Read cybersecurity news, online safety guides, cyber threat updates, and use free security tools from Security Briefing.","publisher":{"@id":"https:\/\/securitybriefing.net\/#organization"},"potentialAction":[{"@type":"SearchAction","target":{"@type":"EntryPoint","urlTemplate":"https:\/\/securitybriefing.net\/?s={search_term_string}"},"query-input":{"@type":"PropertyValueSpecification","valueRequired":true,"valueName":"search_term_string"}}],"inLanguage":"hu"},{"@type":"Organization","@id":"https:\/\/securitybriefing.net\/#organization","name":"Biztons\u00e1gi t\u00e1j\u00e9koztat\u00f3","url":"https:\/\/securitybriefing.net\/","logo":{"@type":"ImageObject","inLanguage":"hu","@id":"https:\/\/securitybriefing.net\/#\/schema\/logo\/image\/","url":"https:\/\/securitybriefing.net\/wp-content\/uploads\/2023\/06\/security-briefing-logo-5.png","contentUrl":"https:\/\/securitybriefing.net\/wp-content\/uploads\/2023\/06\/security-briefing-logo-5.png","width":256,"height":70,"caption":"Security Briefing"},"image":{"@id":"https:\/\/securitybriefing.net\/#\/schema\/logo\/image\/"}}]}},"_links":{"self":[{"href":"https:\/\/securitybriefing.net\/hu\/wp-json\/wp\/v2\/pages\/290","targetHints":{"allow":["GET"]}}],"collection":[{"href":"https:\/\/securitybriefing.net\/hu\/wp-json\/wp\/v2\/pages"}],"about":[{"href":"https:\/\/securitybriefing.net\/hu\/wp-json\/wp\/v2\/types\/page"}],"author":[{"embeddable":true,"href":"https:\/\/securitybriefing.net\/hu\/wp-json\/wp\/v2\/users\/3"}],"replies":[{"embeddable":true,"href":"https:\/\/securitybriefing.net\/hu\/wp-json\/wp\/v2\/comments?post=290"}],"version-history":[{"count":0,"href":"https:\/\/securitybriefing.net\/hu\/wp-json\/wp\/v2\/pages\/290\/revisions"}],"wp:attachment":[{"href":"https:\/\/securitybriefing.net\/hu\/wp-json\/wp\/v2\/media?parent=290"}],"curies":[{"name":"wp","href":"https:\/\/api.w.org\/{rel}","templated":true}]}}