{"id":4912,"date":"2025-11-26T23:46:25","date_gmt":"2025-11-26T23:46:25","guid":{"rendered":"https:\/\/securitybriefing.net\/?page_id=4912"},"modified":"2025-11-27T00:47:30","modified_gmt":"2025-11-27T00:47:30","slug":"ingyenes-biztonsagos-jelszogenerator","status":"publish","type":"page","link":"https:\/\/securitybriefing.net\/hu\/ingyenes-biztonsagos-jelszogenerator\/","title":{"rendered":"Ingyenes biztons\u00e1gos jelsz\u00f3 gener\u00e1tor"},"content":{"rendered":"<style>\n.img-blog-exp {\n    display: none;\n}\nh2 {\n    margin-top: -30px !important;\n    color: #01175e;\n}\n<\/style>\n<h2>Biztons\u00e1gos a jelszavad?<\/h2>\n<p style=\"margin-bottom: 40px;\"><strong>A gyenge jelszavak az adatv\u00e9delmi incidensek els\u0151dleges okai.<\/strong> Gener\u00e1torunk kriptogr\u00e1fiai v\u00e9letlenszer\u0171s\u00e9get haszn\u00e1l olyan jelszavak l\u00e9trehoz\u00e1s\u00e1ra, amelyeket \u00e9vsz\u00e1zadokba telne felt\u00f6rni. Minden gener\u00e1l\u00e1s a b\u00f6ng\u00e9sz\u0151dben t\u00f6rt\u00e9nik \u2014 semmi sem ker\u00fcl t\u00e1rol\u00e1sra vagy tov\u00e1bb\u00edt\u00e1sra.<\/p>\n\n\n    <div class=\"password-generator\" data-theme=\"dark\">\n        <div class=\"pg-container\">\n            <h3 class=\"pg-title\">Biztons\u00e1gos Jelsz\u00f3 Gener\u00e1tor<\/h3>\n            \n            <div class=\"pg-output-wrapper\">\n                <input type=\"text\" class=\"pg-output\" readonly placeholder=\"Kattints a Gener\u00e1l\u00e1sra\">\n                <button class=\"pg-copy-btn\" title=\"M\u00e1sol\u00e1s a v\u00e1g\u00f3lapra\">\n                    <svg xmlns=\"http:\/\/www.w3.org\/2000\/svg\" width=\"20\" height=\"20\" viewbox=\"0 0 24 24\" fill=\"none\" stroke=\"currentColor\" stroke-width=\"2\">\n                        <rect x=\"9\" y=\"9\" width=\"13\" height=\"13\" rx=\"2\" ry=\"2\"><\/rect>\n                        <path d=\"M5 15H4a2 2 0 0 1-2-2V4a2 2 0 0 1 2-2h9a2 2 0 0 1 2 2v1\"><\/path>\n                    <\/svg>\n                <\/button>\n            <\/div>\n            \n            <div class=\"pg-strength-meter\">\n                <div class=\"pg-strength-bar\">\n                    <div class=\"pg-strength-fill\"><\/div>\n                <\/div>\n                <span class=\"pg-strength-text\">Jelsz\u00f3 Er\u0151ss\u00e9ge<\/span>\n            <\/div>\n            \n            <div class=\"pg-controls\">\n                <div class=\"pg-length-control\">\n                    <label>\n                        Hossz: <span class=\"pg-length-value\">16<\/span>\n                    <\/label>\n                    <input type=\"range\" class=\"pg-length-slider\" min=\"8\" max=\"64\" value=\"16\">\n                <\/div>\n                \n                <div class=\"pg-options\">\n                    <label class=\"pg-option\">\n                        <input type=\"checkbox\" class=\"pg-uppercase\" checked>\n                        <span>Nagybet\u0171k (A-Z)<\/span>\n                    <\/label>\n                    <label class=\"pg-option\">\n                        <input type=\"checkbox\" class=\"pg-lowercase\" checked>\n                        <span>Kisbet\u0171k (a-z)<\/span>\n                    <\/label>\n                    <label class=\"pg-option\">\n                        <input type=\"checkbox\" class=\"pg-numbers\" checked>\n                        <span>Sz\u00e1mok (0-9)<\/span>\n                    <\/label>\n                    <label class=\"pg-option\">\n                        <input type=\"checkbox\" class=\"pg-symbols\" checked>\n                        <span>Szimb\u00f3lumok (!@#$%)<\/span>\n                    <\/label>\n                <\/div>\n                \n                <div class=\"pg-advanced-toggle\">\n                    <button type=\"button\" class=\"pg-advanced-btn\">Halad\u00f3 Be\u00e1ll\u00edt\u00e1sok \u25bc<\/button>\n                <\/div>\n                \n                <div class=\"pg-advanced-options\" style=\"display: none;\">\n                    <label class=\"pg-option\">\n                        <input type=\"checkbox\" class=\"pg-exclude-ambiguous\">\n                        <span>Kiz\u00e1rja a f\u00e9lre\u00e9rthet\u0151 karaktereket (0, O, l, 1, I)<\/span>\n                    <\/label>\n                    <label class=\"pg-option\">\n                        <input type=\"checkbox\" class=\"pg-exclude-similar\">\n                        <span>Kiz\u00e1rja a hasonl\u00f3 karaktereket (i, l, 1, L, o, 0, O)<\/span>\n                    <\/label>\n                    <div class=\"pg-custom-symbols\">\n                        <label>Egy\u00e9ni szimb\u00f3lumok:<\/label>\n                        <input type=\"text\" class=\"pg-custom-symbols-input\" value=\"!@#$%^&*()_+-=[]{}|;:,.<>?\">\n                    <\/div>\n                <\/div>\n            <\/div>\n            \n            <button type=\"button\" class=\"pg-generate-btn\">\n                <svg xmlns=\"http:\/\/www.w3.org\/2000\/svg\" width=\"20\" height=\"20\" viewbox=\"0 0 24 24\" fill=\"none\" stroke=\"currentColor\" stroke-width=\"2\">\n                    <path d=\"M21 2l-2 2m-7.61 7.61a5.5 5.5 0 1 1-7.778 7.778 5.5 5.5 0 0 1 7.777-7.777zm0 0L15.5 7.5m0 0l3 3L22 7l-3-3m-3.5 3.5L19 4\"><\/path>\n                <\/svg>\n                Jelsz\u00f3 Gener\u00e1l\u00e1sa\n            <\/button>\n            \n            <div class=\"pg-history\">\n                <button type=\"button\" class=\"pg-history-toggle\">Legut\u00f3bbi Jelszavak \u25bc<\/button>\n                <ul class=\"pg-history-list\" style=\"display: none;\"><\/ul>\n            <\/div>\n        <\/div>\n    <\/div>","protected":false},"excerpt":{"rendered":"<p>Is your password safe? Weak passwords are the #1 cause of data breaches. Our generator uses cryptographic randomness to create passwords that would take centuries to crack. All generation happens&hellip; <a class=\"more-link\" href=\"https:\/\/securitybriefing.net\/hu\/ingyenes-biztonsagos-jelszogenerator\/\">Folytat\u00e1s <span class=\"screen-reader-text\">Ingyenes biztons\u00e1gos jelsz\u00f3 gener\u00e1tor<\/span><\/a><\/p>","protected":false},"author":3,"featured_media":0,"parent":0,"menu_order":0,"comment_status":"closed","ping_status":"closed","template":"","meta":{"footnotes":""},"class_list":["post-4912","page","type-page","status-publish","hentry","entry"],"yoast_head":"<!-- This site is optimized with the Yoast SEO plugin v26.8 - https:\/\/yoast.com\/product\/yoast-seo-wordpress\/ -->\n<title>Free Secure Password Generator | Security Briefing<\/title>\n<meta name=\"robots\" content=\"index, follow, max-snippet:-1, max-image-preview:large, max-video-preview:-1\" \/>\n<link rel=\"canonical\" href=\"https:\/\/securitybriefing.net\/hu\/ingyenes-biztonsagos-jelszogenerator\/\" \/>\n<meta property=\"og:locale\" content=\"hu_HU\" \/>\n<meta property=\"og:type\" content=\"article\" \/>\n<meta property=\"og:title\" content=\"Free Secure Password Generator | Security Briefing\" \/>\n<meta property=\"og:description\" content=\"Is your password safe? Weak passwords are the #1 cause of data breaches. Our generator uses cryptographic randomness to create passwords that would take centuries to crack. All generation happens&hellip; Continue reading Free Secure Password Generator\" \/>\n<meta property=\"og:url\" content=\"https:\/\/securitybriefing.net\/hu\/ingyenes-biztonsagos-jelszogenerator\/\" \/>\n<meta property=\"og:site_name\" content=\"Security Briefing\" \/>\n<meta property=\"article:modified_time\" content=\"2025-11-27T00:47:30+00:00\" \/>\n<meta property=\"og:image\" content=\"https:\/\/securitybriefing.net\/wp-content\/uploads\/2025\/09\/main-logo-black.png\" \/>\n\t<meta property=\"og:image:width\" content=\"1200\" \/>\n\t<meta property=\"og:image:height\" content=\"300\" \/>\n\t<meta property=\"og:image:type\" content=\"image\/png\" \/>\n<meta name=\"twitter:card\" content=\"summary_large_image\" \/>\n<meta name=\"twitter:label1\" content=\"Becs\u00fclt olvas\u00e1si id\u0151\" \/>\n\t<meta name=\"twitter:data1\" content=\"1 perc\" \/>\n<script type=\"application\/ld+json\" class=\"yoast-schema-graph\">{\"@context\":\"https:\/\/schema.org\",\"@graph\":[{\"@type\":\"WebPage\",\"@id\":\"https:\/\/securitybriefing.net\/free-secure-password-generator\/\",\"url\":\"https:\/\/securitybriefing.net\/free-secure-password-generator\/\",\"name\":\"Free Secure Password Generator | Security Briefing\",\"isPartOf\":{\"@id\":\"https:\/\/securitybriefing.net\/#website\"},\"datePublished\":\"2025-11-26T23:46:25+00:00\",\"dateModified\":\"2025-11-27T00:47:30+00:00\",\"breadcrumb\":{\"@id\":\"https:\/\/securitybriefing.net\/free-secure-password-generator\/#breadcrumb\"},\"inLanguage\":\"hu\",\"potentialAction\":[{\"@type\":\"ReadAction\",\"target\":[\"https:\/\/securitybriefing.net\/free-secure-password-generator\/\"]}]},{\"@type\":\"BreadcrumbList\",\"@id\":\"https:\/\/securitybriefing.net\/free-secure-password-generator\/#breadcrumb\",\"itemListElement\":[{\"@type\":\"ListItem\",\"position\":1,\"name\":\"Home\",\"item\":\"https:\/\/securitybriefing.net\/\"},{\"@type\":\"ListItem\",\"position\":2,\"name\":\"Free Secure Password Generator\"}]},{\"@type\":\"WebSite\",\"@id\":\"https:\/\/securitybriefing.net\/#website\",\"url\":\"https:\/\/securitybriefing.net\/\",\"name\":\"Security Briefing\",\"description\":\"Read cybersecurity news, online safety guides, cyber threat updates, and use free security tools from Security Briefing.\",\"publisher\":{\"@id\":\"https:\/\/securitybriefing.net\/#organization\"},\"potentialAction\":[{\"@type\":\"SearchAction\",\"target\":{\"@type\":\"EntryPoint\",\"urlTemplate\":\"https:\/\/securitybriefing.net\/?s={search_term_string}\"},\"query-input\":{\"@type\":\"PropertyValueSpecification\",\"valueRequired\":true,\"valueName\":\"search_term_string\"}}],\"inLanguage\":\"hu\"},{\"@type\":\"Organization\",\"@id\":\"https:\/\/securitybriefing.net\/#organization\",\"name\":\"Security Briefing\",\"url\":\"https:\/\/securitybriefing.net\/\",\"logo\":{\"@type\":\"ImageObject\",\"inLanguage\":\"hu\",\"@id\":\"https:\/\/securitybriefing.net\/#\/schema\/logo\/image\/\",\"url\":\"https:\/\/securitybriefing.net\/wp-content\/uploads\/2023\/06\/security-briefing-logo-5.png\",\"contentUrl\":\"https:\/\/securitybriefing.net\/wp-content\/uploads\/2023\/06\/security-briefing-logo-5.png\",\"width\":256,\"height\":70,\"caption\":\"Security Briefing\"},\"image\":{\"@id\":\"https:\/\/securitybriefing.net\/#\/schema\/logo\/image\/\"}}]}<\/script>\n<!-- \/ Yoast SEO plugin. -->","yoast_head_json":{"title":"Ingyenes Biztons\u00e1gos Jelsz\u00f3gener\u00e1tor | Biztons\u00e1gi T\u00e1j\u00e9koztat\u00f3","robots":{"index":"index","follow":"follow","max-snippet":"max-snippet:-1","max-image-preview":"max-image-preview:large","max-video-preview":"max-video-preview:-1"},"canonical":"https:\/\/securitybriefing.net\/hu\/ingyenes-biztonsagos-jelszogenerator\/","og_locale":"hu_HU","og_type":"article","og_title":"Free Secure Password Generator | Security Briefing","og_description":"Is your password safe? Weak passwords are the #1 cause of data breaches. Our generator uses cryptographic randomness to create passwords that would take centuries to crack. All generation happens&hellip; Continue reading Free Secure Password Generator","og_url":"https:\/\/securitybriefing.net\/hu\/ingyenes-biztonsagos-jelszogenerator\/","og_site_name":"Security Briefing","article_modified_time":"2025-11-27T00:47:30+00:00","og_image":[{"width":1200,"height":300,"url":"https:\/\/securitybriefing.net\/wp-content\/uploads\/2025\/09\/main-logo-black.png","type":"image\/png"}],"twitter_card":"summary_large_image","twitter_misc":{"Becs\u00fclt olvas\u00e1si id\u0151":"1 perc"},"schema":{"@context":"https:\/\/schema.org","@graph":[{"@type":"WebPage","@id":"https:\/\/securitybriefing.net\/free-secure-password-generator\/","url":"https:\/\/securitybriefing.net\/free-secure-password-generator\/","name":"Ingyenes Biztons\u00e1gos Jelsz\u00f3gener\u00e1tor | Biztons\u00e1gi T\u00e1j\u00e9koztat\u00f3","isPartOf":{"@id":"https:\/\/securitybriefing.net\/#website"},"datePublished":"2025-11-26T23:46:25+00:00","dateModified":"2025-11-27T00:47:30+00:00","breadcrumb":{"@id":"https:\/\/securitybriefing.net\/free-secure-password-generator\/#breadcrumb"},"inLanguage":"hu","potentialAction":[{"@type":"ReadAction","target":["https:\/\/securitybriefing.net\/free-secure-password-generator\/"]}]},{"@type":"BreadcrumbList","@id":"https:\/\/securitybriefing.net\/free-secure-password-generator\/#breadcrumb","itemListElement":[{"@type":"ListItem","position":1,"name":"Home","item":"https:\/\/securitybriefing.net\/"},{"@type":"ListItem","position":2,"name":"Free Secure Password Generator"}]},{"@type":"WebSite","@id":"https:\/\/securitybriefing.net\/#website","url":"https:\/\/securitybriefing.net\/","name":"Biztons\u00e1gi t\u00e1j\u00e9koztat\u00f3","description":"Read cybersecurity news, online safety guides, cyber threat updates, and use free security tools from Security Briefing.","publisher":{"@id":"https:\/\/securitybriefing.net\/#organization"},"potentialAction":[{"@type":"SearchAction","target":{"@type":"EntryPoint","urlTemplate":"https:\/\/securitybriefing.net\/?s={search_term_string}"},"query-input":{"@type":"PropertyValueSpecification","valueRequired":true,"valueName":"search_term_string"}}],"inLanguage":"hu"},{"@type":"Organization","@id":"https:\/\/securitybriefing.net\/#organization","name":"Biztons\u00e1gi t\u00e1j\u00e9koztat\u00f3","url":"https:\/\/securitybriefing.net\/","logo":{"@type":"ImageObject","inLanguage":"hu","@id":"https:\/\/securitybriefing.net\/#\/schema\/logo\/image\/","url":"https:\/\/securitybriefing.net\/wp-content\/uploads\/2023\/06\/security-briefing-logo-5.png","contentUrl":"https:\/\/securitybriefing.net\/wp-content\/uploads\/2023\/06\/security-briefing-logo-5.png","width":256,"height":70,"caption":"Security Briefing"},"image":{"@id":"https:\/\/securitybriefing.net\/#\/schema\/logo\/image\/"}}]}},"_links":{"self":[{"href":"https:\/\/securitybriefing.net\/hu\/wp-json\/wp\/v2\/pages\/4912","targetHints":{"allow":["GET"]}}],"collection":[{"href":"https:\/\/securitybriefing.net\/hu\/wp-json\/wp\/v2\/pages"}],"about":[{"href":"https:\/\/securitybriefing.net\/hu\/wp-json\/wp\/v2\/types\/page"}],"author":[{"embeddable":true,"href":"https:\/\/securitybriefing.net\/hu\/wp-json\/wp\/v2\/users\/3"}],"replies":[{"embeddable":true,"href":"https:\/\/securitybriefing.net\/hu\/wp-json\/wp\/v2\/comments?post=4912"}],"version-history":[{"count":5,"href":"https:\/\/securitybriefing.net\/hu\/wp-json\/wp\/v2\/pages\/4912\/revisions"}],"predecessor-version":[{"id":4937,"href":"https:\/\/securitybriefing.net\/hu\/wp-json\/wp\/v2\/pages\/4912\/revisions\/4937"}],"wp:attachment":[{"href":"https:\/\/securitybriefing.net\/hu\/wp-json\/wp\/v2\/media?parent=4912"}],"curies":[{"name":"wp","href":"https:\/\/api.w.org\/{rel}","templated":true}]}}