{"id":4922,"date":"2025-11-27T00:18:13","date_gmt":"2025-11-27T00:18:13","guid":{"rendered":"https:\/\/securitybriefing.net\/?page_id=4922"},"modified":"2025-11-27T00:44:37","modified_gmt":"2025-11-27T00:44:37","slug":"ingyenes-jelszoerosseg-ellenorzo","status":"publish","type":"page","link":"https:\/\/securitybriefing.net\/hu\/ingyenes-jelszoerosseg-ellenorzo\/","title":{"rendered":"Ingyenes jelsz\u00f3 er\u0151ss\u00e9g ellen\u0151rz\u0151"},"content":{"rendered":"<style>\n.img-blog-exp {\n    display: none;\n}\nh2 {\n    margin-top: -30px !important;\n    margin-bottom: 20px !important;\n    color: #01175e;\n}\n<\/style>\n\n<h2>El\u00e9g er\u0151s a jelszavad?<\/h2>\n<p style=\"margin-bottom: 40px;\"><strong>Az adatsziv\u00e1rg\u00e1sok 80%-a gyenge vagy ellopott jelszavakat \u00e9rint.<\/strong> \u00cdrd be az al\u00e1bbi mez\u0151be a jelszavad, hogy megtudd, mennyire biztons\u00e1gos val\u00f3j\u00e1ban. Ellen\u0151rz\u0151nk elemzi a hossz\u00fas\u00e1got, a bonyolults\u00e1got, \u00e9s \u00f6sszehasonl\u00edtja az ismert gyakori jelszavakkal \u2014 mindezt an\u00e9lk\u00fcl, hogy elhagyn\u00e1 a b\u00f6ng\u00e9sz\u0151j\u00e9t.<\/p>\n\n    <div class=\"password-checker\" data-theme=\"dark\">\n        <div class=\"psc-container\">\n            <h3 class=\"psc-title\">Jelsz\u00f3 Er\u0151ss\u00e9g Ellen\u0151rz\u0151<\/h3>\n            \n            <div class=\"psc-input-wrapper\">\n                <input type=\"password\" class=\"psc-input\" placeholder=\"\u00cdrd be a jelszavad az ellen\u0151rz\u00e9shez\">\n                <button type=\"button\" class=\"psc-toggle-visibility\" title=\"Jelsz\u00f3 megjelen\u00edt\u00e9se\/elrejt\u00e9se\">\n                    <svg class=\"psc-eye-open\" xmlns=\"http:\/\/www.w3.org\/2000\/svg\" width=\"20\" height=\"20\" viewbox=\"0 0 24 24\" fill=\"none\" stroke=\"currentColor\" stroke-width=\"2\">\n                        <path d=\"M1 12s4-8 11-8 11 8 11 8-4 8-11 8-11-8-11-8z\"><\/path>\n                        <circle cx=\"12\" cy=\"12\" r=\"3\"><\/circle>\n                    <\/svg>\n                    <svg class=\"psc-eye-closed\" xmlns=\"http:\/\/www.w3.org\/2000\/svg\" width=\"20\" height=\"20\" viewbox=\"0 0 24 24\" fill=\"none\" stroke=\"currentColor\" stroke-width=\"2\" style=\"display:none;\">\n                        <path d=\"M17.94 17.94A10.07 10.07 0 0 1 12 20c-7 0-11-8-11-8a18.45 18.45 0 0 1 5.06-5.94M9.9 4.24A9.12 9.12 0 0 1 12 4c7 0 11 8 11 8a18.5 18.5 0 0 1-2.16 3.19m-6.72-1.07a3 3 0 1 1-4.24-4.24\"><\/path>\n                        <line x1=\"1\" y1=\"1\" x2=\"23\" y2=\"23\"><\/line>\n                    <\/svg>\n                <\/button>\n            <\/div>\n            \n            <div class=\"psc-strength-meter\">\n                <div class=\"psc-strength-bar\">\n                    <div class=\"psc-strength-fill\"><\/div>\n                <\/div>\n                <div class=\"psc-strength-label\">\n                    <span class=\"psc-strength-text\">\u00cdrj be egy jelsz\u00f3t<\/span>\n                    <span class=\"psc-crack-time\"><\/span>\n                <\/div>\n            <\/div>\n            \n            <div class=\"psc-criteria\">\n                <div class=\"psc-criteria-item\" data-criteria=\"length\">\n                    <span class=\"psc-criteria-icon\">\u25cb<\/span>\n                    <span>Legal\u00e1bb 12 karakter<\/span>\n                <\/div>\n                <div class=\"psc-criteria-item\" data-criteria=\"uppercase\">\n                    <span class=\"psc-criteria-icon\">\u25cb<\/span>\n                    <span>Nagybet\u0171 (A-Z)<\/span>\n                <\/div>\n                <div class=\"psc-criteria-item\" data-criteria=\"lowercase\">\n                    <span class=\"psc-criteria-icon\">\u25cb<\/span>\n                    <span>Kisbet\u0171 (a-z)<\/span>\n                <\/div>\n                <div class=\"psc-criteria-item\" data-criteria=\"number\">\n                    <span class=\"psc-criteria-icon\">\u25cb<\/span>\n                    <span>Sz\u00e1m (0-9)<\/span>\n                <\/div>\n                <div class=\"psc-criteria-item\" data-criteria=\"symbol\">\n                    <span class=\"psc-criteria-icon\">\u25cb<\/span>\n                    <span>Szimb\u00f3lum (!@#$%^&amp;*)<\/span>\n                <\/div>\n                <div class=\"psc-criteria-item\" data-criteria=\"nocommon\">\n                    <span class=\"psc-criteria-icon\">\u25cb<\/span>\n                    <span>Nem egy gyakori jelsz\u00f3<\/span>\n                <\/div>\n            <\/div>\n            \n            <div class=\"psc-details\">\n                <button type=\"button\" class=\"psc-details-toggle\">Elemz\u00e9si r\u00e9szletek \u25bc<\/button>\n                <div class=\"psc-details-content\" style=\"display: none;\">\n                    <div class=\"psc-detail-row\">\n                        <span>Karaktersz\u00e1m:<\/span>\n                        <span class=\"psc-char-count\">0<\/span>\n                    <\/div>\n                    <div class=\"psc-detail-row\">\n                        <span>Karakterv\u00e1ltozatoss\u00e1g:<\/span>\n                        <span class=\"psc-char-variety\">-<\/span>\n                    <\/div>\n                    <div class=\"psc-detail-row\">\n                        <span>Entr\u00f3pia bitek:<\/span>\n                        <span class=\"psc-entropy\">0<\/span>\n                    <\/div>\n                    <div class=\"psc-detail-row\">\n                        <span>Egyedi karakterek:<\/span>\n                        <span class=\"psc-unique\">0<\/span>\n                    <\/div>\n                <\/div>\n            <\/div>\n            \n            <div class=\"psc-privacy-note\">\n                <svg xmlns=\"http:\/\/www.w3.org\/2000\/svg\" width=\"14\" height=\"14\" viewbox=\"0 0 24 24\" fill=\"none\" stroke=\"currentColor\" stroke-width=\"2\">\n                    <path d=\"M12 22s8-4 8-10V5l-8-3-8 3v7c0 6 8 10 8 10z\"\/>\n                    <polyline points=\"9 12 11 14 15 10\"\/>\n                <\/svg>\n                A jelszavad helyben ker\u00fcl ellen\u0151rz\u00e9sre, \u00e9s soha nem ker\u00fcl elk\u00fcld\u00e9sre semmilyen szerverre\n            <\/div>\n        <\/div>\n    <\/div>","protected":false},"excerpt":{"rendered":"<p>Is Your Password Strong Enough? 80% of data breaches involve weak or stolen passwords. Enter your password below to see how secure it really is. Our checker analyzes length, complexity,&hellip; <a class=\"more-link\" href=\"https:\/\/securitybriefing.net\/hu\/ingyenes-jelszoerosseg-ellenorzo\/\">Folytat\u00e1s <span class=\"screen-reader-text\">Ingyenes jelsz\u00f3 er\u0151ss\u00e9g ellen\u0151rz\u0151<\/span><\/a><\/p>","protected":false},"author":3,"featured_media":0,"parent":0,"menu_order":0,"comment_status":"closed","ping_status":"closed","template":"","meta":{"footnotes":""},"class_list":["post-4922","page","type-page","status-publish","hentry","entry"],"yoast_head":"<!-- This site is optimized with the Yoast SEO plugin v26.8 - https:\/\/yoast.com\/product\/yoast-seo-wordpress\/ -->\n<title>Free Password Strength Checker | Security Briefing<\/title>\n<meta name=\"robots\" content=\"index, follow, max-snippet:-1, max-image-preview:large, max-video-preview:-1\" \/>\n<link rel=\"canonical\" href=\"https:\/\/securitybriefing.net\/hu\/ingyenes-jelszoerosseg-ellenorzo\/\" \/>\n<meta property=\"og:locale\" content=\"hu_HU\" \/>\n<meta property=\"og:type\" content=\"article\" \/>\n<meta property=\"og:title\" content=\"Free Password Strength Checker | Security Briefing\" \/>\n<meta property=\"og:description\" content=\"Is Your Password Strong Enough? 80% of data breaches involve weak or stolen passwords. Enter your password below to see how secure it really is. Our checker analyzes length, complexity,&hellip; Continue reading Free Password Strength Checker\" \/>\n<meta property=\"og:url\" content=\"https:\/\/securitybriefing.net\/hu\/ingyenes-jelszoerosseg-ellenorzo\/\" \/>\n<meta property=\"og:site_name\" content=\"Security Briefing\" \/>\n<meta property=\"article:modified_time\" content=\"2025-11-27T00:44:37+00:00\" \/>\n<meta property=\"og:image\" content=\"https:\/\/securitybriefing.net\/wp-content\/uploads\/2025\/09\/main-logo-black.png\" \/>\n\t<meta property=\"og:image:width\" content=\"1200\" \/>\n\t<meta property=\"og:image:height\" content=\"300\" \/>\n\t<meta property=\"og:image:type\" content=\"image\/png\" \/>\n<meta name=\"twitter:card\" content=\"summary_large_image\" \/>\n<meta name=\"twitter:label1\" content=\"Becs\u00fclt olvas\u00e1si id\u0151\" \/>\n\t<meta name=\"twitter:data1\" content=\"1 perc\" \/>\n<script type=\"application\/ld+json\" class=\"yoast-schema-graph\">{\"@context\":\"https:\/\/schema.org\",\"@graph\":[{\"@type\":\"WebPage\",\"@id\":\"https:\/\/securitybriefing.net\/free-password-strength-checker\/\",\"url\":\"https:\/\/securitybriefing.net\/free-password-strength-checker\/\",\"name\":\"Free Password Strength Checker | Security Briefing\",\"isPartOf\":{\"@id\":\"https:\/\/securitybriefing.net\/#website\"},\"datePublished\":\"2025-11-27T00:18:13+00:00\",\"dateModified\":\"2025-11-27T00:44:37+00:00\",\"breadcrumb\":{\"@id\":\"https:\/\/securitybriefing.net\/free-password-strength-checker\/#breadcrumb\"},\"inLanguage\":\"hu\",\"potentialAction\":[{\"@type\":\"ReadAction\",\"target\":[\"https:\/\/securitybriefing.net\/free-password-strength-checker\/\"]}]},{\"@type\":\"BreadcrumbList\",\"@id\":\"https:\/\/securitybriefing.net\/free-password-strength-checker\/#breadcrumb\",\"itemListElement\":[{\"@type\":\"ListItem\",\"position\":1,\"name\":\"Home\",\"item\":\"https:\/\/securitybriefing.net\/\"},{\"@type\":\"ListItem\",\"position\":2,\"name\":\"Free Password Strength Checker\"}]},{\"@type\":\"WebSite\",\"@id\":\"https:\/\/securitybriefing.net\/#website\",\"url\":\"https:\/\/securitybriefing.net\/\",\"name\":\"Security Briefing\",\"description\":\"Read cybersecurity news, online safety guides, cyber threat updates, and use free security tools from Security Briefing.\",\"publisher\":{\"@id\":\"https:\/\/securitybriefing.net\/#organization\"},\"potentialAction\":[{\"@type\":\"SearchAction\",\"target\":{\"@type\":\"EntryPoint\",\"urlTemplate\":\"https:\/\/securitybriefing.net\/?s={search_term_string}\"},\"query-input\":{\"@type\":\"PropertyValueSpecification\",\"valueRequired\":true,\"valueName\":\"search_term_string\"}}],\"inLanguage\":\"hu\"},{\"@type\":\"Organization\",\"@id\":\"https:\/\/securitybriefing.net\/#organization\",\"name\":\"Security Briefing\",\"url\":\"https:\/\/securitybriefing.net\/\",\"logo\":{\"@type\":\"ImageObject\",\"inLanguage\":\"hu\",\"@id\":\"https:\/\/securitybriefing.net\/#\/schema\/logo\/image\/\",\"url\":\"https:\/\/securitybriefing.net\/wp-content\/uploads\/2023\/06\/security-briefing-logo-5.png\",\"contentUrl\":\"https:\/\/securitybriefing.net\/wp-content\/uploads\/2023\/06\/security-briefing-logo-5.png\",\"width\":256,\"height\":70,\"caption\":\"Security Briefing\"},\"image\":{\"@id\":\"https:\/\/securitybriefing.net\/#\/schema\/logo\/image\/\"}}]}<\/script>\n<!-- \/ Yoast SEO plugin. -->","yoast_head_json":{"title":"Ingyenes jelsz\u00f3er\u0151ss\u00e9g-ellen\u0151rz\u0151 | Biztons\u00e1gi t\u00e1j\u00e9koztat\u00f3","robots":{"index":"index","follow":"follow","max-snippet":"max-snippet:-1","max-image-preview":"max-image-preview:large","max-video-preview":"max-video-preview:-1"},"canonical":"https:\/\/securitybriefing.net\/hu\/ingyenes-jelszoerosseg-ellenorzo\/","og_locale":"hu_HU","og_type":"article","og_title":"Free Password Strength Checker | Security Briefing","og_description":"Is Your Password Strong Enough? 80% of data breaches involve weak or stolen passwords. Enter your password below to see how secure it really is. Our checker analyzes length, complexity,&hellip; Continue reading Free Password Strength Checker","og_url":"https:\/\/securitybriefing.net\/hu\/ingyenes-jelszoerosseg-ellenorzo\/","og_site_name":"Security Briefing","article_modified_time":"2025-11-27T00:44:37+00:00","og_image":[{"width":1200,"height":300,"url":"https:\/\/securitybriefing.net\/wp-content\/uploads\/2025\/09\/main-logo-black.png","type":"image\/png"}],"twitter_card":"summary_large_image","twitter_misc":{"Becs\u00fclt olvas\u00e1si id\u0151":"1 perc"},"schema":{"@context":"https:\/\/schema.org","@graph":[{"@type":"WebPage","@id":"https:\/\/securitybriefing.net\/free-password-strength-checker\/","url":"https:\/\/securitybriefing.net\/free-password-strength-checker\/","name":"Ingyenes jelsz\u00f3er\u0151ss\u00e9g-ellen\u0151rz\u0151 | Biztons\u00e1gi t\u00e1j\u00e9koztat\u00f3","isPartOf":{"@id":"https:\/\/securitybriefing.net\/#website"},"datePublished":"2025-11-27T00:18:13+00:00","dateModified":"2025-11-27T00:44:37+00:00","breadcrumb":{"@id":"https:\/\/securitybriefing.net\/free-password-strength-checker\/#breadcrumb"},"inLanguage":"hu","potentialAction":[{"@type":"ReadAction","target":["https:\/\/securitybriefing.net\/free-password-strength-checker\/"]}]},{"@type":"BreadcrumbList","@id":"https:\/\/securitybriefing.net\/free-password-strength-checker\/#breadcrumb","itemListElement":[{"@type":"ListItem","position":1,"name":"Home","item":"https:\/\/securitybriefing.net\/"},{"@type":"ListItem","position":2,"name":"Free Password Strength Checker"}]},{"@type":"WebSite","@id":"https:\/\/securitybriefing.net\/#website","url":"https:\/\/securitybriefing.net\/","name":"Biztons\u00e1gi t\u00e1j\u00e9koztat\u00f3","description":"Read cybersecurity news, online safety guides, cyber threat updates, and use free security tools from Security Briefing.","publisher":{"@id":"https:\/\/securitybriefing.net\/#organization"},"potentialAction":[{"@type":"SearchAction","target":{"@type":"EntryPoint","urlTemplate":"https:\/\/securitybriefing.net\/?s={search_term_string}"},"query-input":{"@type":"PropertyValueSpecification","valueRequired":true,"valueName":"search_term_string"}}],"inLanguage":"hu"},{"@type":"Organization","@id":"https:\/\/securitybriefing.net\/#organization","name":"Biztons\u00e1gi t\u00e1j\u00e9koztat\u00f3","url":"https:\/\/securitybriefing.net\/","logo":{"@type":"ImageObject","inLanguage":"hu","@id":"https:\/\/securitybriefing.net\/#\/schema\/logo\/image\/","url":"https:\/\/securitybriefing.net\/wp-content\/uploads\/2023\/06\/security-briefing-logo-5.png","contentUrl":"https:\/\/securitybriefing.net\/wp-content\/uploads\/2023\/06\/security-briefing-logo-5.png","width":256,"height":70,"caption":"Security Briefing"},"image":{"@id":"https:\/\/securitybriefing.net\/#\/schema\/logo\/image\/"}}]}},"_links":{"self":[{"href":"https:\/\/securitybriefing.net\/hu\/wp-json\/wp\/v2\/pages\/4922","targetHints":{"allow":["GET"]}}],"collection":[{"href":"https:\/\/securitybriefing.net\/hu\/wp-json\/wp\/v2\/pages"}],"about":[{"href":"https:\/\/securitybriefing.net\/hu\/wp-json\/wp\/v2\/types\/page"}],"author":[{"embeddable":true,"href":"https:\/\/securitybriefing.net\/hu\/wp-json\/wp\/v2\/users\/3"}],"replies":[{"embeddable":true,"href":"https:\/\/securitybriefing.net\/hu\/wp-json\/wp\/v2\/comments?post=4922"}],"version-history":[{"count":2,"href":"https:\/\/securitybriefing.net\/hu\/wp-json\/wp\/v2\/pages\/4922\/revisions"}],"predecessor-version":[{"id":4935,"href":"https:\/\/securitybriefing.net\/hu\/wp-json\/wp\/v2\/pages\/4922\/revisions\/4935"}],"wp:attachment":[{"href":"https:\/\/securitybriefing.net\/hu\/wp-json\/wp\/v2\/media?parent=4922"}],"curies":[{"name":"wp","href":"https:\/\/api.w.org\/{rel}","templated":true}]}}