{"id":4965,"date":"2025-12-02T23:32:40","date_gmt":"2025-12-02T23:32:40","guid":{"rendered":"https:\/\/securitybriefing.net\/?page_id=4965"},"modified":"2025-12-02T23:32:41","modified_gmt":"2025-12-02T23:32:41","slug":"ingyenes-e-mail-fejlec-elemzo","status":"publish","type":"page","link":"https:\/\/securitybriefing.net\/hu\/ingyenes-e-mail-fejlec-elemzo\/","title":{"rendered":"Ingyenes e-mail fejl\u00e9c elemz\u0151"},"content":{"rendered":"<style>\n.img-blog-exp {\n    display: none;\n}\n<\/style>\n\n<h2>E-mail fejl\u00e9cek elemz\u00e9se adathal\u00e1szat felismer\u00e9s\u00e9hez<\/h2>\n<p style=\"margin-bottom: 40px;\"><strong>Az e-mail fejl\u00e9cek minden \u00fczenet val\u00f3di eredet\u00e9t felfedik.<\/strong> Illessze be az e-mail fejl\u00e9ceket al\u00e1bb az SPF, DKIM \u00e9s DMARC hiteles\u00edt\u00e9s ellen\u0151rz\u00e9s\u00e9hez, az \u00fczenet \u00fatvonal\u00e1nak nyomon k\u00f6vet\u00e9s\u00e9hez, \u00e9s a figyelmeztet\u0151 jelek azonos\u00edt\u00e1s\u00e1hoz, amelyek adathal\u00e1szatot vagy hamis\u00edt\u00e1st jelezhetnek. Minden elemz\u00e9s a b\u00f6ng\u00e9sz\u0151j\u00e9ben t\u00f6rt\u00e9nik.<\/p>\n\n    <div class=\"email-analyzer\" data-theme=\"dark\">\n        <div class=\"eha-container\">\n            <h3 class=\"eha-title\">E-mail fejl\u00e9c elemz\u0151<\/h3>\n            \n            <div class=\"eha-input-section\">\n                <div class=\"eha-input-group\">\n                    <label class=\"eha-label\">Illessze be az e-mail fejl\u00e9ceket al\u00e1bb:<\/label>\n                    <textarea class=\"eha-textarea eha-headers-input\" placeholder=\"Illessze be a teljes e-mail fejl\u00e9ceket ide...Fejl\u00e9cek megszerz\u00e9se:\u2022 Gmail: E-mail megnyit\u00e1sa \u2192 \u22ee \u2192 Eredeti megjelen\u00edt\u00e9se\u2022 Outlook: E-mail megnyit\u00e1sa \u2192 \u22ef \u2192 \u00dczenet forr\u00e1s\u00e1nak megtekint\u00e9se\u2022 Apple Mail: N\u00e9zet \u2192 \u00dczenet \u2192 \u00d6sszes fejl\u00e9c\" rows=\"10\"><\/textarea>\n                <\/div>\n                \n                <button type=\"button\" class=\"eha-analyze-btn\">\n                    <svg xmlns=\"http:\/\/www.w3.org\/2000\/svg\" width=\"18\" height=\"18\" viewbox=\"0 0 24 24\" fill=\"none\" stroke=\"currentColor\" stroke-width=\"2\">\n                        <circle cx=\"11\" cy=\"11\" r=\"8\"><\/circle>\n                        <path d=\"m21 21-4.35-4.35\"><\/path>\n                    <\/svg>\n                    Fejl\u00e9cek elemz\u00e9se\n                <\/button>\n            <\/div>\n            \n            <div class=\"eha-results\" style=\"display: none;\">\n                \n                <!-- Security Summary -->\n                <div class=\"eha-section eha-security-summary\">\n                    <h4 class=\"eha-section-title\">\n                        <svg xmlns=\"http:\/\/www.w3.org\/2000\/svg\" width=\"18\" height=\"18\" viewbox=\"0 0 24 24\" fill=\"none\" stroke=\"currentColor\" stroke-width=\"2\">\n                            <path d=\"M12 22s8-4 8-10V5l-8-3-8 3v7c0 6 8 10 8 10z\"\/>\n                        <\/svg>\n                        Biztons\u00e1gi \u00e9rt\u00e9kel\u00e9s\n                    <\/h4>\n                    <div class=\"eha-security-score\">\n                        <div class=\"eha-score-circle\">\n                            <span class=\"eha-score-value\">--<\/span>\n                        <\/div>\n                        <div class=\"eha-score-details\">\n                            <span class=\"eha-score-label\">Biztons\u00e1gi pontsz\u00e1m<\/span>\n                            <span class=\"eha-score-status\"><\/span>\n                        <\/div>\n                    <\/div>\n                    <div class=\"eha-auth-checks\">\n                        <div class=\"eha-auth-item\" data-check=\"spf\">\n                            <span class=\"eha-auth-icon\">\u25cb<\/span>\n                            <span class=\"eha-auth-name\">SPF<\/span>\n                            <span class=\"eha-auth-result\">-<\/span>\n                        <\/div>\n                        <div class=\"eha-auth-item\" data-check=\"dkim\">\n                            <span class=\"eha-auth-icon\">\u25cb<\/span>\n                            <span class=\"eha-auth-name\">DKIM<\/span>\n                            <span class=\"eha-auth-result\">-<\/span>\n                        <\/div>\n                        <div class=\"eha-auth-item\" data-check=\"dmarc\">\n                            <span class=\"eha-auth-icon\">\u25cb<\/span>\n                            <span class=\"eha-auth-name\">DMARC<\/span>\n                            <span class=\"eha-auth-result\">-<\/span>\n                        <\/div>\n                    <\/div>\n                <\/div>\n                \n                <!-- Warnings -->\n                <div class=\"eha-section eha-warnings-section\" style=\"display: none;\">\n                    <h4 class=\"eha-section-title eha-warning-title\">\n                        <svg xmlns=\"http:\/\/www.w3.org\/2000\/svg\" width=\"18\" height=\"18\" viewbox=\"0 0 24 24\" fill=\"none\" stroke=\"currentColor\" stroke-width=\"2\">\n                            <path d=\"M10.29 3.86L1.82 18a2 2 0 0 0 1.71 3h16.94a2 2 0 0 0 1.71-3L13.71 3.86a2 2 0 0 0-3.42 0z\"><\/path>\n                            <line x1=\"12\" y1=\"9\" x2=\"12\" y2=\"13\"><\/line>\n                            <line x1=\"12\" y1=\"17\" x2=\"12.01\" y2=\"17\"><\/line>\n                        <\/svg>\n                        Figyelmeztet\u00e9sek\n                    <\/h4>\n                    <ul class=\"eha-warnings-list\"><\/ul>\n                <\/div>\n                \n                <!-- Basic Info -->\n                <div class=\"eha-section eha-basic-info\">\n                    <h4 class=\"eha-section-title\">\n                        <svg xmlns=\"http:\/\/www.w3.org\/2000\/svg\" width=\"18\" height=\"18\" viewbox=\"0 0 24 24\" fill=\"none\" stroke=\"currentColor\" stroke-width=\"2\">\n                            <path d=\"M4 4h16c1.1 0 2 .9 2 2v12c0 1.1-.9 2-2 2H4c-1.1 0-2-.9-2-2V6c0-1.1.9-2 2-2z\"><\/path>\n                            <polyline points=\"22,6 12,13 2,6\"><\/polyline>\n                        <\/svg>\n                        E-mail inform\u00e1ci\u00f3\n                    <\/h4>\n                    <div class=\"eha-info-grid\">\n                        <div class=\"eha-info-item\">\n                            <span class=\"eha-info-label\">Felad\u00f3:<\/span>\n                            <span class=\"eha-info-value eha-from\"><\/span>\n                        <\/div>\n                        <div class=\"eha-info-item\">\n                            <span class=\"eha-info-label\">C\u00edmzett:<\/span>\n                            <span class=\"eha-info-value eha-to\"><\/span>\n                        <\/div>\n                        <div class=\"eha-info-item\">\n                            <span class=\"eha-info-label\">T\u00e1rgy:<\/span>\n                            <span class=\"eha-info-value eha-subject\"><\/span>\n                        <\/div>\n                        <div class=\"eha-info-item\">\n                            <span class=\"eha-info-label\">D\u00e1tum:<\/span>\n                            <span class=\"eha-info-value eha-date\"><\/span>\n                        <\/div>\n                        <div class=\"eha-info-item\">\n                            <span class=\"eha-info-label\">Visszat\u00e9r\u00e9si \u00fatvonal:<\/span>\n                            <span class=\"eha-info-value eha-return-path\"><\/span>\n                        <\/div>\n                        <div class=\"eha-info-item\">\n                            <span class=\"eha-info-label\">\u00dczenet-azonos\u00edt\u00f3:<\/span>\n                            <span class=\"eha-info-value eha-message-id\"><\/span>\n                        <\/div>\n                    <\/div>\n                <\/div>\n                \n                <!-- Route\/Hops -->\n                <div class=\"eha-section eha-route-section\">\n                    <h4 class=\"eha-section-title\">\n                        <svg xmlns=\"http:\/\/www.w3.org\/2000\/svg\" width=\"18\" height=\"18\" viewbox=\"0 0 24 24\" fill=\"none\" stroke=\"currentColor\" stroke-width=\"2\">\n                            <circle cx=\"12\" cy=\"12\" r=\"10\"><\/circle>\n                            <polygon points=\"16.24 7.76 14.12 14.12 7.76 16.24 9.88 9.88 16.24 7.76\"><\/polygon>\n                        <\/svg>\n                        E-mail \u00fatvonal (Fogadott fejl\u00e9cek)\n                    <\/h4>\n                    <div class=\"eha-route-timeline\"><\/div>\n                <\/div>\n                \n                <!-- Authentication Details -->\n                <div class=\"eha-section eha-auth-details\">\n                    <h4 class=\"eha-section-title\">\n                        <svg xmlns=\"http:\/\/www.w3.org\/2000\/svg\" width=\"18\" height=\"18\" viewbox=\"0 0 24 24\" fill=\"none\" stroke=\"currentColor\" stroke-width=\"2\">\n                            <rect x=\"3\" y=\"11\" width=\"18\" height=\"11\" rx=\"2\" ry=\"2\"><\/rect>\n                            <path d=\"M7 11V7a5 5 0 0 1 10 0v4\"><\/path>\n                        <\/svg>\n                        Hiteles\u00edt\u00e9si r\u00e9szletek\n                    <\/h4>\n                    <div class=\"eha-auth-details-content\"><\/div>\n                <\/div>\n                \n                <!-- All Headers -->\n                <div class=\"eha-section eha-all-headers\">\n                    <button type=\"button\" class=\"eha-toggle-headers\">\n                        <svg xmlns=\"http:\/\/www.w3.org\/2000\/svg\" width=\"16\" height=\"16\" viewbox=\"0 0 24 24\" fill=\"none\" stroke=\"currentColor\" stroke-width=\"2\">\n                            <polyline points=\"6 9 12 15 18 9\"><\/polyline>\n                        <\/svg>\n                        \u00d6sszes fejl\u00e9c megtekint\u00e9se\n                    <\/button>\n                    <div class=\"eha-headers-list\" style=\"display: none;\"><\/div>\n                <\/div>\n                \n            <\/div>\n            \n            <div class=\"eha-privacy-note\">\n                <svg xmlns=\"http:\/\/www.w3.org\/2000\/svg\" width=\"14\" height=\"14\" viewbox=\"0 0 24 24\" fill=\"none\" stroke=\"currentColor\" stroke-width=\"2\">\n                    <path d=\"M12 22s8-4 8-10V5l-8-3-8 3v7c0 6 8 10 8 10z\"\/>\n                    <polyline points=\"9 12 11 14 15 10\"\/>\n                <\/svg>\n                Minden elemz\u00e9s helyben, a b\u00f6ng\u00e9sz\u0151j\u00e9ben t\u00f6rt\u00e9nik \u2014 a fejl\u00e9cek soha nem ker\u00fclnek elk\u00fcld\u00e9sre semmilyen szerverre\n            <\/div>\n        <\/div>\n    <\/div>","protected":false},"excerpt":{"rendered":"<p>Elemezze az e-mail fejl\u00e9ceket a adathal\u00e1sz e-mailek felismer\u00e9s\u00e9hez Az e-mail fejl\u00e9cek felt\u00e1rj\u00e1k minden \u00fczenet val\u00f3di eredet\u00e9t. Illessze be az e-mail fejl\u00e9ceit al\u00e1bb az SPF, DKIM \u00e9s DMARC hiteles\u00edt\u00e9s ellen\u0151rz\u00e9s\u00e9hez, az \u00fczenet nyomon k\u00f6vet\u00e9s\u00e9hez\u2026 <a class=\"more-link\" href=\"https:\/\/securitybriefing.net\/hu\/ingyenes-e-mail-fejlec-elemzo\/\">Folytat\u00e1s <span class=\"screen-reader-text\">Ingyenes e-mail fejl\u00e9c elemz\u0151<\/span><\/a><\/p>","protected":false},"author":1,"featured_media":0,"parent":0,"menu_order":0,"comment_status":"closed","ping_status":"closed","template":"","meta":{"footnotes":""},"class_list":["post-4965","page","type-page","status-publish","hentry","entry"],"yoast_head":"<!-- This site is optimized with the Yoast SEO plugin v26.8 - https:\/\/yoast.com\/product\/yoast-seo-wordpress\/ -->\n<title>Free Email Header Analyzer | Security Briefing<\/title>\n<meta name=\"robots\" content=\"index, follow, max-snippet:-1, max-image-preview:large, max-video-preview:-1\" \/>\n<link rel=\"canonical\" href=\"https:\/\/securitybriefing.net\/hu\/ingyenes-e-mail-fejlec-elemzo\/\" \/>\n<meta property=\"og:locale\" content=\"hu_HU\" \/>\n<meta property=\"og:type\" content=\"article\" \/>\n<meta property=\"og:title\" content=\"Free Email Header Analyzer | Security Briefing\" \/>\n<meta property=\"og:description\" content=\"Analyze Email Headers to Spot Phishing Email headers reveal the true origin of every message. Paste your email headers below to check SPF, DKIM, and DMARC authentication, trace the message&hellip; Continue reading Free Email Header Analyzer\" \/>\n<meta property=\"og:url\" content=\"https:\/\/securitybriefing.net\/hu\/ingyenes-e-mail-fejlec-elemzo\/\" \/>\n<meta property=\"og:site_name\" content=\"Security Briefing\" \/>\n<meta property=\"article:modified_time\" content=\"2025-12-02T23:32:41+00:00\" \/>\n<meta property=\"og:image\" content=\"https:\/\/securitybriefing.net\/wp-content\/uploads\/2025\/09\/main-logo-black.png\" \/>\n\t<meta property=\"og:image:width\" content=\"1200\" \/>\n\t<meta property=\"og:image:height\" content=\"300\" \/>\n\t<meta property=\"og:image:type\" content=\"image\/png\" \/>\n<meta name=\"twitter:card\" content=\"summary_large_image\" \/>\n<meta name=\"twitter:label1\" content=\"Becs\u00fclt olvas\u00e1si id\u0151\" \/>\n\t<meta name=\"twitter:data1\" content=\"1 perc\" \/>\n<script type=\"application\/ld+json\" class=\"yoast-schema-graph\">{\"@context\":\"https:\/\/schema.org\",\"@graph\":[{\"@type\":\"WebPage\",\"@id\":\"https:\/\/securitybriefing.net\/free-email-header-analyzer\/\",\"url\":\"https:\/\/securitybriefing.net\/free-email-header-analyzer\/\",\"name\":\"Free Email Header Analyzer | Security Briefing\",\"isPartOf\":{\"@id\":\"https:\/\/securitybriefing.net\/#website\"},\"datePublished\":\"2025-12-02T23:32:40+00:00\",\"dateModified\":\"2025-12-02T23:32:41+00:00\",\"breadcrumb\":{\"@id\":\"https:\/\/securitybriefing.net\/free-email-header-analyzer\/#breadcrumb\"},\"inLanguage\":\"hu\",\"potentialAction\":[{\"@type\":\"ReadAction\",\"target\":[\"https:\/\/securitybriefing.net\/free-email-header-analyzer\/\"]}]},{\"@type\":\"BreadcrumbList\",\"@id\":\"https:\/\/securitybriefing.net\/free-email-header-analyzer\/#breadcrumb\",\"itemListElement\":[{\"@type\":\"ListItem\",\"position\":1,\"name\":\"Home\",\"item\":\"https:\/\/securitybriefing.net\/\"},{\"@type\":\"ListItem\",\"position\":2,\"name\":\"Free Email Header Analyzer\"}]},{\"@type\":\"WebSite\",\"@id\":\"https:\/\/securitybriefing.net\/#website\",\"url\":\"https:\/\/securitybriefing.net\/\",\"name\":\"Security Briefing\",\"description\":\"Read cybersecurity news, online safety guides, cyber threat updates, and use free security tools from Security Briefing.\",\"publisher\":{\"@id\":\"https:\/\/securitybriefing.net\/#organization\"},\"potentialAction\":[{\"@type\":\"SearchAction\",\"target\":{\"@type\":\"EntryPoint\",\"urlTemplate\":\"https:\/\/securitybriefing.net\/?s={search_term_string}\"},\"query-input\":{\"@type\":\"PropertyValueSpecification\",\"valueRequired\":true,\"valueName\":\"search_term_string\"}}],\"inLanguage\":\"hu\"},{\"@type\":\"Organization\",\"@id\":\"https:\/\/securitybriefing.net\/#organization\",\"name\":\"Security Briefing\",\"url\":\"https:\/\/securitybriefing.net\/\",\"logo\":{\"@type\":\"ImageObject\",\"inLanguage\":\"hu\",\"@id\":\"https:\/\/securitybriefing.net\/#\/schema\/logo\/image\/\",\"url\":\"https:\/\/securitybriefing.net\/wp-content\/uploads\/2023\/06\/security-briefing-logo-5.png\",\"contentUrl\":\"https:\/\/securitybriefing.net\/wp-content\/uploads\/2023\/06\/security-briefing-logo-5.png\",\"width\":256,\"height\":70,\"caption\":\"Security Briefing\"},\"image\":{\"@id\":\"https:\/\/securitybriefing.net\/#\/schema\/logo\/image\/\"}}]}<\/script>\n<!-- \/ Yoast SEO plugin. -->","yoast_head_json":{"title":"Ingyenes E-mail Fejl\u00e9c Elemz\u0151 | Biztons\u00e1gi T\u00e1j\u00e9koztat\u00f3","robots":{"index":"index","follow":"follow","max-snippet":"max-snippet:-1","max-image-preview":"max-image-preview:large","max-video-preview":"max-video-preview:-1"},"canonical":"https:\/\/securitybriefing.net\/hu\/ingyenes-e-mail-fejlec-elemzo\/","og_locale":"hu_HU","og_type":"article","og_title":"Free Email Header Analyzer | Security Briefing","og_description":"Analyze Email Headers to Spot Phishing Email headers reveal the true origin of every message. Paste your email headers below to check SPF, DKIM, and DMARC authentication, trace the message&hellip; Continue reading Free Email Header Analyzer","og_url":"https:\/\/securitybriefing.net\/hu\/ingyenes-e-mail-fejlec-elemzo\/","og_site_name":"Security Briefing","article_modified_time":"2025-12-02T23:32:41+00:00","og_image":[{"width":1200,"height":300,"url":"https:\/\/securitybriefing.net\/wp-content\/uploads\/2025\/09\/main-logo-black.png","type":"image\/png"}],"twitter_card":"summary_large_image","twitter_misc":{"Becs\u00fclt olvas\u00e1si id\u0151":"1 perc"},"schema":{"@context":"https:\/\/schema.org","@graph":[{"@type":"WebPage","@id":"https:\/\/securitybriefing.net\/free-email-header-analyzer\/","url":"https:\/\/securitybriefing.net\/free-email-header-analyzer\/","name":"Ingyenes E-mail Fejl\u00e9c Elemz\u0151 | Biztons\u00e1gi T\u00e1j\u00e9koztat\u00f3","isPartOf":{"@id":"https:\/\/securitybriefing.net\/#website"},"datePublished":"2025-12-02T23:32:40+00:00","dateModified":"2025-12-02T23:32:41+00:00","breadcrumb":{"@id":"https:\/\/securitybriefing.net\/free-email-header-analyzer\/#breadcrumb"},"inLanguage":"hu","potentialAction":[{"@type":"ReadAction","target":["https:\/\/securitybriefing.net\/free-email-header-analyzer\/"]}]},{"@type":"BreadcrumbList","@id":"https:\/\/securitybriefing.net\/free-email-header-analyzer\/#breadcrumb","itemListElement":[{"@type":"ListItem","position":1,"name":"Home","item":"https:\/\/securitybriefing.net\/"},{"@type":"ListItem","position":2,"name":"Free Email Header Analyzer"}]},{"@type":"WebSite","@id":"https:\/\/securitybriefing.net\/#website","url":"https:\/\/securitybriefing.net\/","name":"Biztons\u00e1gi t\u00e1j\u00e9koztat\u00f3","description":"Read cybersecurity news, online safety guides, cyber threat updates, and use free security tools from Security Briefing.","publisher":{"@id":"https:\/\/securitybriefing.net\/#organization"},"potentialAction":[{"@type":"SearchAction","target":{"@type":"EntryPoint","urlTemplate":"https:\/\/securitybriefing.net\/?s={search_term_string}"},"query-input":{"@type":"PropertyValueSpecification","valueRequired":true,"valueName":"search_term_string"}}],"inLanguage":"hu"},{"@type":"Organization","@id":"https:\/\/securitybriefing.net\/#organization","name":"Biztons\u00e1gi t\u00e1j\u00e9koztat\u00f3","url":"https:\/\/securitybriefing.net\/","logo":{"@type":"ImageObject","inLanguage":"hu","@id":"https:\/\/securitybriefing.net\/#\/schema\/logo\/image\/","url":"https:\/\/securitybriefing.net\/wp-content\/uploads\/2023\/06\/security-briefing-logo-5.png","contentUrl":"https:\/\/securitybriefing.net\/wp-content\/uploads\/2023\/06\/security-briefing-logo-5.png","width":256,"height":70,"caption":"Security Briefing"},"image":{"@id":"https:\/\/securitybriefing.net\/#\/schema\/logo\/image\/"}}]}},"_links":{"self":[{"href":"https:\/\/securitybriefing.net\/hu\/wp-json\/wp\/v2\/pages\/4965","targetHints":{"allow":["GET"]}}],"collection":[{"href":"https:\/\/securitybriefing.net\/hu\/wp-json\/wp\/v2\/pages"}],"about":[{"href":"https:\/\/securitybriefing.net\/hu\/wp-json\/wp\/v2\/types\/page"}],"author":[{"embeddable":true,"href":"https:\/\/securitybriefing.net\/hu\/wp-json\/wp\/v2\/users\/1"}],"replies":[{"embeddable":true,"href":"https:\/\/securitybriefing.net\/hu\/wp-json\/wp\/v2\/comments?post=4965"}],"version-history":[{"count":1,"href":"https:\/\/securitybriefing.net\/hu\/wp-json\/wp\/v2\/pages\/4965\/revisions"}],"predecessor-version":[{"id":4967,"href":"https:\/\/securitybriefing.net\/hu\/wp-json\/wp\/v2\/pages\/4965\/revisions\/4967"}],"wp:attachment":[{"href":"https:\/\/securitybriefing.net\/hu\/wp-json\/wp\/v2\/media?parent=4965"}],"curies":[{"name":"wp","href":"https:\/\/api.w.org\/{rel}","templated":true}]}}