{"id":1819,"date":"2022-06-16T15:55:48","date_gmt":"2022-06-16T15:55:48","guid":{"rendered":"http:\/\/securitybriefing.net\/?page_id=3"},"modified":"2023-08-20T00:28:12","modified_gmt":"2023-08-20T00:28:12","slug":"informativa-sulla-privacy","status":"publish","type":"page","link":"https:\/\/securitybriefing.net\/it\/informativa-sulla-privacy\/","title":{"rendered":"Informativa sulla privacy"},"content":{"rendered":"<h2 class=\"wp-block-heading\" id=\"privacy-policy-for-securitybriefingnet\">Informativa sulla privacy per securitybriefing.net<\/h2>\n\n\n<p>Al Security Briefing, accessibile da <a href=\"https:\/\/securitybriefing.net\/it\/\">https:\/\/securitybriefing.net<\/a>\/Una delle nostre principali priorit\u00e0 \u00e8 la privacy dei nostri visitatori. Questo documento sulla privacy contiene i tipi di informazioni raccolte e registrate da Security Briefing e il modo in cui le utilizziamo.<\/p>\n\n\n\n<p>Se avete ulteriori domande o desiderate maggiori informazioni sulla nostra Informativa sulla privacy, non esitate a contattarci.<\/p>\n\n\n\n<p>La presente Informativa sulla privacy si applica solo alle nostre attivit\u00e0 online ed \u00e8 valida per i visitatori del nostro sito web per quanto riguarda le informazioni che hanno condiviso e\/o raccolto in Security Briefing. Questa politica non si applica alle informazioni raccolte offline o tramite canali diversi da questo sito web. <\/p>\n\n\n<h2 class=\"wp-block-heading\" id=\"consent\">Consenso<\/h2>\n\n\n<p>Utilizzando il nostro sito web, l'utente acconsente alla nostra Informativa sulla privacy e ne accetta i termini.<\/p>\n\n\n<h2 class=\"wp-block-heading\" id=\"information-we-collect\">Informazioni raccolte<\/h2>\n\n\n<p>I dati personali che vi vengono richiesti e i motivi per cui vi vengono richiesti vi saranno chiariti nel momento in cui vi chiediamo di fornire i vostri dati personali.<\/p>\n\n\n\n<p>Se ci contattate direttamente, potremmo ricevere ulteriori informazioni su di voi, come il vostro nome, l'indirizzo e-mail, il numero di telefono, il contenuto del messaggio e\/o degli allegati che ci inviate e qualsiasi altra informazione che decidiate di fornirci.<\/p>\n\n\n\n<p>Quando l'utente si registra per un Account, potremmo richiedere le sue informazioni di contatto, tra cui nome, ragione sociale, indirizzo, indirizzo e-mail e numero di telefono.<\/p>\n\n\n<h2 class=\"wp-block-heading\" id=\"how-we-use-your-information\">Come utilizziamo le vostre informazioni<\/h2>\n\n\n<p>Utilizziamo le informazioni raccolte in vari modi, tra cui per:<\/p>\n\n\n\n<ul class=\"wp-block-list\"><li>Fornire, gestire e mantenere il nostro sito web<\/li><li>Migliorare, personalizzare ed espandere il nostro sito web<\/li><li>Capire e analizzare il modo in cui l'utente utilizza il nostro sito web<\/li><li>Sviluppare nuovi prodotti, servizi, caratteristiche e funzionalit\u00e0.<\/li><li>Comunicare con voi, direttamente o tramite uno dei nostri partner, anche per il servizio clienti, per fornirvi aggiornamenti e altre informazioni relative al sito web e per scopi di marketing e promozionali.<\/li><li>Inviarvi e-mail<\/li><li>Individuare e prevenire le frodi<\/li><\/ul>\n\n\n<h2 class=\"wp-block-heading\" id=\"log-files\">File di registro<\/h2>\n\n\n<p>Security Briefing segue una procedura standard di utilizzo dei file di log. Questi file registrano i visitatori quando visitano i siti web. Tutte le societ\u00e0 di hosting lo fanno e fanno parte dell'analisi dei servizi di hosting. Le informazioni raccolte dai file di registro includono gli indirizzi del protocollo Internet (IP), il tipo di browser, l'Internet Service Provider (ISP), la data e l'ora, le pagine di riferimento\/uscita ed eventualmente il numero di clic. Questi dati non sono collegati ad alcuna informazione di identificazione personale. Lo scopo di queste informazioni \u00e8 l'analisi delle tendenze, l'amministrazione del sito, il monitoraggio dei movimenti degli utenti sul sito e la raccolta di informazioni demografiche.<\/p>\n\n\n<h2 class=\"wp-block-heading\" id=\"cookies-and-web-beacons\">Cookie e Web Beacon<\/h2>\n\n\n<p>Come qualsiasi altro sito web, Security Briefing utilizza i \"cookie\". Questi cookie vengono utilizzati per memorizzare informazioni, tra cui le preferenze dei visitatori e le pagine del sito web a cui il visitatore ha avuto accesso o che ha visitato. Le informazioni vengono utilizzate per ottimizzare l'esperienza degli utenti, personalizzando il contenuto delle nostre pagine web in base al tipo di browser dei visitatori e\/o ad altre informazioni.<\/p>\n\n\n<h2 class=\"wp-block-heading\" id=\"our-advertising-partners\">I nostri partner pubblicitari<\/h2>\n\n\n<p>Alcuni degli inserzionisti presenti sul nostro sito possono utilizzare cookie e web beacon. I nostri partner pubblicitari sono elencati di seguito. Ciascuno dei nostri partner pubblicitari ha una propria Informativa sulla privacy per quanto riguarda i dati degli utenti. Per facilitarne l'accesso, abbiamo creato un collegamento ipertestuale alle loro politiche sulla privacy.<\/p>\n\n\n\n<ul class=\"wp-block-list\"><li>Google<a href=\"https:\/\/policies.google.com\/technologies\/ads\">https:\/\/policies.google.com\/technologies\/ads<\/a><\/li><\/ul>\n\n\n<h2 class=\"wp-block-heading\" id=\"advertising-partners-privacy-policies\">Partner pubblicitari Informativa sulla privacy<\/h2>\n\n\n<p>L'utente pu\u00f2 consultare questo elenco per trovare l'informativa sulla privacy di ciascuno dei partner pubblicitari di Security Briefing.<\/p>\n\n\n\n<p>I server pubblicitari di terze parti o le reti pubblicitarie utilizzano tecnologie come cookie, JavaScript o Web Beacon che vengono utilizzati nei rispettivi annunci e link che appaiono su Security Briefing e che vengono inviati direttamente al browser degli utenti. In questo caso, ricevono automaticamente l'indirizzo IP dell'utente. Queste tecnologie vengono utilizzate per misurare l'efficacia delle loro campagne pubblicitarie e\/o per personalizzare il contenuto pubblicitario che vedete sui siti web che visitate.<\/p>\n\n\n\n<p>Si noti che Security Briefing non ha accesso o controllo su questi cookie utilizzati dagli inserzionisti di terze parti.<\/p>\n\n\n<h2 class=\"wp-block-heading\" id=\"third-party-privacy-policies\">Politiche sulla privacy di terzi<\/h2>\n\n\n<p>La politica sulla privacy di Security Briefing non si applica ad altri inserzionisti o siti web. Pertanto, vi consigliamo di consultare le rispettive politiche sulla privacy di questi server pubblicitari di terze parti per informazioni pi\u00f9 dettagliate. Queste possono includere le loro pratiche e le istruzioni su come rinunciare a determinate opzioni.<\/p>\n\n\n\n<p>\u00c8 possibile scegliere di disabilitare i cookie attraverso le opzioni del browser. Per informazioni pi\u00f9 dettagliate sulla gestione dei cookie con specifici browser web, \u00e8 possibile consultare i rispettivi siti web.<\/p>\n\n\n<h2 class=\"wp-block-heading\" id=\"ccpa-privacy-rights-do-not-sell-my-personal-information\">Diritti alla privacy CCPA (non vendere le mie informazioni personali)<\/h2>\n\n\n<p>Ai sensi del CCPA, tra gli altri diritti, i consumatori californiani hanno il diritto di:<\/p>\n\n\n\n<p>Richiedere che un'azienda che raccoglie i dati personali di un consumatore divulghi le categorie e i dati personali specifici che l'azienda ha raccolto sui consumatori.<\/p>\n\n\n\n<p>Richiedere che un'azienda cancelli tutti i dati personali del consumatore che ha raccolto.<\/p>\n\n\n\n<p>Richiedere che un'azienda che vende i dati personali di un consumatore non venda i dati personali del consumatore.<\/p>\n\n\n\n<p>In caso di richiesta, abbiamo un mese di tempo per rispondere. Vi preghiamo di contattarci se desiderate esercitare uno di questi diritti.<\/p>\n\n\n<h2 class=\"wp-block-heading\" id=\"gdpr-data-protection-rights\">Diritti di protezione dei dati GDPR<\/h2>\n\n\n<p>Desideriamo assicurarci che l'utente sia pienamente consapevole di tutti i suoi diritti in materia di protezione dei dati. Ogni utente ha diritto a quanto segue:<\/p>\n\n\n\n<p>Diritto di accesso - Avete il diritto di richiedere copie dei vostri dati personali. Potremmo addebitarvi un piccolo costo per questo servizio.<\/p>\n\n\n\n<p>Diritto di rettifica - L'utente ha il diritto di richiedere la correzione delle informazioni che ritiene inesatte. Ha inoltre il diritto di richiedere che vengano completate le informazioni che ritiene incomplete.<\/p>\n\n\n\n<p>Diritto alla cancellazione - Avete il diritto di richiedere la cancellazione dei vostri dati personali, a determinate condizioni.<\/p>\n\n\n\n<p>Diritto di limitare l'elaborazione - Avete il diritto di richiedere la limitazione dell'elaborazione dei vostri dati personali, a determinate condizioni.<\/p>\n\n\n\n<p>Diritto di opposizione al trattamento - Avete il diritto di opporvi al trattamento dei vostri dati da parte nostra, a determinate condizioni.<\/p>\n\n\n\n<p>Diritto alla portabilit\u00e0 dei dati - Avete il diritto di richiedere il trasferimento dei dati da noi raccolti a un'altra organizzazione o direttamente a voi, a determinate condizioni.<\/p>\n\n\n\n<p>In caso di richiesta, abbiamo un mese di tempo per rispondere. Vi preghiamo di contattarci se desiderate esercitare uno di questi diritti.<\/p>\n\n\n<h2 class=\"wp-block-heading\" id=\"childrens-information\">Informazioni sui bambini<\/h2>\n\n\n<p>Un'altra parte della nostra priorit\u00e0 \u00e8 l'aggiunta di una protezione per i bambini durante l'utilizzo di Internet. Incoraggiamo genitori e tutori a osservare, partecipare e\/o monitorare e guidare la loro attivit\u00e0 online.<\/p>\n\n\n\n<p>Security Briefing non raccoglie consapevolmente alcuna informazione di identificazione personale da bambini di et\u00e0 inferiore ai 13 anni. Se pensate che vostro figlio abbia fornito questo tipo di informazioni sul nostro sito web, vi invitiamo a contattarci immediatamente e faremo del nostro meglio per rimuovere prontamente tali informazioni dai nostri archivi.<\/p>","protected":false},"excerpt":{"rendered":"<p>Informativa sulla privacy per securitybriefing.net Presso Security Briefing, accessibile da https:\/\/securitybriefing.net\/, una delle nostre principali priorit\u00e0 \u00e8 la privacy dei nostri visitatori. Questo documento sull'Informativa sulla privacy contiene i tipi di informazioni raccolte\u2026 <a class=\"more-link\" href=\"https:\/\/securitybriefing.net\/it\/informativa-sulla-privacy\/\">Continue reading <span class=\"screen-reader-text\">Informativa sulla privacy<\/span><\/a><\/p>","protected":false},"author":1,"featured_media":0,"parent":0,"menu_order":0,"comment_status":"closed","ping_status":"closed","template":"","meta":{"footnotes":""},"class_list":["post-1819","page","type-page","status-publish","hentry","entry"],"yoast_head":"<!-- This site is optimized with the Yoast SEO plugin v26.8 - https:\/\/yoast.com\/product\/yoast-seo-wordpress\/ -->\n<title>Privacy Policy | Security Briefing<\/title>\n<meta name=\"robots\" content=\"index, follow, max-snippet:-1, max-image-preview:large, max-video-preview:-1\" \/>\n<link rel=\"canonical\" href=\"https:\/\/securitybriefing.net\/it\/informativa-sulla-privacy\/\" \/>\n<meta property=\"og:locale\" content=\"it_IT\" \/>\n<meta property=\"og:type\" content=\"article\" \/>\n<meta property=\"og:title\" content=\"Privacy Policy | Security Briefing\" \/>\n<meta property=\"og:description\" content=\"Privacy Policy for securitybriefing.net At Security Briefing, accessible from https:\/\/securitybriefing.net\/, one of our main priorities is the privacy of our visitors. This Privacy Policy document contains types of information collected&hellip; Continua a leggere Privacy Policy\" \/>\n<meta property=\"og:url\" content=\"https:\/\/securitybriefing.net\/it\/informativa-sulla-privacy\/\" \/>\n<meta property=\"og:site_name\" content=\"Security Briefing\" \/>\n<meta property=\"article:modified_time\" content=\"2023-08-20T00:28:12+00:00\" \/>\n<meta property=\"og:image\" content=\"https:\/\/securitybriefing.net\/wp-content\/uploads\/2025\/09\/main-logo-black.png\" \/>\n\t<meta property=\"og:image:width\" content=\"1200\" \/>\n\t<meta property=\"og:image:height\" content=\"300\" \/>\n\t<meta property=\"og:image:type\" content=\"image\/png\" \/>\n<meta name=\"twitter:card\" content=\"summary_large_image\" \/>\n<meta name=\"twitter:label1\" content=\"Tempo di lettura stimato\" \/>\n\t<meta name=\"twitter:data1\" content=\"6 minuti\" \/>\n<script type=\"application\/ld+json\" class=\"yoast-schema-graph\">{\"@context\":\"https:\/\/schema.org\",\"@graph\":[{\"@type\":\"WebPage\",\"@id\":\"https:\/\/securitybriefing.net\/privacy-policy\/\",\"url\":\"https:\/\/securitybriefing.net\/privacy-policy\/\",\"name\":\"Privacy Policy | Security Briefing\",\"isPartOf\":{\"@id\":\"https:\/\/securitybriefing.net\/#website\"},\"datePublished\":\"2022-06-16T15:55:48+00:00\",\"dateModified\":\"2023-08-20T00:28:12+00:00\",\"breadcrumb\":{\"@id\":\"https:\/\/securitybriefing.net\/privacy-policy\/#breadcrumb\"},\"inLanguage\":\"it-IT\",\"potentialAction\":[{\"@type\":\"ReadAction\",\"target\":[\"https:\/\/securitybriefing.net\/privacy-policy\/\"]}]},{\"@type\":\"BreadcrumbList\",\"@id\":\"https:\/\/securitybriefing.net\/privacy-policy\/#breadcrumb\",\"itemListElement\":[{\"@type\":\"ListItem\",\"position\":1,\"name\":\"Home\",\"item\":\"https:\/\/securitybriefing.net\/\"},{\"@type\":\"ListItem\",\"position\":2,\"name\":\"Privacy Policy\"}]},{\"@type\":\"WebSite\",\"@id\":\"https:\/\/securitybriefing.net\/#website\",\"url\":\"https:\/\/securitybriefing.net\/\",\"name\":\"Security Briefing\",\"description\":\"Read cybersecurity news, online safety guides, cyber threat updates, and use free security tools from Security Briefing.\",\"publisher\":{\"@id\":\"https:\/\/securitybriefing.net\/#organization\"},\"potentialAction\":[{\"@type\":\"SearchAction\",\"target\":{\"@type\":\"EntryPoint\",\"urlTemplate\":\"https:\/\/securitybriefing.net\/?s={search_term_string}\"},\"query-input\":{\"@type\":\"PropertyValueSpecification\",\"valueRequired\":true,\"valueName\":\"search_term_string\"}}],\"inLanguage\":\"it-IT\"},{\"@type\":\"Organization\",\"@id\":\"https:\/\/securitybriefing.net\/#organization\",\"name\":\"Security Briefing\",\"url\":\"https:\/\/securitybriefing.net\/\",\"logo\":{\"@type\":\"ImageObject\",\"inLanguage\":\"it-IT\",\"@id\":\"https:\/\/securitybriefing.net\/#\/schema\/logo\/image\/\",\"url\":\"https:\/\/securitybriefing.net\/wp-content\/uploads\/2023\/06\/security-briefing-logo-5.png\",\"contentUrl\":\"https:\/\/securitybriefing.net\/wp-content\/uploads\/2023\/06\/security-briefing-logo-5.png\",\"width\":256,\"height\":70,\"caption\":\"Security Briefing\"},\"image\":{\"@id\":\"https:\/\/securitybriefing.net\/#\/schema\/logo\/image\/\"}}]}<\/script>\n<!-- \/ Yoast SEO plugin. -->","yoast_head_json":{"title":"Informativa sulla privacy | Briefing sulla sicurezza","robots":{"index":"index","follow":"follow","max-snippet":"max-snippet:-1","max-image-preview":"max-image-preview:large","max-video-preview":"max-video-preview:-1"},"canonical":"https:\/\/securitybriefing.net\/it\/informativa-sulla-privacy\/","og_locale":"it_IT","og_type":"article","og_title":"Privacy Policy | Security Briefing","og_description":"Privacy Policy for securitybriefing.net At Security Briefing, accessible from https:\/\/securitybriefing.net\/, one of our main priorities is the privacy of our visitors. This Privacy Policy document contains types of information collected&hellip; Continua a leggere Privacy Policy","og_url":"https:\/\/securitybriefing.net\/it\/informativa-sulla-privacy\/","og_site_name":"Security Briefing","article_modified_time":"2023-08-20T00:28:12+00:00","og_image":[{"width":1200,"height":300,"url":"https:\/\/securitybriefing.net\/wp-content\/uploads\/2025\/09\/main-logo-black.png","type":"image\/png"}],"twitter_card":"summary_large_image","twitter_misc":{"Tempo di lettura stimato":"6 minuti"},"schema":{"@context":"https:\/\/schema.org","@graph":[{"@type":"WebPage","@id":"https:\/\/securitybriefing.net\/privacy-policy\/","url":"https:\/\/securitybriefing.net\/privacy-policy\/","name":"Informativa sulla privacy | Briefing sulla sicurezza","isPartOf":{"@id":"https:\/\/securitybriefing.net\/#website"},"datePublished":"2022-06-16T15:55:48+00:00","dateModified":"2023-08-20T00:28:12+00:00","breadcrumb":{"@id":"https:\/\/securitybriefing.net\/privacy-policy\/#breadcrumb"},"inLanguage":"it-IT","potentialAction":[{"@type":"ReadAction","target":["https:\/\/securitybriefing.net\/privacy-policy\/"]}]},{"@type":"BreadcrumbList","@id":"https:\/\/securitybriefing.net\/privacy-policy\/#breadcrumb","itemListElement":[{"@type":"ListItem","position":1,"name":"Home","item":"https:\/\/securitybriefing.net\/"},{"@type":"ListItem","position":2,"name":"Privacy Policy"}]},{"@type":"WebSite","@id":"https:\/\/securitybriefing.net\/#website","url":"https:\/\/securitybriefing.net\/","name":"Briefing sulla sicurezza","description":"Read cybersecurity news, online safety guides, cyber threat updates, and use free security tools from Security Briefing.","publisher":{"@id":"https:\/\/securitybriefing.net\/#organization"},"potentialAction":[{"@type":"SearchAction","target":{"@type":"EntryPoint","urlTemplate":"https:\/\/securitybriefing.net\/?s={search_term_string}"},"query-input":{"@type":"PropertyValueSpecification","valueRequired":true,"valueName":"search_term_string"}}],"inLanguage":"it-IT"},{"@type":"Organization","@id":"https:\/\/securitybriefing.net\/#organization","name":"Briefing sulla sicurezza","url":"https:\/\/securitybriefing.net\/","logo":{"@type":"ImageObject","inLanguage":"it-IT","@id":"https:\/\/securitybriefing.net\/#\/schema\/logo\/image\/","url":"https:\/\/securitybriefing.net\/wp-content\/uploads\/2023\/06\/security-briefing-logo-5.png","contentUrl":"https:\/\/securitybriefing.net\/wp-content\/uploads\/2023\/06\/security-briefing-logo-5.png","width":256,"height":70,"caption":"Security Briefing"},"image":{"@id":"https:\/\/securitybriefing.net\/#\/schema\/logo\/image\/"}}]}},"_links":{"self":[{"href":"https:\/\/securitybriefing.net\/it\/wp-json\/wp\/v2\/pages\/1819","targetHints":{"allow":["GET"]}}],"collection":[{"href":"https:\/\/securitybriefing.net\/it\/wp-json\/wp\/v2\/pages"}],"about":[{"href":"https:\/\/securitybriefing.net\/it\/wp-json\/wp\/v2\/types\/page"}],"author":[{"embeddable":true,"href":"https:\/\/securitybriefing.net\/it\/wp-json\/wp\/v2\/users\/1"}],"replies":[{"embeddable":true,"href":"https:\/\/securitybriefing.net\/it\/wp-json\/wp\/v2\/comments?post=1819"}],"version-history":[{"count":0,"href":"https:\/\/securitybriefing.net\/it\/wp-json\/wp\/v2\/pages\/1819\/revisions"}],"wp:attachment":[{"href":"https:\/\/securitybriefing.net\/it\/wp-json\/wp\/v2\/media?parent=1819"}],"curies":[{"name":"wp","href":"https:\/\/api.w.org\/{rel}","templated":true}]}}