{"id":1819,"date":"2022-06-16T15:55:48","date_gmt":"2022-06-16T15:55:48","guid":{"rendered":"http:\/\/securitybriefing.net\/?page_id=3"},"modified":"2023-08-20T00:28:12","modified_gmt":"2023-08-20T00:28:12","slug":"politica-de-confidentialitate","status":"publish","type":"page","link":"https:\/\/securitybriefing.net\/ro\/politica-de-confidentialitate\/","title":{"rendered":"Politica de confiden\u021bialitate"},"content":{"rendered":"<h2 class=\"wp-block-heading\" id=\"privacy-policy-for-securitybriefingnet\">Politica de Confiden\u021bialitate pentru securitybriefing.net<\/h2>\n\n\n<p>La Security Briefing, accesibil de la <a href=\"https:\/\/securitybriefing.net\/ro\/\">https:\/\/securitybriefing.net<\/a>\/, una dintre priorit\u0103\u021bile noastre principale este confiden\u021bialitatea vizitatorilor no\u0219tri. Acest document de Politic\u0103 de Confiden\u021bialitate con\u021bine tipurile de informa\u021bii colectate \u0219i \u00eenregistrate de Security Briefing \u0219i modul \u00een care le utiliz\u0103m.<\/p>\n\n\n\n<p>Dac\u0103 ave\u021bi \u00eentreb\u0103ri suplimentare sau ave\u021bi nevoie de mai multe informa\u021bii despre Politica noastr\u0103 de Confiden\u021bialitate, nu ezita\u021bi s\u0103 ne contacta\u021bi.<\/p>\n\n\n\n<p>Aceast\u0103 Politic\u0103 de Confiden\u021bialitate se aplic\u0103 doar activit\u0103\u021bilor noastre online \u0219i este valabil\u0103 pentru vizitatorii site-ului nostru web \u00een ceea ce prive\u0219te informa\u021biile pe care le-au \u00eemp\u0103rt\u0103\u0219it \u0219i\/sau colectat \u00een Security Briefing. Aceast\u0103 politic\u0103 nu se aplic\u0103 niciunei informa\u021bii colectate offline sau prin canale altele dec\u00e2t acest site web. <\/p>\n\n\n<h2 class=\"wp-block-heading\" id=\"consent\">Consim\u021b\u0103m\u00e2nt<\/h2>\n\n\n<p>Prin utilizarea site-ului nostru web, v\u0103 da\u021bi consim\u021b\u0103m\u00e2ntul pentru Politica noastr\u0103 de Confiden\u021bialitate \u0219i sunte\u021bi de acord cu termenii acesteia.<\/p>\n\n\n<h2 class=\"wp-block-heading\" id=\"information-we-collect\">Informa\u021biile pe care le colect\u0103m<\/h2>\n\n\n<p>Informa\u021biile personale pe care vi se cere s\u0103 le furniza\u021bi \u0219i motivele pentru care vi se cere s\u0103 le furniza\u021bi vor fi clarificate \u00een momentul \u00een care vi se cere s\u0103 furniza\u021bi informa\u021biile dvs. personale.<\/p>\n\n\n\n<p>Dac\u0103 ne contacta\u021bi direct, este posibil s\u0103 primim informa\u021bii suplimentare despre dvs., cum ar fi numele dvs., adresa de email, num\u0103rul de telefon, con\u021binutul mesajului \u0219i\/sau ata\u0219amentele pe care ni le pute\u021bi trimite \u0219i orice alte informa\u021bii pe care alege\u021bi s\u0103 le furniza\u021bi.<\/p>\n\n\n\n<p>C\u00e2nd v\u0103 \u00eenregistra\u021bi pentru un Cont, este posibil s\u0103 v\u0103 cerem informa\u021bii de contact, inclusiv elemente precum numele, numele companiei, adresa, adresa de email \u0219i num\u0103rul de telefon.<\/p>\n\n\n<h2 class=\"wp-block-heading\" id=\"how-we-use-your-information\">Cum folosim informa\u021biile dvs.<\/h2>\n\n\n<p>Folosim informa\u021biile pe care le colect\u0103m \u00een diverse moduri, inclusiv pentru a:<\/p>\n\n\n\n<ul class=\"wp-block-list\"><li>Furniza, opera \u0219i men\u021bine site-ul nostru web<\/li><li>\u00cembun\u0103t\u0103\u021bi, personaliza \u0219i extinde site-ul nostru web<\/li><li>\u00cen\u021belege \u0219i analiza cum utiliza\u021bi site-ul nostru web<\/li><li>Dezvolta noi produse, servicii, caracteristici \u0219i func\u021bionalit\u0103\u021bi<\/li><li>Comunica cu dvs., fie direct, fie prin unul dintre partenerii no\u0219tri, inclusiv pentru servicii pentru clien\u021bi, pentru a v\u0103 oferi actualiz\u0103ri \u0219i alte informa\u021bii referitoare la site-ul web \u0219i \u00een scopuri de marketing \u0219i promovare<\/li><li>Trimite email-uri<\/li><li>Detecta \u0219i preveni frauda<\/li><\/ul>\n\n\n<h2 class=\"wp-block-heading\" id=\"log-files\">Fi\u0219iere jurnal<\/h2>\n\n\n<p>Security Briefing urmeaz\u0103 o procedur\u0103 standard de utilizare a fi\u0219ierelor jurnal. Aceste fi\u0219iere \u00eenregistreaz\u0103 vizitatorii atunci c\u00e2nd viziteaz\u0103 site-uri web. Toate companiile de g\u0103zduire fac acest lucru \u0219i o parte din analizele serviciilor de g\u0103zduire. Informa\u021biile colectate de fi\u0219ierele jurnal includ adresele de protocol internet (IP), tipul de browser, Furnizorul de Servicii Internet (ISP), data \u0219i ora, paginile de referin\u021b\u0103\/ie\u0219ire \u0219i, posibil, num\u0103rul de clicuri. Acestea nu sunt legate de nicio informa\u021bie personal\u0103 identificabil\u0103. Scopul informa\u021biilor este de a analiza tendin\u021bele, de a administra site-ul, de a urm\u0103ri mi\u0219carea utilizatorilor pe site-ul web \u0219i de a aduna informa\u021bii demografice.<\/p>\n\n\n<h2 class=\"wp-block-heading\" id=\"cookies-and-web-beacons\">Cookie-uri \u0219i Semnalizatoare Web<\/h2>\n\n\n<p>Ca orice alt site web, Security Briefing folose\u0219te \u2018cookie-uri\u2019. Aceste cookie-uri sunt utilizate pentru a stoca informa\u021bii, inclusiv preferin\u021bele vizitatorilor \u0219i paginile de pe site-ul web pe care vizitatorul le-a accesat sau vizitat. Informa\u021biile sunt utilizate pentru a optimiza experien\u021ba utilizatorilor prin personalizarea con\u021binutului paginii noastre web pe baza tipului de browser al vizitatorilor \u0219i\/sau a altor informa\u021bii.<\/p>\n\n\n<h2 class=\"wp-block-heading\" id=\"our-advertising-partners\">Partenerii no\u0219tri de publicitate<\/h2>\n\n\n<p>Unii dintre agen\u021bii de publicitate de pe site-ul nostru pot folosi cookie-uri \u0219i semnalizatoare web. Partenerii no\u0219tri de publicitate sunt enumera\u021bi mai jos. Fiecare dintre partenerii no\u0219tri de publicitate are propria Politic\u0103 de Confiden\u021bialitate pentru politicile lor privind datele utilizatorilor. Pentru un acces mai u\u0219or, am hiperlinkat Politicile lor de Confiden\u021bialitate mai jos.<\/p>\n\n\n\n<ul class=\"wp-block-list\"><li>Google<a href=\"https:\/\/policies.google.com\/technologies\/ads\">https:\/\/policies.google.com\/technologies\/ads<\/a><\/li><\/ul>\n\n\n<h2 class=\"wp-block-heading\" id=\"advertising-partners-privacy-policies\">Politicile de Confiden\u021bialitate ale Partenerilor de Publicitate<\/h2>\n\n\n<p>Pute\u021bi consulta aceast\u0103 list\u0103 pentru a g\u0103si Politica de Confiden\u021bialitate pentru fiecare dintre partenerii de publicitate ai Security Briefing.<\/p>\n\n\n\n<p>Serverele de anun\u021buri ter\u021be sau re\u021belele de anun\u021buri folosesc tehnologii precum cookie-uri, JavaScript sau Semnalizatoare Web care sunt utilizate \u00een reclamele \u0219i linkurile lor respective care apar pe Security Briefing, care sunt trimise direct c\u0103tre browserul utilizatorilor. Ei primesc automat adresa dvs. IP atunci c\u00e2nd acest lucru se \u00eent\u00e2mpl\u0103. Aceste tehnologii sunt utilizate pentru a m\u0103sura eficacitatea campaniilor lor publicitare \u0219i\/sau pentru a personaliza con\u021binutul publicitar pe care \u00eel vede\u021bi pe site-urile web pe care le vizita\u021bi.<\/p>\n\n\n\n<p>Re\u021bine\u021bi c\u0103 Security Briefing nu are acces sau control asupra acestor cookie-uri pe care le folosesc agen\u021bii de publicitate ter\u021bi.<\/p>\n\n\n<h2 class=\"wp-block-heading\" id=\"third-party-privacy-policies\">Politicile de Confiden\u021bialitate ale Ter\u021bilor<\/h2>\n\n\n<p>Politica de Confiden\u021bialitate a Security Briefing nu se aplic\u0103 altor agen\u021bi de publicitate sau site-uri web. Astfel, v\u0103 sf\u0103tuim s\u0103 consulta\u021bi Politicile de Confiden\u021bialitate respective ale acestor servere de anun\u021buri ter\u021be pentru informa\u021bii mai detaliate. Acestea pot include practicile lor \u0219i instruc\u021biuni despre cum s\u0103 renun\u021ba\u021bi la anumite op\u021biuni.<\/p>\n\n\n\n<p>Pute\u021bi alege s\u0103 dezactiva\u021bi cookie-urile prin op\u021biunile browserului dvs. Pentru a afla informa\u021bii mai detaliate despre gestionarea cookie-urilor cu browsere web specifice, acestea pot fi g\u0103site pe site-urile web respective ale browserelor.<\/p>\n\n\n<h2 class=\"wp-block-heading\" id=\"ccpa-privacy-rights-do-not-sell-my-personal-information\">Drepturile de Confiden\u021bialitate CCPA (Nu Vinde\u021bi Informa\u021biile Mele Personale)<\/h2>\n\n\n<p>Conform CCPA, printre alte drepturi, consumatorii din California au dreptul de a:<\/p>\n\n\n\n<p>Solicita ca o afacere care colecteaz\u0103 datele personale ale unui consumator s\u0103 dezv\u0103luie categoriile \u0219i piesele specifice de date personale pe care o afacere le-a colectat despre consumatori.<\/p>\n\n\n\n<p>Solicita ca o afacere s\u0103 \u0219tearg\u0103 orice date personale despre consumator pe care o afacere le-a colectat.<\/p>\n\n\n\n<p>Solicita ca o afacere care vinde datele personale ale unui consumator s\u0103 nu v\u00e2nd\u0103 datele personale ale consumatorului.<\/p>\n\n\n\n<p>Dac\u0103 face\u021bi o solicitare, avem o lun\u0103 pentru a v\u0103 r\u0103spunde. V\u0103 rug\u0103m s\u0103 ne contacta\u021bi dac\u0103 dori\u021bi s\u0103 exercita\u021bi oricare dintre aceste drepturi.<\/p>\n\n\n<h2 class=\"wp-block-heading\" id=\"gdpr-data-protection-rights\">Drepturile de Protec\u021bie a Datelor GDPR<\/h2>\n\n\n<p>Dorim s\u0103 ne asigur\u0103m c\u0103 sunte\u021bi pe deplin con\u0219tien\u021bi de toate drepturile dvs. de protec\u021bie a datelor. Fiecare utilizator are dreptul la urm\u0103toarele:<\/p>\n\n\n\n<p>Dreptul de acces \u2013 Ave\u021bi dreptul de a solicita copii ale datelor dvs. personale. Este posibil s\u0103 v\u0103 percepem o tax\u0103 mic\u0103 pentru acest serviciu.<\/p>\n\n\n\n<p>Dreptul la rectificare \u2013 Ave\u021bi dreptul de a solicita s\u0103 corect\u0103m orice informa\u021bie pe care o considera\u021bi inexact\u0103. De asemenea, ave\u021bi dreptul de a solicita s\u0103 complet\u0103m informa\u021biile pe care le considera\u021bi incomplete.<\/p>\n\n\n\n<p>Dreptul la \u0219tergere \u2013 Ave\u021bi dreptul de a solicita s\u0103 \u0219tergem datele dvs. personale, \u00een anumite condi\u021bii.<\/p>\n\n\n\n<p>Dreptul de a restric\u021biona procesarea \u2013 Ave\u021bi dreptul de a solicita s\u0103 restric\u021bion\u0103m procesarea datelor dvs. personale, \u00een anumite condi\u021bii.<\/p>\n\n\n\n<p>Dreptul de a obiecta la procesare \u2013 Ave\u021bi dreptul de a obiecta la procesarea datelor dvs., \u00een anumite condi\u021bii.<\/p>\n\n\n\n<p>Dreptul la portabilitatea datelor \u2013 Ave\u021bi dreptul de a solicita s\u0103 transfer\u0103m datele pe care le-am colectat c\u0103tre o alt\u0103 organiza\u021bie sau direct c\u0103tre dvs., \u00een anumite condi\u021bii.<\/p>\n\n\n\n<p>Dac\u0103 face\u021bi o solicitare, avem o lun\u0103 pentru a v\u0103 r\u0103spunde. V\u0103 rug\u0103m s\u0103 ne contacta\u021bi dac\u0103 dori\u021bi s\u0103 exercita\u021bi oricare dintre aceste drepturi.<\/p>\n\n\n<h2 class=\"wp-block-heading\" id=\"childrens-information\">Informa\u021bii pentru copii<\/h2>\n\n\n<p>O alt\u0103 parte a priorit\u0103\u021bii noastre este ad\u0103ugarea de protec\u021bie pentru copii \u00een timp ce folosesc internetul. \u00cencuraj\u0103m p\u0103rin\u021bii \u0219i tutorii s\u0103 observe, s\u0103 participe \u0219i\/sau s\u0103 monitorizeze \u0219i s\u0103 ghideze activitatea lor online.<\/p>\n\n\n\n<p>Security Briefing nu colecteaz\u0103 \u00een mod con\u0219tient nicio Informa\u021bie Personal\u0103 Identificabil\u0103 de la copii sub v\u00e2rsta de 13 ani. Dac\u0103 crede\u021bi c\u0103 copilul dvs. a furnizat acest tip de informa\u021bii pe site-ul nostru web, v\u0103 \u00eencuraj\u0103m cu t\u0103rie s\u0103 ne contacta\u021bi imediat \u0219i vom face toate eforturile pentru a elimina prompt aceste informa\u021bii din \u00eenregistr\u0103rile noastre.<\/p>","protected":false},"excerpt":{"rendered":"<p>Politica de confiden\u021bialitate pentru securitybriefing.net La Security Briefing, accesibil de la https:\/\/securitybriefing.net\/, una dintre priorit\u0103\u021bile noastre principale este confiden\u021bialitatea vizitatorilor no\u0219tri. Acest document de Politic\u0103 de Confiden\u021bialitate con\u021bine tipuri de informa\u021bii colectate\u2026 <a class=\"more-link\" href=\"https:\/\/securitybriefing.net\/ro\/politica-de-confidentialitate\/\">Continue reading <span class=\"screen-reader-text\">Politica de confiden\u021bialitate<\/span><\/a><\/p>","protected":false},"author":1,"featured_media":0,"parent":0,"menu_order":0,"comment_status":"closed","ping_status":"closed","template":"","meta":{"footnotes":""},"class_list":["post-1819","page","type-page","status-publish","hentry","entry"],"yoast_head":"<!-- This site is optimized with the Yoast SEO plugin v26.8 - https:\/\/yoast.com\/product\/yoast-seo-wordpress\/ -->\n<title>Privacy Policy | Security Briefing<\/title>\n<meta name=\"robots\" content=\"index, follow, max-snippet:-1, max-image-preview:large, max-video-preview:-1\" \/>\n<link rel=\"canonical\" href=\"https:\/\/securitybriefing.net\/ro\/politica-de-confidentialitate\/\" \/>\n<meta property=\"og:locale\" content=\"ro_RO\" \/>\n<meta property=\"og:type\" content=\"article\" \/>\n<meta property=\"og:title\" content=\"Privacy Policy | Security Briefing\" \/>\n<meta property=\"og:description\" content=\"Privacy Policy for securitybriefing.net At Security Briefing, accessible from https:\/\/securitybriefing.net\/, one of our main priorities is the privacy of our visitors. This Privacy Policy document contains types of information collected&hellip; Continu\u0103 lectura Privacy Policy\" \/>\n<meta property=\"og:url\" content=\"https:\/\/securitybriefing.net\/ro\/politica-de-confidentialitate\/\" \/>\n<meta property=\"og:site_name\" content=\"Security Briefing\" \/>\n<meta property=\"article:modified_time\" content=\"2023-08-20T00:28:12+00:00\" \/>\n<meta property=\"og:image\" content=\"https:\/\/securitybriefing.net\/wp-content\/uploads\/2025\/09\/main-logo-black.png\" \/>\n\t<meta property=\"og:image:width\" content=\"1200\" \/>\n\t<meta property=\"og:image:height\" content=\"300\" \/>\n\t<meta property=\"og:image:type\" content=\"image\/png\" \/>\n<meta name=\"twitter:card\" content=\"summary_large_image\" \/>\n<meta name=\"twitter:label1\" content=\"Timp estimat pentru citire\" \/>\n\t<meta name=\"twitter:data1\" content=\"6 minute\" \/>\n<script type=\"application\/ld+json\" class=\"yoast-schema-graph\">{\"@context\":\"https:\/\/schema.org\",\"@graph\":[{\"@type\":\"WebPage\",\"@id\":\"https:\/\/securitybriefing.net\/privacy-policy\/\",\"url\":\"https:\/\/securitybriefing.net\/privacy-policy\/\",\"name\":\"Privacy Policy | Security Briefing\",\"isPartOf\":{\"@id\":\"https:\/\/securitybriefing.net\/#website\"},\"datePublished\":\"2022-06-16T15:55:48+00:00\",\"dateModified\":\"2023-08-20T00:28:12+00:00\",\"breadcrumb\":{\"@id\":\"https:\/\/securitybriefing.net\/privacy-policy\/#breadcrumb\"},\"inLanguage\":\"ro-RO\",\"potentialAction\":[{\"@type\":\"ReadAction\",\"target\":[\"https:\/\/securitybriefing.net\/privacy-policy\/\"]}]},{\"@type\":\"BreadcrumbList\",\"@id\":\"https:\/\/securitybriefing.net\/privacy-policy\/#breadcrumb\",\"itemListElement\":[{\"@type\":\"ListItem\",\"position\":1,\"name\":\"Home\",\"item\":\"https:\/\/securitybriefing.net\/\"},{\"@type\":\"ListItem\",\"position\":2,\"name\":\"Privacy Policy\"}]},{\"@type\":\"WebSite\",\"@id\":\"https:\/\/securitybriefing.net\/#website\",\"url\":\"https:\/\/securitybriefing.net\/\",\"name\":\"Security Briefing\",\"description\":\"Read cybersecurity news, online safety guides, cyber threat updates, and use free security tools from Security Briefing.\",\"publisher\":{\"@id\":\"https:\/\/securitybriefing.net\/#organization\"},\"potentialAction\":[{\"@type\":\"SearchAction\",\"target\":{\"@type\":\"EntryPoint\",\"urlTemplate\":\"https:\/\/securitybriefing.net\/?s={search_term_string}\"},\"query-input\":{\"@type\":\"PropertyValueSpecification\",\"valueRequired\":true,\"valueName\":\"search_term_string\"}}],\"inLanguage\":\"ro-RO\"},{\"@type\":\"Organization\",\"@id\":\"https:\/\/securitybriefing.net\/#organization\",\"name\":\"Security Briefing\",\"url\":\"https:\/\/securitybriefing.net\/\",\"logo\":{\"@type\":\"ImageObject\",\"inLanguage\":\"ro-RO\",\"@id\":\"https:\/\/securitybriefing.net\/#\/schema\/logo\/image\/\",\"url\":\"https:\/\/securitybriefing.net\/wp-content\/uploads\/2023\/06\/security-briefing-logo-5.png\",\"contentUrl\":\"https:\/\/securitybriefing.net\/wp-content\/uploads\/2023\/06\/security-briefing-logo-5.png\",\"width\":256,\"height\":70,\"caption\":\"Security Briefing\"},\"image\":{\"@id\":\"https:\/\/securitybriefing.net\/#\/schema\/logo\/image\/\"}}]}<\/script>\n<!-- \/ Yoast SEO plugin. -->","yoast_head_json":{"title":"Politica de Confiden\u021bialitate | Security Briefing","robots":{"index":"index","follow":"follow","max-snippet":"max-snippet:-1","max-image-preview":"max-image-preview:large","max-video-preview":"max-video-preview:-1"},"canonical":"https:\/\/securitybriefing.net\/ro\/politica-de-confidentialitate\/","og_locale":"ro_RO","og_type":"article","og_title":"Privacy Policy | Security Briefing","og_description":"Privacy Policy for securitybriefing.net At Security Briefing, accessible from https:\/\/securitybriefing.net\/, one of our main priorities is the privacy of our visitors. This Privacy Policy document contains types of information collected&hellip; Continu\u0103 lectura Privacy Policy","og_url":"https:\/\/securitybriefing.net\/ro\/politica-de-confidentialitate\/","og_site_name":"Security Briefing","article_modified_time":"2023-08-20T00:28:12+00:00","og_image":[{"width":1200,"height":300,"url":"https:\/\/securitybriefing.net\/wp-content\/uploads\/2025\/09\/main-logo-black.png","type":"image\/png"}],"twitter_card":"summary_large_image","twitter_misc":{"Timp estimat pentru citire":"6 minute"},"schema":{"@context":"https:\/\/schema.org","@graph":[{"@type":"WebPage","@id":"https:\/\/securitybriefing.net\/privacy-policy\/","url":"https:\/\/securitybriefing.net\/privacy-policy\/","name":"Politica de Confiden\u021bialitate | Security Briefing","isPartOf":{"@id":"https:\/\/securitybriefing.net\/#website"},"datePublished":"2022-06-16T15:55:48+00:00","dateModified":"2023-08-20T00:28:12+00:00","breadcrumb":{"@id":"https:\/\/securitybriefing.net\/privacy-policy\/#breadcrumb"},"inLanguage":"ro-RO","potentialAction":[{"@type":"ReadAction","target":["https:\/\/securitybriefing.net\/privacy-policy\/"]}]},{"@type":"BreadcrumbList","@id":"https:\/\/securitybriefing.net\/privacy-policy\/#breadcrumb","itemListElement":[{"@type":"ListItem","position":1,"name":"Home","item":"https:\/\/securitybriefing.net\/"},{"@type":"ListItem","position":2,"name":"Privacy Policy"}]},{"@type":"WebSite","@id":"https:\/\/securitybriefing.net\/#website","url":"https:\/\/securitybriefing.net\/","name":"Informare de Securitate","description":"Read cybersecurity news, online safety guides, cyber threat updates, and use free security tools from Security Briefing.","publisher":{"@id":"https:\/\/securitybriefing.net\/#organization"},"potentialAction":[{"@type":"SearchAction","target":{"@type":"EntryPoint","urlTemplate":"https:\/\/securitybriefing.net\/?s={search_term_string}"},"query-input":{"@type":"PropertyValueSpecification","valueRequired":true,"valueName":"search_term_string"}}],"inLanguage":"ro-RO"},{"@type":"Organization","@id":"https:\/\/securitybriefing.net\/#organization","name":"Informare de Securitate","url":"https:\/\/securitybriefing.net\/","logo":{"@type":"ImageObject","inLanguage":"ro-RO","@id":"https:\/\/securitybriefing.net\/#\/schema\/logo\/image\/","url":"https:\/\/securitybriefing.net\/wp-content\/uploads\/2023\/06\/security-briefing-logo-5.png","contentUrl":"https:\/\/securitybriefing.net\/wp-content\/uploads\/2023\/06\/security-briefing-logo-5.png","width":256,"height":70,"caption":"Security Briefing"},"image":{"@id":"https:\/\/securitybriefing.net\/#\/schema\/logo\/image\/"}}]}},"_links":{"self":[{"href":"https:\/\/securitybriefing.net\/ro\/wp-json\/wp\/v2\/pages\/1819","targetHints":{"allow":["GET"]}}],"collection":[{"href":"https:\/\/securitybriefing.net\/ro\/wp-json\/wp\/v2\/pages"}],"about":[{"href":"https:\/\/securitybriefing.net\/ro\/wp-json\/wp\/v2\/types\/page"}],"author":[{"embeddable":true,"href":"https:\/\/securitybriefing.net\/ro\/wp-json\/wp\/v2\/users\/1"}],"replies":[{"embeddable":true,"href":"https:\/\/securitybriefing.net\/ro\/wp-json\/wp\/v2\/comments?post=1819"}],"version-history":[{"count":0,"href":"https:\/\/securitybriefing.net\/ro\/wp-json\/wp\/v2\/pages\/1819\/revisions"}],"wp:attachment":[{"href":"https:\/\/securitybriefing.net\/ro\/wp-json\/wp\/v2\/media?parent=1819"}],"curies":[{"name":"wp","href":"https:\/\/api.w.org\/{rel}","templated":true}]}}