{"id":283,"date":"2022-06-23T14:21:15","date_gmt":"2022-06-23T14:21:15","guid":{"rendered":"https:\/\/securitybriefing.net\/?page_id=283"},"modified":"2025-09-08T20:40:33","modified_gmt":"2025-09-08T20:40:33","slug":"despre-noi","status":"publish","type":"page","link":"https:\/\/securitybriefing.net\/ro\/despre-noi\/","title":{"rendered":"Despre noi"},"content":{"rendered":"<p>Security Briefing este prima \u0219i cea mai mare comunitate din lume a Chief Information Security Officers (CISOs) \u0219i a profesioni\u0219tilor din domeniul securit\u0103\u021bii. Suntem un amestec unic de leadership \u00een g\u00e2ndire \u0219i m\u0103iestrie opera\u021bional\u0103, \u00eenchiz\u00e2nd pr\u0103pastia \u00een spa\u021biul cibernetic. Oferim cititorilor no\u0219tri cele mai bune min\u021bi din domeniu, care \u00eei pot ajuta s\u0103 \u00ee\u0219i protejeze cele mai importante active digitale. Cu Security Briefing, ave\u021bi acces la expertiz\u0103 de neegalat \u00een evaluarea riscurilor de securitate cibernetic\u0103, r\u0103spunsul la incidente \u0219i expertiza criminalistic\u0103. Misiunea noastr\u0103 este s\u0103 ne asigur\u0103m c\u0103 afacerea dvs. nu este victima unei \u00eenc\u0103lc\u0103ri a securit\u0103\u021bii datelor sau a unui alt atac cibernetic. <\/p>\n\n\n\n<p>\u00cen\u021belegem c\u0103 infrac\u021bionalitatea cibernetic\u0103 este o problem\u0103 global\u0103 care necesit\u0103 o solu\u021bie global\u0103, a\u0219a c\u0103 am unit cele mai bune min\u021bi din \u00eentreaga lume pentru a ajuta la reducerea expunerii organiza\u021bionale la riscul amenin\u021b\u0103rilor cibernetice. Membrii alian\u021bei noastre \u00ee\u0219i \u00eemp\u0103rt\u0103\u0219esc cuno\u0219tin\u021bele \u0219i colaboreaz\u0103 la solu\u021bii pentru a oferi clien\u021bilor no\u0219tri instrumentele, procesele \u0219i tehnologiile potrivite pentru a-\u0219i proteja afacerile. Ca parte a angajamentului nostru de a crea un mediu online sigur \u0219i securizat, oferim, de asemenea, cursuri specializate de formare \u00een domeniul securit\u0103\u021bii cibernetice opera\u021bionale \u0219i strategice \u0219i oportunit\u0103\u021bi de creare de re\u021bele pentru exper\u021bi din industrie \u0219i consultan\u021bi \u00een domeniul securit\u0103\u021bii cibernetice.<\/p>\n\n\n\n<p>Fi\u021bi al\u0103turi de noi \u00een eforturile noastre de a asigura viitorul spa\u021biului cibernetic.<\/p>\n\n\n\n<ul class=\"wp-block-social-links is-layout-flex wp-block-social-links-is-layout-flex\"><li class=\"wp-social-link wp-social-link-facebook  wp-block-social-link\"><a href=\"https:\/\/www.facebook.com\/profile.php?id=100083096924332\" class=\"wp-block-social-link-anchor\"><svg width=\"24\" height=\"24\" viewbox=\"0 0 24 24\" version=\"1.1\" xmlns=\"http:\/\/www.w3.org\/2000\/svg\" aria-hidden=\"true\" focusable=\"false\"><path d=\"M12 2C6.5 2 2 6.5 2 12c0 5 3.7 9.1 8.4 9.9v-7H7.9V12h2.5V9.8c0-2.5 1.5-3.9 3.8-3.9 1.1 0 2.2.2 2.2.2v2.5h-1.3c-1.2 0-1.6.8-1.6 1.6V12h2.8l-.4 2.9h-2.3v7C18.3 21.1 22 17 22 12c0-5.5-4.5-10-10-10z\"><\/path><\/svg><span class=\"wp-block-social-link-label screen-reader-text\">Facebook<\/span><\/a><\/li><\/ul>\n\n\n\n<figure class=\"wp-block-embed is-type-rich is-provider-twitter wp-block-embed-twitter\"><div class=\"wp-block-embed__wrapper\">\n<a class=\"twitter-timeline\" data-width=\"750\" data-height=\"1000\" data-dnt=\"true\" href=\"https:\/\/twitter.com\/scrtbriefing?ref_src=twsrc%5Etfw\">Tweeturi de scrtbriefing<\/a><script async src=\"https:\/\/platform.twitter.com\/widgets.js\" charset=\"utf-8\"><\/script>\n<\/div><\/figure>\n\n\n\n<p><strong>Parteneri imagini<\/strong><\/p>\n\n\n\n<figure class=\"wp-block-image size-large is-resized\"><a href=\"https:\/\/depositphotos.com\" target=\"_blank\"><img loading=\"lazy\" decoding=\"async\" width=\"1024\" height=\"256\" src=\"https:\/\/securitybriefing.net\/wp-content\/uploads\/2025\/09\/main-logo-black-1024x256.png\" alt=\"Main logo black\" class=\"wp-image-4531\" style=\"width:218px;height:auto\" srcset=\"https:\/\/securitybriefing.net\/wp-content\/uploads\/2025\/09\/main-logo-black-1024x256.png 1024w, https:\/\/securitybriefing.net\/wp-content\/uploads\/2025\/09\/main-logo-black-300x75.png 300w, https:\/\/securitybriefing.net\/wp-content\/uploads\/2025\/09\/main-logo-black-768x192.png 768w, https:\/\/securitybriefing.net\/wp-content\/uploads\/2025\/09\/main-logo-black-18x5.png 18w, https:\/\/securitybriefing.net\/wp-content\/uploads\/2025\/09\/main-logo-black.png 1200w\" sizes=\"auto, (max-width: 1024px) 100vw, 1024px\" \/><\/a><\/figure>\n\n\n\n<p><\/p>\n\n\n\n<p><\/p>","protected":false},"excerpt":{"rendered":"<p>Security Briefing este prima \u0219i cea mai mare comunitate din lume de directori de securitate a informa\u021biilor (CISO) \u0219i profesioni\u0219ti \u00een securitate. Suntem un amestec unic de leadership \u00een g\u00e2ndire \u0219i m\u0103iestrie opera\u021bional\u0103, \u00eenchiz\u00e2nd... <a class=\"more-link\" href=\"https:\/\/securitybriefing.net\/ro\/despre-noi\/\">Continue reading <span class=\"screen-reader-text\">Despre noi<\/span><\/a><\/p>","protected":false},"author":3,"featured_media":0,"parent":0,"menu_order":0,"comment_status":"closed","ping_status":"closed","template":"","meta":{"footnotes":""},"class_list":["post-283","page","type-page","status-publish","hentry","entry"],"yoast_head":"<!-- This site is optimized with the Yoast SEO plugin v26.8 - https:\/\/yoast.com\/product\/yoast-seo-wordpress\/ -->\n<title>About Us | Security Briefing<\/title>\n<meta name=\"robots\" content=\"index, follow, max-snippet:-1, max-image-preview:large, max-video-preview:-1\" \/>\n<link rel=\"canonical\" href=\"https:\/\/securitybriefing.net\/ro\/despre-noi\/\" \/>\n<meta property=\"og:locale\" content=\"ro_RO\" \/>\n<meta property=\"og:type\" content=\"article\" \/>\n<meta property=\"og:title\" content=\"About Us | Security Briefing\" \/>\n<meta property=\"og:description\" content=\"Security Briefing is the world\u2019s first and largest community of Chief Information Security Officers (CISOs) and security professionals. We are a unique blend of thought leadership and operational mastery, closing&hellip; Continu\u0103 lectura About Us\" \/>\n<meta property=\"og:url\" content=\"https:\/\/securitybriefing.net\/ro\/despre-noi\/\" \/>\n<meta property=\"og:site_name\" content=\"Security Briefing\" \/>\n<meta property=\"article:modified_time\" content=\"2025-09-08T20:40:33+00:00\" \/>\n<meta property=\"og:image\" content=\"https:\/\/securitybriefing.net\/wp-content\/uploads\/2025\/09\/main-logo-black.png\" \/>\n\t<meta property=\"og:image:width\" content=\"1200\" \/>\n\t<meta property=\"og:image:height\" content=\"300\" \/>\n\t<meta property=\"og:image:type\" content=\"image\/png\" \/>\n<meta name=\"twitter:card\" content=\"summary_large_image\" \/>\n<meta name=\"twitter:label1\" content=\"Timp estimat pentru citire\" \/>\n\t<meta name=\"twitter:data1\" content=\"2 minute\" \/>\n<script type=\"application\/ld+json\" class=\"yoast-schema-graph\">{\"@context\":\"https:\/\/schema.org\",\"@graph\":[{\"@type\":\"WebPage\",\"@id\":\"https:\/\/securitybriefing.net\/about-us\/\",\"url\":\"https:\/\/securitybriefing.net\/about-us\/\",\"name\":\"About Us | Security Briefing\",\"isPartOf\":{\"@id\":\"https:\/\/securitybriefing.net\/#website\"},\"primaryImageOfPage\":{\"@id\":\"https:\/\/securitybriefing.net\/about-us\/#primaryimage\"},\"image\":{\"@id\":\"https:\/\/securitybriefing.net\/about-us\/#primaryimage\"},\"thumbnailUrl\":\"https:\/\/securitybriefing.net\/wp-content\/uploads\/2025\/09\/main-logo-black-1024x256.png\",\"datePublished\":\"2022-06-23T14:21:15+00:00\",\"dateModified\":\"2025-09-08T20:40:33+00:00\",\"breadcrumb\":{\"@id\":\"https:\/\/securitybriefing.net\/about-us\/#breadcrumb\"},\"inLanguage\":\"ro-RO\",\"potentialAction\":[{\"@type\":\"ReadAction\",\"target\":[\"https:\/\/securitybriefing.net\/about-us\/\"]}]},{\"@type\":\"ImageObject\",\"inLanguage\":\"ro-RO\",\"@id\":\"https:\/\/securitybriefing.net\/about-us\/#primaryimage\",\"url\":\"https:\/\/securitybriefing.net\/wp-content\/uploads\/2025\/09\/main-logo-black-1024x256.png\",\"contentUrl\":\"https:\/\/securitybriefing.net\/wp-content\/uploads\/2025\/09\/main-logo-black-1024x256.png\"},{\"@type\":\"BreadcrumbList\",\"@id\":\"https:\/\/securitybriefing.net\/about-us\/#breadcrumb\",\"itemListElement\":[{\"@type\":\"ListItem\",\"position\":1,\"name\":\"Home\",\"item\":\"https:\/\/securitybriefing.net\/\"},{\"@type\":\"ListItem\",\"position\":2,\"name\":\"About Us\"}]},{\"@type\":\"WebSite\",\"@id\":\"https:\/\/securitybriefing.net\/#website\",\"url\":\"https:\/\/securitybriefing.net\/\",\"name\":\"Security Briefing\",\"description\":\"Read cybersecurity news, online safety guides, cyber threat updates, and use free security tools from Security Briefing.\",\"publisher\":{\"@id\":\"https:\/\/securitybriefing.net\/#organization\"},\"potentialAction\":[{\"@type\":\"SearchAction\",\"target\":{\"@type\":\"EntryPoint\",\"urlTemplate\":\"https:\/\/securitybriefing.net\/?s={search_term_string}\"},\"query-input\":{\"@type\":\"PropertyValueSpecification\",\"valueRequired\":true,\"valueName\":\"search_term_string\"}}],\"inLanguage\":\"ro-RO\"},{\"@type\":\"Organization\",\"@id\":\"https:\/\/securitybriefing.net\/#organization\",\"name\":\"Security Briefing\",\"url\":\"https:\/\/securitybriefing.net\/\",\"logo\":{\"@type\":\"ImageObject\",\"inLanguage\":\"ro-RO\",\"@id\":\"https:\/\/securitybriefing.net\/#\/schema\/logo\/image\/\",\"url\":\"https:\/\/securitybriefing.net\/wp-content\/uploads\/2023\/06\/security-briefing-logo-5.png\",\"contentUrl\":\"https:\/\/securitybriefing.net\/wp-content\/uploads\/2023\/06\/security-briefing-logo-5.png\",\"width\":256,\"height\":70,\"caption\":\"Security Briefing\"},\"image\":{\"@id\":\"https:\/\/securitybriefing.net\/#\/schema\/logo\/image\/\"}}]}<\/script>\n<!-- \/ Yoast SEO plugin. -->","yoast_head_json":{"title":"Despre noi | Informare de securitate","robots":{"index":"index","follow":"follow","max-snippet":"max-snippet:-1","max-image-preview":"max-image-preview:large","max-video-preview":"max-video-preview:-1"},"canonical":"https:\/\/securitybriefing.net\/ro\/despre-noi\/","og_locale":"ro_RO","og_type":"article","og_title":"About Us | Security Briefing","og_description":"Security Briefing is the world\u2019s first and largest community of Chief Information Security Officers (CISOs) and security professionals. We are a unique blend of thought leadership and operational mastery, closing&hellip; Continu\u0103 lectura About Us","og_url":"https:\/\/securitybriefing.net\/ro\/despre-noi\/","og_site_name":"Security Briefing","article_modified_time":"2025-09-08T20:40:33+00:00","og_image":[{"width":1200,"height":300,"url":"https:\/\/securitybriefing.net\/wp-content\/uploads\/2025\/09\/main-logo-black.png","type":"image\/png"}],"twitter_card":"summary_large_image","twitter_misc":{"Timp estimat pentru citire":"2 minute"},"schema":{"@context":"https:\/\/schema.org","@graph":[{"@type":"WebPage","@id":"https:\/\/securitybriefing.net\/about-us\/","url":"https:\/\/securitybriefing.net\/about-us\/","name":"Despre noi | Informare de securitate","isPartOf":{"@id":"https:\/\/securitybriefing.net\/#website"},"primaryImageOfPage":{"@id":"https:\/\/securitybriefing.net\/about-us\/#primaryimage"},"image":{"@id":"https:\/\/securitybriefing.net\/about-us\/#primaryimage"},"thumbnailUrl":"https:\/\/securitybriefing.net\/wp-content\/uploads\/2025\/09\/main-logo-black-1024x256.png","datePublished":"2022-06-23T14:21:15+00:00","dateModified":"2025-09-08T20:40:33+00:00","breadcrumb":{"@id":"https:\/\/securitybriefing.net\/about-us\/#breadcrumb"},"inLanguage":"ro-RO","potentialAction":[{"@type":"ReadAction","target":["https:\/\/securitybriefing.net\/about-us\/"]}]},{"@type":"ImageObject","inLanguage":"ro-RO","@id":"https:\/\/securitybriefing.net\/about-us\/#primaryimage","url":"https:\/\/securitybriefing.net\/wp-content\/uploads\/2025\/09\/main-logo-black-1024x256.png","contentUrl":"https:\/\/securitybriefing.net\/wp-content\/uploads\/2025\/09\/main-logo-black-1024x256.png"},{"@type":"BreadcrumbList","@id":"https:\/\/securitybriefing.net\/about-us\/#breadcrumb","itemListElement":[{"@type":"ListItem","position":1,"name":"Home","item":"https:\/\/securitybriefing.net\/"},{"@type":"ListItem","position":2,"name":"About Us"}]},{"@type":"WebSite","@id":"https:\/\/securitybriefing.net\/#website","url":"https:\/\/securitybriefing.net\/","name":"Informare de Securitate","description":"Read cybersecurity news, online safety guides, cyber threat updates, and use free security tools from Security Briefing.","publisher":{"@id":"https:\/\/securitybriefing.net\/#organization"},"potentialAction":[{"@type":"SearchAction","target":{"@type":"EntryPoint","urlTemplate":"https:\/\/securitybriefing.net\/?s={search_term_string}"},"query-input":{"@type":"PropertyValueSpecification","valueRequired":true,"valueName":"search_term_string"}}],"inLanguage":"ro-RO"},{"@type":"Organization","@id":"https:\/\/securitybriefing.net\/#organization","name":"Informare de Securitate","url":"https:\/\/securitybriefing.net\/","logo":{"@type":"ImageObject","inLanguage":"ro-RO","@id":"https:\/\/securitybriefing.net\/#\/schema\/logo\/image\/","url":"https:\/\/securitybriefing.net\/wp-content\/uploads\/2023\/06\/security-briefing-logo-5.png","contentUrl":"https:\/\/securitybriefing.net\/wp-content\/uploads\/2023\/06\/security-briefing-logo-5.png","width":256,"height":70,"caption":"Security Briefing"},"image":{"@id":"https:\/\/securitybriefing.net\/#\/schema\/logo\/image\/"}}]}},"_links":{"self":[{"href":"https:\/\/securitybriefing.net\/ro\/wp-json\/wp\/v2\/pages\/283","targetHints":{"allow":["GET"]}}],"collection":[{"href":"https:\/\/securitybriefing.net\/ro\/wp-json\/wp\/v2\/pages"}],"about":[{"href":"https:\/\/securitybriefing.net\/ro\/wp-json\/wp\/v2\/types\/page"}],"author":[{"embeddable":true,"href":"https:\/\/securitybriefing.net\/ro\/wp-json\/wp\/v2\/users\/3"}],"replies":[{"embeddable":true,"href":"https:\/\/securitybriefing.net\/ro\/wp-json\/wp\/v2\/comments?post=283"}],"version-history":[{"count":1,"href":"https:\/\/securitybriefing.net\/ro\/wp-json\/wp\/v2\/pages\/283\/revisions"}],"predecessor-version":[{"id":4532,"href":"https:\/\/securitybriefing.net\/ro\/wp-json\/wp\/v2\/pages\/283\/revisions\/4532"}],"wp:attachment":[{"href":"https:\/\/securitybriefing.net\/ro\/wp-json\/wp\/v2\/media?parent=283"}],"curies":[{"name":"wp","href":"https:\/\/api.w.org\/{rel}","templated":true}]}}