{"id":4965,"date":"2025-12-02T23:32:40","date_gmt":"2025-12-02T23:32:40","guid":{"rendered":"https:\/\/securitybriefing.net\/?page_id=4965"},"modified":"2025-12-02T23:32:41","modified_gmt":"2025-12-02T23:32:41","slug":"analizor-gratuit-de-anteturi-email","status":"publish","type":"page","link":"https:\/\/securitybriefing.net\/ro\/analizor-gratuit-de-anteturi-email\/","title":{"rendered":"Analizor Gratuit de Antet Email"},"content":{"rendered":"<style>\n.img-blog-exp {\n    display: none;\n}\n<\/style>\n\n<h2>Analizeaz\u0103 Anteturile Emailului pentru a Detecta Phishing-ul<\/h2>\n<p style=\"margin-bottom: 40px;\"><strong>Anteturile emailului dezv\u0103luie originea real\u0103 a fiec\u0103rui mesaj.<\/strong> Lipi\u021bi anteturile emailului mai jos pentru a verifica autentificarea SPF, DKIM \u0219i DMARC, a urm\u0103ri traseul mesajului \u0219i a identifica semnalele de avertizare care ar putea indica \u00eencerc\u0103ri de phishing sau spoofing. Toat\u0103 analiza are loc \u00een browserul dumneavoastr\u0103.<\/p>\n\n    <div class=\"email-analyzer\" data-theme=\"dark\">\n        <div class=\"eha-container\">\n            <h3 class=\"eha-title\">Analizor de Anteturi Email<\/h3>\n            \n            <div class=\"eha-input-section\">\n                <div class=\"eha-input-group\">\n                    <label class=\"eha-label\">Lipi\u021bi anteturile emailului mai jos:<\/label>\n                    <textarea class=\"eha-textarea eha-headers-input\" placeholder=\"Lipi\u021bi anteturile complete ale emailului aici...Pentru a ob\u021bine anteturile:\u2022 Gmail: Deschide\u021bi emailul \u2192 \u22ee \u2192 Afi\u0219a\u021bi originalul\u2022 Outlook: Deschide\u021bi emailul \u2192 \u22ef \u2192 Vizualiza\u021bi sursa mesajului\u2022 Apple Mail: Vizualizare \u2192 Mesaj \u2192 Toate Anteturile\" rows=\"10\"><\/textarea>\n                <\/div>\n                \n                <button type=\"button\" class=\"eha-analyze-btn\">\n                    <svg xmlns=\"http:\/\/www.w3.org\/2000\/svg\" width=\"18\" height=\"18\" viewbox=\"0 0 24 24\" fill=\"none\" stroke=\"currentColor\" stroke-width=\"2\">\n                        <circle cx=\"11\" cy=\"11\" r=\"8\"><\/circle>\n                        <path d=\"m21 21-4.35-4.35\"><\/path>\n                    <\/svg>\n                    Analizeaz\u0103 Anteturile\n                <\/button>\n            <\/div>\n            \n            <div class=\"eha-results\" style=\"display: none;\">\n                \n                <!-- Security Summary -->\n                <div class=\"eha-section eha-security-summary\">\n                    <h4 class=\"eha-section-title\">\n                        <svg xmlns=\"http:\/\/www.w3.org\/2000\/svg\" width=\"18\" height=\"18\" viewbox=\"0 0 24 24\" fill=\"none\" stroke=\"currentColor\" stroke-width=\"2\">\n                            <path d=\"M12 22s8-4 8-10V5l-8-3-8 3v7c0 6 8 10 8 10z\"\/>\n                        <\/svg>\n                        Evaluare de Securitate\n                    <\/h4>\n                    <div class=\"eha-security-score\">\n                        <div class=\"eha-score-circle\">\n                            <span class=\"eha-score-value\">--<\/span>\n                        <\/div>\n                        <div class=\"eha-score-details\">\n                            <span class=\"eha-score-label\">Scor de Securitate<\/span>\n                            <span class=\"eha-score-status\"><\/span>\n                        <\/div>\n                    <\/div>\n                    <div class=\"eha-auth-checks\">\n                        <div class=\"eha-auth-item\" data-check=\"spf\">\n                            <span class=\"eha-auth-icon\">\u25cb<\/span>\n                            <span class=\"eha-auth-name\">SPF<\/span>\n                            <span class=\"eha-auth-result\">-<\/span>\n                        <\/div>\n                        <div class=\"eha-auth-item\" data-check=\"dkim\">\n                            <span class=\"eha-auth-icon\">\u25cb<\/span>\n                            <span class=\"eha-auth-name\">DKIM<\/span>\n                            <span class=\"eha-auth-result\">-<\/span>\n                        <\/div>\n                        <div class=\"eha-auth-item\" data-check=\"dmarc\">\n                            <span class=\"eha-auth-icon\">\u25cb<\/span>\n                            <span class=\"eha-auth-name\">DMARC<\/span>\n                            <span class=\"eha-auth-result\">-<\/span>\n                        <\/div>\n                    <\/div>\n                <\/div>\n                \n                <!-- Warnings -->\n                <div class=\"eha-section eha-warnings-section\" style=\"display: none;\">\n                    <h4 class=\"eha-section-title eha-warning-title\">\n                        <svg xmlns=\"http:\/\/www.w3.org\/2000\/svg\" width=\"18\" height=\"18\" viewbox=\"0 0 24 24\" fill=\"none\" stroke=\"currentColor\" stroke-width=\"2\">\n                            <path d=\"M10.29 3.86L1.82 18a2 2 0 0 0 1.71 3h16.94a2 2 0 0 0 1.71-3L13.71 3.86a2 2 0 0 0-3.42 0z\"><\/path>\n                            <line x1=\"12\" y1=\"9\" x2=\"12\" y2=\"13\"><\/line>\n                            <line x1=\"12\" y1=\"17\" x2=\"12.01\" y2=\"17\"><\/line>\n                        <\/svg>\n                        Avertismente\n                    <\/h4>\n                    <ul class=\"eha-warnings-list\"><\/ul>\n                <\/div>\n                \n                <!-- Basic Info -->\n                <div class=\"eha-section eha-basic-info\">\n                    <h4 class=\"eha-section-title\">\n                        <svg xmlns=\"http:\/\/www.w3.org\/2000\/svg\" width=\"18\" height=\"18\" viewbox=\"0 0 24 24\" fill=\"none\" stroke=\"currentColor\" stroke-width=\"2\">\n                            <path d=\"M4 4h16c1.1 0 2 .9 2 2v12c0 1.1-.9 2-2 2H4c-1.1 0-2-.9-2-2V6c0-1.1.9-2 2-2z\"><\/path>\n                            <polyline points=\"22,6 12,13 2,6\"><\/polyline>\n                        <\/svg>\n                        Informa\u021bii Email\n                    <\/h4>\n                    <div class=\"eha-info-grid\">\n                        <div class=\"eha-info-item\">\n                            <span class=\"eha-info-label\">De la:<\/span>\n                            <span class=\"eha-info-value eha-from\"><\/span>\n                        <\/div>\n                        <div class=\"eha-info-item\">\n                            <span class=\"eha-info-label\">C\u0103tre:<\/span>\n                            <span class=\"eha-info-value eha-to\"><\/span>\n                        <\/div>\n                        <div class=\"eha-info-item\">\n                            <span class=\"eha-info-label\">Subiect:<\/span>\n                            <span class=\"eha-info-value eha-subject\"><\/span>\n                        <\/div>\n                        <div class=\"eha-info-item\">\n                            <span class=\"eha-info-label\">Data:<\/span>\n                            <span class=\"eha-info-value eha-date\"><\/span>\n                        <\/div>\n                        <div class=\"eha-info-item\">\n                            <span class=\"eha-info-label\">Cale de \u00eentoarcere:<\/span>\n                            <span class=\"eha-info-value eha-return-path\"><\/span>\n                        <\/div>\n                        <div class=\"eha-info-item\">\n                            <span class=\"eha-info-label\">ID mesaj:<\/span>\n                            <span class=\"eha-info-value eha-message-id\"><\/span>\n                        <\/div>\n                    <\/div>\n                <\/div>\n                \n                <!-- Route\/Hops -->\n                <div class=\"eha-section eha-route-section\">\n                    <h4 class=\"eha-section-title\">\n                        <svg xmlns=\"http:\/\/www.w3.org\/2000\/svg\" width=\"18\" height=\"18\" viewbox=\"0 0 24 24\" fill=\"none\" stroke=\"currentColor\" stroke-width=\"2\">\n                            <circle cx=\"12\" cy=\"12\" r=\"10\"><\/circle>\n                            <polygon points=\"16.24 7.76 14.12 14.12 7.76 16.24 9.88 9.88 16.24 7.76\"><\/polygon>\n                        <\/svg>\n                        Traseul Emailului (Anteturi Received)\n                    <\/h4>\n                    <div class=\"eha-route-timeline\"><\/div>\n                <\/div>\n                \n                <!-- Authentication Details -->\n                <div class=\"eha-section eha-auth-details\">\n                    <h4 class=\"eha-section-title\">\n                        <svg xmlns=\"http:\/\/www.w3.org\/2000\/svg\" width=\"18\" height=\"18\" viewbox=\"0 0 24 24\" fill=\"none\" stroke=\"currentColor\" stroke-width=\"2\">\n                            <rect x=\"3\" y=\"11\" width=\"18\" height=\"11\" rx=\"2\" ry=\"2\"><\/rect>\n                            <path d=\"M7 11V7a5 5 0 0 1 10 0v4\"><\/path>\n                        <\/svg>\n                        Detalii de Autentificare\n                    <\/h4>\n                    <div class=\"eha-auth-details-content\"><\/div>\n                <\/div>\n                \n                <!-- All Headers -->\n                <div class=\"eha-section eha-all-headers\">\n                    <button type=\"button\" class=\"eha-toggle-headers\">\n                        <svg xmlns=\"http:\/\/www.w3.org\/2000\/svg\" width=\"16\" height=\"16\" viewbox=\"0 0 24 24\" fill=\"none\" stroke=\"currentColor\" stroke-width=\"2\">\n                            <polyline points=\"6 9 12 15 18 9\"><\/polyline>\n                        <\/svg>\n                        Vizualizeaz\u0103 Toate Anteturile\n                    <\/button>\n                    <div class=\"eha-headers-list\" style=\"display: none;\"><\/div>\n                <\/div>\n                \n            <\/div>\n            \n            <div class=\"eha-privacy-note\">\n                <svg xmlns=\"http:\/\/www.w3.org\/2000\/svg\" width=\"14\" height=\"14\" viewbox=\"0 0 24 24\" fill=\"none\" stroke=\"currentColor\" stroke-width=\"2\">\n                    <path d=\"M12 22s8-4 8-10V5l-8-3-8 3v7c0 6 8 10 8 10z\"\/>\n                    <polyline points=\"9 12 11 14 15 10\"\/>\n                <\/svg>\n                Toat\u0103 analiza se face local \u00een browserul dumneavoastr\u0103 \u2014 anteturile nu sunt niciodat\u0103 trimise c\u0103tre vreun server\n            <\/div>\n        <\/div>\n    <\/div>","protected":false},"excerpt":{"rendered":"<p>Analiza\u021bi Anteturile Emailurilor pentru a Detecta Phishing-ul Anteturile emailurilor dezv\u0103luie adev\u0103rata origine a fiec\u0103rui mesaj. Lipi\u021bi anteturile emailurilor mai jos pentru a verifica autentificarea SPF, DKIM \u0219i DMARC, urm\u0103ri\u021bi mesajul\u2026 <a class=\"more-link\" href=\"https:\/\/securitybriefing.net\/ro\/analizor-gratuit-de-anteturi-email\/\">Continue reading <span class=\"screen-reader-text\">Analizor Gratuit de Antet Email<\/span><\/a><\/p>","protected":false},"author":1,"featured_media":0,"parent":0,"menu_order":0,"comment_status":"closed","ping_status":"closed","template":"","meta":{"footnotes":""},"class_list":["post-4965","page","type-page","status-publish","hentry","entry"],"yoast_head":"<!-- This site is optimized with the Yoast SEO plugin v26.8 - https:\/\/yoast.com\/product\/yoast-seo-wordpress\/ -->\n<title>Free Email Header Analyzer | Security Briefing<\/title>\n<meta name=\"robots\" content=\"index, follow, max-snippet:-1, max-image-preview:large, max-video-preview:-1\" \/>\n<link rel=\"canonical\" href=\"https:\/\/securitybriefing.net\/ro\/analizor-gratuit-de-anteturi-email\/\" \/>\n<meta property=\"og:locale\" content=\"ro_RO\" \/>\n<meta property=\"og:type\" content=\"article\" \/>\n<meta property=\"og:title\" content=\"Free Email Header Analyzer | Security Briefing\" \/>\n<meta property=\"og:description\" content=\"Analyze Email Headers to Spot Phishing Email headers reveal the true origin of every message. Paste your email headers below to check SPF, DKIM, and DMARC authentication, trace the message&hellip; Continu\u0103 lectura Free Email Header Analyzer\" \/>\n<meta property=\"og:url\" content=\"https:\/\/securitybriefing.net\/ro\/analizor-gratuit-de-anteturi-email\/\" \/>\n<meta property=\"og:site_name\" content=\"Security Briefing\" \/>\n<meta property=\"article:modified_time\" content=\"2025-12-02T23:32:41+00:00\" \/>\n<meta property=\"og:image\" content=\"https:\/\/securitybriefing.net\/wp-content\/uploads\/2025\/09\/main-logo-black.png\" \/>\n\t<meta property=\"og:image:width\" content=\"1200\" \/>\n\t<meta property=\"og:image:height\" content=\"300\" \/>\n\t<meta property=\"og:image:type\" content=\"image\/png\" \/>\n<meta name=\"twitter:card\" content=\"summary_large_image\" \/>\n<meta name=\"twitter:label1\" content=\"Timp estimat pentru citire\" \/>\n\t<meta name=\"twitter:data1\" content=\"1 minut\" \/>\n<script type=\"application\/ld+json\" class=\"yoast-schema-graph\">{\"@context\":\"https:\/\/schema.org\",\"@graph\":[{\"@type\":\"WebPage\",\"@id\":\"https:\/\/securitybriefing.net\/free-email-header-analyzer\/\",\"url\":\"https:\/\/securitybriefing.net\/free-email-header-analyzer\/\",\"name\":\"Free Email Header Analyzer | Security Briefing\",\"isPartOf\":{\"@id\":\"https:\/\/securitybriefing.net\/#website\"},\"datePublished\":\"2025-12-02T23:32:40+00:00\",\"dateModified\":\"2025-12-02T23:32:41+00:00\",\"breadcrumb\":{\"@id\":\"https:\/\/securitybriefing.net\/free-email-header-analyzer\/#breadcrumb\"},\"inLanguage\":\"ro-RO\",\"potentialAction\":[{\"@type\":\"ReadAction\",\"target\":[\"https:\/\/securitybriefing.net\/free-email-header-analyzer\/\"]}]},{\"@type\":\"BreadcrumbList\",\"@id\":\"https:\/\/securitybriefing.net\/free-email-header-analyzer\/#breadcrumb\",\"itemListElement\":[{\"@type\":\"ListItem\",\"position\":1,\"name\":\"Home\",\"item\":\"https:\/\/securitybriefing.net\/\"},{\"@type\":\"ListItem\",\"position\":2,\"name\":\"Free Email Header Analyzer\"}]},{\"@type\":\"WebSite\",\"@id\":\"https:\/\/securitybriefing.net\/#website\",\"url\":\"https:\/\/securitybriefing.net\/\",\"name\":\"Security Briefing\",\"description\":\"Read cybersecurity news, online safety guides, cyber threat updates, and use free security tools from Security Briefing.\",\"publisher\":{\"@id\":\"https:\/\/securitybriefing.net\/#organization\"},\"potentialAction\":[{\"@type\":\"SearchAction\",\"target\":{\"@type\":\"EntryPoint\",\"urlTemplate\":\"https:\/\/securitybriefing.net\/?s={search_term_string}\"},\"query-input\":{\"@type\":\"PropertyValueSpecification\",\"valueRequired\":true,\"valueName\":\"search_term_string\"}}],\"inLanguage\":\"ro-RO\"},{\"@type\":\"Organization\",\"@id\":\"https:\/\/securitybriefing.net\/#organization\",\"name\":\"Security Briefing\",\"url\":\"https:\/\/securitybriefing.net\/\",\"logo\":{\"@type\":\"ImageObject\",\"inLanguage\":\"ro-RO\",\"@id\":\"https:\/\/securitybriefing.net\/#\/schema\/logo\/image\/\",\"url\":\"https:\/\/securitybriefing.net\/wp-content\/uploads\/2023\/06\/security-briefing-logo-5.png\",\"contentUrl\":\"https:\/\/securitybriefing.net\/wp-content\/uploads\/2023\/06\/security-briefing-logo-5.png\",\"width\":256,\"height\":70,\"caption\":\"Security Briefing\"},\"image\":{\"@id\":\"https:\/\/securitybriefing.net\/#\/schema\/logo\/image\/\"}}]}<\/script>\n<!-- \/ Yoast SEO plugin. -->","yoast_head_json":{"title":"Analizor Gratuit de Anteturi Email | Informare de Securitate","robots":{"index":"index","follow":"follow","max-snippet":"max-snippet:-1","max-image-preview":"max-image-preview:large","max-video-preview":"max-video-preview:-1"},"canonical":"https:\/\/securitybriefing.net\/ro\/analizor-gratuit-de-anteturi-email\/","og_locale":"ro_RO","og_type":"article","og_title":"Free Email Header Analyzer | Security Briefing","og_description":"Analyze Email Headers to Spot Phishing Email headers reveal the true origin of every message. Paste your email headers below to check SPF, DKIM, and DMARC authentication, trace the message&hellip; Continu\u0103 lectura Free Email Header Analyzer","og_url":"https:\/\/securitybriefing.net\/ro\/analizor-gratuit-de-anteturi-email\/","og_site_name":"Security Briefing","article_modified_time":"2025-12-02T23:32:41+00:00","og_image":[{"width":1200,"height":300,"url":"https:\/\/securitybriefing.net\/wp-content\/uploads\/2025\/09\/main-logo-black.png","type":"image\/png"}],"twitter_card":"summary_large_image","twitter_misc":{"Timp estimat pentru citire":"1 minut"},"schema":{"@context":"https:\/\/schema.org","@graph":[{"@type":"WebPage","@id":"https:\/\/securitybriefing.net\/free-email-header-analyzer\/","url":"https:\/\/securitybriefing.net\/free-email-header-analyzer\/","name":"Analizor Gratuit de Anteturi Email | Informare de Securitate","isPartOf":{"@id":"https:\/\/securitybriefing.net\/#website"},"datePublished":"2025-12-02T23:32:40+00:00","dateModified":"2025-12-02T23:32:41+00:00","breadcrumb":{"@id":"https:\/\/securitybriefing.net\/free-email-header-analyzer\/#breadcrumb"},"inLanguage":"ro-RO","potentialAction":[{"@type":"ReadAction","target":["https:\/\/securitybriefing.net\/free-email-header-analyzer\/"]}]},{"@type":"BreadcrumbList","@id":"https:\/\/securitybriefing.net\/free-email-header-analyzer\/#breadcrumb","itemListElement":[{"@type":"ListItem","position":1,"name":"Home","item":"https:\/\/securitybriefing.net\/"},{"@type":"ListItem","position":2,"name":"Free Email Header Analyzer"}]},{"@type":"WebSite","@id":"https:\/\/securitybriefing.net\/#website","url":"https:\/\/securitybriefing.net\/","name":"Informare de Securitate","description":"Read cybersecurity news, online safety guides, cyber threat updates, and use free security tools from Security Briefing.","publisher":{"@id":"https:\/\/securitybriefing.net\/#organization"},"potentialAction":[{"@type":"SearchAction","target":{"@type":"EntryPoint","urlTemplate":"https:\/\/securitybriefing.net\/?s={search_term_string}"},"query-input":{"@type":"PropertyValueSpecification","valueRequired":true,"valueName":"search_term_string"}}],"inLanguage":"ro-RO"},{"@type":"Organization","@id":"https:\/\/securitybriefing.net\/#organization","name":"Informare de Securitate","url":"https:\/\/securitybriefing.net\/","logo":{"@type":"ImageObject","inLanguage":"ro-RO","@id":"https:\/\/securitybriefing.net\/#\/schema\/logo\/image\/","url":"https:\/\/securitybriefing.net\/wp-content\/uploads\/2023\/06\/security-briefing-logo-5.png","contentUrl":"https:\/\/securitybriefing.net\/wp-content\/uploads\/2023\/06\/security-briefing-logo-5.png","width":256,"height":70,"caption":"Security Briefing"},"image":{"@id":"https:\/\/securitybriefing.net\/#\/schema\/logo\/image\/"}}]}},"_links":{"self":[{"href":"https:\/\/securitybriefing.net\/ro\/wp-json\/wp\/v2\/pages\/4965","targetHints":{"allow":["GET"]}}],"collection":[{"href":"https:\/\/securitybriefing.net\/ro\/wp-json\/wp\/v2\/pages"}],"about":[{"href":"https:\/\/securitybriefing.net\/ro\/wp-json\/wp\/v2\/types\/page"}],"author":[{"embeddable":true,"href":"https:\/\/securitybriefing.net\/ro\/wp-json\/wp\/v2\/users\/1"}],"replies":[{"embeddable":true,"href":"https:\/\/securitybriefing.net\/ro\/wp-json\/wp\/v2\/comments?post=4965"}],"version-history":[{"count":1,"href":"https:\/\/securitybriefing.net\/ro\/wp-json\/wp\/v2\/pages\/4965\/revisions"}],"predecessor-version":[{"id":4967,"href":"https:\/\/securitybriefing.net\/ro\/wp-json\/wp\/v2\/pages\/4965\/revisions\/4967"}],"wp:attachment":[{"href":"https:\/\/securitybriefing.net\/ro\/wp-json\/wp\/v2\/media?parent=4965"}],"curies":[{"name":"wp","href":"https:\/\/api.w.org\/{rel}","templated":true}]}}