{"id":1819,"date":"2022-06-16T15:55:48","date_gmt":"2022-06-16T15:55:48","guid":{"rendered":"http:\/\/securitybriefing.net\/?page_id=3"},"modified":"2023-08-20T00:28:12","modified_gmt":"2023-08-20T00:28:12","slug":"integritetspolicy","status":"publish","type":"page","link":"https:\/\/securitybriefing.net\/sv\/integritetspolicy\/","title":{"rendered":"Integritetspolicy"},"content":{"rendered":"<h2 class=\"wp-block-heading\" id=\"privacy-policy-for-securitybriefingnet\">Integritetspolicy f\u00f6r securitybriefing.net<\/h2>\n\n\n<p>P\u00e5 Security Briefing, tillg\u00e4nglig fr\u00e5n <a href=\"https:\/\/securitybriefing.net\/sv\/\">https:\/\/securitybriefing.net<\/a>\/, en av v\u00e5ra huvudprioriteringar \u00e4r v\u00e5ra bes\u00f6kares integritet. Detta sekretesspolicydokument inneh\u00e5ller typer av information som samlas in och registreras av Security Briefing och hur vi anv\u00e4nder den.<\/p>\n\n\n\n<p>Om du har ytterligare fr\u00e5gor eller beh\u00f6ver mer information om v\u00e5r integritetspolicy \u00e4r du v\u00e4lkommen att kontakta oss.<\/p>\n\n\n\n<p>Denna sekretesspolicy g\u00e4ller endast f\u00f6r v\u00e5ra onlineaktiviteter och g\u00e4ller f\u00f6r bes\u00f6kare p\u00e5 v\u00e5r webbplats med avseende p\u00e5 den information som de delade och \/ eller samlar in i Security Briefing. Denna policy g\u00e4ller inte f\u00f6r n\u00e5gon information som samlas in offline eller via andra kanaler \u00e4n denna webbplats. <\/p>\n\n\n<h2 class=\"wp-block-heading\" id=\"consent\">Samtycke<\/h2>\n\n\n<p>Genom att anv\u00e4nda v\u00e5r webbplats godk\u00e4nner du h\u00e4rmed v\u00e5r integritetspolicy och samtycker till villkoren i den.<\/p>\n\n\n<h2 class=\"wp-block-heading\" id=\"information-we-collect\">Information som vi samlar in<\/h2>\n\n\n<p>De personuppgifter som du ombeds att l\u00e4mna och sk\u00e4len till varf\u00f6r du ombeds att l\u00e4mna dem kommer att klarg\u00f6ras f\u00f6r dig n\u00e4r vi ber dig att l\u00e4mna dina personuppgifter.<\/p>\n\n\n\n<p>Om du kontaktar oss direkt kan vi f\u00e5 ytterligare information om dig, t.ex. ditt namn, din e-postadress, ditt telefonnummer, inneh\u00e5llet i det meddelande och\/eller de bilagor som du skickar till oss och all annan information som du v\u00e4ljer att l\u00e4mna.<\/p>\n\n\n\n<p>N\u00e4r du registrerar dig f\u00f6r ett konto kan vi be om dina kontaktuppgifter, inklusive uppgifter som namn, f\u00f6retagsnamn, adress, e-postadress och telefonnummer.<\/p>\n\n\n<h2 class=\"wp-block-heading\" id=\"how-we-use-your-information\">Hur vi anv\u00e4nder din information<\/h2>\n\n\n<p>Vi anv\u00e4nder den information vi samlar in p\u00e5 olika s\u00e4tt, bland annat f\u00f6r att:<\/p>\n\n\n\n<ul class=\"wp-block-list\"><li>Tillhandah\u00e5lla, driva och underh\u00e5lla v\u00e5r webbplats<\/li><li>F\u00f6rb\u00e4ttra, anpassa och ut\u00f6ka v\u00e5r webbplats<\/li><li>F\u00f6rst\u00e5 och analysera hur du anv\u00e4nder v\u00e5r webbplats<\/li><li>Utveckla nya produkter, tj\u00e4nster, egenskaper och funktioner<\/li><li>Kommunicera med dig, antingen direkt eller via n\u00e5gon av v\u00e5ra samarbetspartners, inklusive f\u00f6r kundservice, f\u00f6r att f\u00f6rse dig med uppdateringar och annan information som r\u00f6r webbplatsen samt f\u00f6r marknadsf\u00f6rings- och reklam\u00e4ndam\u00e5l<\/li><li>Skicka e-post till dig<\/li><li>Hitta och f\u00f6rhindra bedr\u00e4gerier<\/li><\/ul>\n\n\n<h2 class=\"wp-block-heading\" id=\"log-files\">Loggfiler<\/h2>\n\n\n<p>Security Briefing f\u00f6ljer ett standardf\u00f6rfarande f\u00f6r anv\u00e4ndning av loggfiler. Dessa filer loggar bes\u00f6kare n\u00e4r de bes\u00f6ker webbplatser. Alla v\u00e4rdf\u00f6retag g\u00f6r detta och en del av v\u00e4rdtj\u00e4nsternas analys. Den information som samlas in av loggfiler inkluderar IP-adresser (Internet Protocol), webbl\u00e4sartyp, Internetleverant\u00f6r (ISP), datum- och tidsst\u00e4mpel, h\u00e4nvisnings- \/ utg\u00e5ngssidor och eventuellt antalet klick. Dessa \u00e4r inte kopplade till n\u00e5gon personligt identifierbar information. Syftet med informationen \u00e4r att analysera trender, administrera webbplatsen, sp\u00e5ra anv\u00e4ndarnas r\u00f6relser p\u00e5 webbplatsen och samla in demografisk information.<\/p>\n\n\n<h2 class=\"wp-block-heading\" id=\"cookies-and-web-beacons\">Cookies och webb-beacons<\/h2>\n\n\n<p>Som alla andra webbplatser anv\u00e4nder Security Briefing \"cookies\". Dessa cookies anv\u00e4nds f\u00f6r att lagra information inklusive bes\u00f6karnas preferenser och sidorna p\u00e5 webbplatsen som bes\u00f6karen \u00f6ppnade eller bes\u00f6kte. Informationen anv\u00e4nds f\u00f6r att optimera anv\u00e4ndarnas upplevelse genom att anpassa v\u00e5rt webbsidesinneh\u00e5ll baserat p\u00e5 bes\u00f6karnas webbl\u00e4sartyp och \/ eller annan information.<\/p>\n\n\n<h2 class=\"wp-block-heading\" id=\"our-advertising-partners\">V\u00e5ra annonspartners<\/h2>\n\n\n<p>Vissa av annons\u00f6rerna p\u00e5 v\u00e5r webbplats kan anv\u00e4nda cookies och webb-beacons. V\u00e5ra reklampartners listas nedan. Var och en av v\u00e5ra reklampartners har sin egen integritetspolicy f\u00f6r sina policyer f\u00f6r anv\u00e4ndardata. F\u00f6r enklare \u00e5tkomst har vi l\u00e4nkat till deras integritetspolicyer nedan.<\/p>\n\n\n\n<ul class=\"wp-block-list\"><li>Google<a href=\"https:\/\/policies.google.com\/technologies\/ads\">https:\/\/policies.google.com\/technologies\/ads<\/a><\/li><\/ul>\n\n\n<h2 class=\"wp-block-heading\" id=\"advertising-partners-privacy-policies\">Reklampartner Integritetspolicy<\/h2>\n\n\n<p>Du kan konsultera den h\u00e4r listan f\u00f6r att hitta sekretesspolicyn f\u00f6r var och en av annonseringspartnerna f\u00f6r Security Briefing.<\/p>\n\n\n\n<p>Tredjeparts annonsservrar eller annonsn\u00e4tverk anv\u00e4nder teknologier som cookies, JavaScript eller webbsignaler som anv\u00e4nds i deras respektive annonser och l\u00e4nkar som visas p\u00e5 Security Briefing, vilka skickas direkt till anv\u00e4ndarnas webbl\u00e4sare. De f\u00e5r automatiskt din IP-adress n\u00e4r detta intr\u00e4ffar. Dessa teknologier anv\u00e4nds f\u00f6r att m\u00e4ta effektiviteten av deras reklamkampanjer och\/eller f\u00f6r att anpassa det reklaminnh\u00e5ll du ser p\u00e5 webbplatser du bes\u00f6ker.<\/p>\n\n\n\n<p>Observera att Security Briefing inte har n\u00e5gon tillg\u00e5ng till eller kontroll \u00f6ver dessa cookies som tredjepartsannons\u00f6rer anv\u00e4nder.<\/p>\n\n\n<h2 class=\"wp-block-heading\" id=\"third-party-privacy-policies\">Tredje parts integritetspolicy<\/h2>\n\n\n<p>Security Briefings sekretesspolicy g\u00e4ller inte f\u00f6r andra annons\u00f6rer eller webbplatser. S\u00e5ledes rekommenderar vi dig att konsultera respektive sekretesspolicy f\u00f6r dessa tredjepartsannonsservrar f\u00f6r mer detaljerad information. Det kan inkludera deras praxis och instruktioner om hur man v\u00e4ljer bort vissa alternativ.<\/p>\n\n\n\n<p>Du kan v\u00e4lja att inaktivera cookies via alternativen i din webbl\u00e4sare. Mer detaljerad information om hantering av cookies med specifika webbl\u00e4sare finns p\u00e5 webbl\u00e4sarnas respektive webbplatser.<\/p>\n\n\n<h2 class=\"wp-block-heading\" id=\"ccpa-privacy-rights-do-not-sell-my-personal-information\">CCPA:s integritetsr\u00e4ttigheter (s\u00e4lj inte min personliga information)<\/h2>\n\n\n<p>Enligt CCPA, bland andra r\u00e4ttigheter, har konsumenter i Kalifornien r\u00e4tt till:<\/p>\n\n\n\n<p>Beg\u00e4ra att ett f\u00f6retag som samlar in en konsuments personuppgifter l\u00e4mnar ut de kategorier och specifika personuppgifter som f\u00f6retaget har samlat in om konsumenter.<\/p>\n\n\n\n<p>Beg\u00e4ra att ett f\u00f6retag raderar alla personuppgifter om konsumenten som ett f\u00f6retag har samlat in.<\/p>\n\n\n\n<p>Beg\u00e4r att ett f\u00f6retag som s\u00e4ljer en konsuments personuppgifter inte s\u00e4ljer konsumentens personuppgifter.<\/p>\n\n\n\n<p>Om du g\u00f6r en beg\u00e4ran har vi en m\u00e5nad p\u00e5 oss att svara dig. Kontakta oss om du vill ut\u00f6va n\u00e5gon av dessa r\u00e4ttigheter.<\/p>\n\n\n<h2 class=\"wp-block-heading\" id=\"gdpr-data-protection-rights\">GDPR Dataskydd R\u00e4ttigheter<\/h2>\n\n\n<p>Vi vill g\u00e4rna f\u00f6rs\u00e4kra oss om att du \u00e4r fullt medveten om alla dina r\u00e4ttigheter n\u00e4r det g\u00e4ller dataskydd. Varje anv\u00e4ndare har r\u00e4tt till f\u00f6ljande:<\/p>\n\n\n\n<p>R\u00e4tt till tillg\u00e5ng - Du har r\u00e4tt att beg\u00e4ra kopior av dina personuppgifter. Vi kan komma att ta ut en mindre avgift f\u00f6r denna tj\u00e4nst.<\/p>\n\n\n\n<p>R\u00e4tten till r\u00e4ttelse - Du har r\u00e4tt att beg\u00e4ra att vi r\u00e4ttar information som du anser \u00e4r felaktig. Du har ocks\u00e5 r\u00e4tt att beg\u00e4ra att vi kompletterar den information som du anser \u00e4r ofullst\u00e4ndig.<\/p>\n\n\n\n<p>R\u00e4tten till radering - Du har r\u00e4tt att beg\u00e4ra att vi raderar dina personuppgifter under vissa f\u00f6ruts\u00e4ttningar.<\/p>\n\n\n\n<p>R\u00e4tten att begr\u00e4nsa behandlingen - Du har r\u00e4tt att beg\u00e4ra att vi begr\u00e4nsar behandlingen av dina personuppgifter, under vissa f\u00f6ruts\u00e4ttningar.<\/p>\n\n\n\n<p>R\u00e4tt att inv\u00e4nda mot behandling - Du har r\u00e4tt att inv\u00e4nda mot v\u00e5r behandling av dina uppgifter, under vissa f\u00f6ruts\u00e4ttningar.<\/p>\n\n\n\n<p>R\u00e4tten till dataportabilitet - Du har r\u00e4tt att beg\u00e4ra att vi \u00f6verf\u00f6r de uppgifter som vi har samlat in till en annan organisation, eller direkt till dig, under vissa f\u00f6ruts\u00e4ttningar.<\/p>\n\n\n\n<p>Om du g\u00f6r en beg\u00e4ran har vi en m\u00e5nad p\u00e5 oss att svara dig. Kontakta oss om du vill ut\u00f6va n\u00e5gon av dessa r\u00e4ttigheter.<\/p>\n\n\n<h2 class=\"wp-block-heading\" id=\"childrens-information\">Information till barn<\/h2>\n\n\n<p>En annan del av v\u00e5r prioritering \u00e4r att \u00f6ka skyddet f\u00f6r barn n\u00e4r de anv\u00e4nder internet. Vi uppmuntrar f\u00f6r\u00e4ldrar och v\u00e5rdnadshavare att observera, delta i och\/eller \u00f6vervaka och v\u00e4gleda barnens aktiviteter p\u00e5 n\u00e4tet.<\/p>\n\n\n\n<p>Security Briefing samlar inte medvetet in n\u00e5gon personlig identifierbar information fr\u00e5n barn under 13 \u00e5r. Om du tror att ditt barn har tillhandah\u00e5llit denna typ av information p\u00e5 v\u00e5r webbplats, uppmuntrar vi dig starkt att kontakta oss omedelbart och vi kommer att g\u00f6ra v\u00e5rt b\u00e4sta f\u00f6r att omedelbart ta bort s\u00e5dan information fr\u00e5n v\u00e5ra register.<\/p>","protected":false},"excerpt":{"rendered":"<p>Privacy Policy for securitybriefing.net At Security Briefing, accessible from https:\/\/securitybriefing.net\/, one of our main priorities is the privacy of our visitors. This Privacy Policy document contains types of information collected\u2026 <a class=\"more-link\" href=\"https:\/\/securitybriefing.net\/sv\/integritetspolicy\/\">Continue reading <span class=\"screen-reader-text\">Integritetspolicy<\/span><\/a><\/p>","protected":false},"author":1,"featured_media":0,"parent":0,"menu_order":0,"comment_status":"closed","ping_status":"closed","template":"","meta":{"footnotes":""},"class_list":["post-1819","page","type-page","status-publish","hentry","entry"],"yoast_head":"<!-- This site is optimized with the Yoast SEO plugin v26.8 - https:\/\/yoast.com\/product\/yoast-seo-wordpress\/ -->\n<title>Privacy Policy | Security Briefing<\/title>\n<meta name=\"robots\" content=\"index, follow, max-snippet:-1, max-image-preview:large, max-video-preview:-1\" \/>\n<link rel=\"canonical\" href=\"https:\/\/securitybriefing.net\/sv\/integritetspolicy\/\" \/>\n<meta property=\"og:locale\" content=\"sv_SE\" \/>\n<meta property=\"og:type\" content=\"article\" \/>\n<meta property=\"og:title\" content=\"Privacy Policy | Security Briefing\" \/>\n<meta property=\"og:description\" content=\"Privacy Policy for securitybriefing.net At Security Briefing, accessible from https:\/\/securitybriefing.net\/, one of our main priorities is the privacy of our visitors. This Privacy Policy document contains types of information collected&hellip; Forts\u00e4tt l\u00e4sa Privacy Policy\" \/>\n<meta property=\"og:url\" content=\"https:\/\/securitybriefing.net\/sv\/integritetspolicy\/\" \/>\n<meta property=\"og:site_name\" content=\"Security Briefing\" \/>\n<meta property=\"article:modified_time\" content=\"2023-08-20T00:28:12+00:00\" \/>\n<meta property=\"og:image\" content=\"https:\/\/securitybriefing.net\/wp-content\/uploads\/2025\/09\/main-logo-black.png\" \/>\n\t<meta property=\"og:image:width\" content=\"1200\" \/>\n\t<meta property=\"og:image:height\" content=\"300\" \/>\n\t<meta property=\"og:image:type\" content=\"image\/png\" \/>\n<meta name=\"twitter:card\" content=\"summary_large_image\" \/>\n<meta name=\"twitter:label1\" content=\"Ber\u00e4knad l\u00e4stid\" \/>\n\t<meta name=\"twitter:data1\" content=\"6 minuter\" \/>\n<script type=\"application\/ld+json\" class=\"yoast-schema-graph\">{\"@context\":\"https:\/\/schema.org\",\"@graph\":[{\"@type\":\"WebPage\",\"@id\":\"https:\/\/securitybriefing.net\/privacy-policy\/\",\"url\":\"https:\/\/securitybriefing.net\/privacy-policy\/\",\"name\":\"Privacy Policy | Security Briefing\",\"isPartOf\":{\"@id\":\"https:\/\/securitybriefing.net\/#website\"},\"datePublished\":\"2022-06-16T15:55:48+00:00\",\"dateModified\":\"2023-08-20T00:28:12+00:00\",\"breadcrumb\":{\"@id\":\"https:\/\/securitybriefing.net\/privacy-policy\/#breadcrumb\"},\"inLanguage\":\"sv-SE\",\"potentialAction\":[{\"@type\":\"ReadAction\",\"target\":[\"https:\/\/securitybriefing.net\/privacy-policy\/\"]}]},{\"@type\":\"BreadcrumbList\",\"@id\":\"https:\/\/securitybriefing.net\/privacy-policy\/#breadcrumb\",\"itemListElement\":[{\"@type\":\"ListItem\",\"position\":1,\"name\":\"Home\",\"item\":\"https:\/\/securitybriefing.net\/\"},{\"@type\":\"ListItem\",\"position\":2,\"name\":\"Privacy Policy\"}]},{\"@type\":\"WebSite\",\"@id\":\"https:\/\/securitybriefing.net\/#website\",\"url\":\"https:\/\/securitybriefing.net\/\",\"name\":\"Security Briefing\",\"description\":\"Read cybersecurity news, online safety guides, cyber threat updates, and use free security tools from Security Briefing.\",\"publisher\":{\"@id\":\"https:\/\/securitybriefing.net\/#organization\"},\"potentialAction\":[{\"@type\":\"SearchAction\",\"target\":{\"@type\":\"EntryPoint\",\"urlTemplate\":\"https:\/\/securitybriefing.net\/?s={search_term_string}\"},\"query-input\":{\"@type\":\"PropertyValueSpecification\",\"valueRequired\":true,\"valueName\":\"search_term_string\"}}],\"inLanguage\":\"sv-SE\"},{\"@type\":\"Organization\",\"@id\":\"https:\/\/securitybriefing.net\/#organization\",\"name\":\"Security Briefing\",\"url\":\"https:\/\/securitybriefing.net\/\",\"logo\":{\"@type\":\"ImageObject\",\"inLanguage\":\"sv-SE\",\"@id\":\"https:\/\/securitybriefing.net\/#\/schema\/logo\/image\/\",\"url\":\"https:\/\/securitybriefing.net\/wp-content\/uploads\/2023\/06\/security-briefing-logo-5.png\",\"contentUrl\":\"https:\/\/securitybriefing.net\/wp-content\/uploads\/2023\/06\/security-briefing-logo-5.png\",\"width\":256,\"height\":70,\"caption\":\"Security Briefing\"},\"image\":{\"@id\":\"https:\/\/securitybriefing.net\/#\/schema\/logo\/image\/\"}}]}<\/script>\n<!-- \/ Yoast SEO plugin. -->","yoast_head_json":{"title":"Integritetspolicy | Security Briefing","robots":{"index":"index","follow":"follow","max-snippet":"max-snippet:-1","max-image-preview":"max-image-preview:large","max-video-preview":"max-video-preview:-1"},"canonical":"https:\/\/securitybriefing.net\/sv\/integritetspolicy\/","og_locale":"sv_SE","og_type":"article","og_title":"Privacy Policy | Security Briefing","og_description":"Privacy Policy for securitybriefing.net At Security Briefing, accessible from https:\/\/securitybriefing.net\/, one of our main priorities is the privacy of our visitors. This Privacy Policy document contains types of information collected&hellip; Forts\u00e4tt l\u00e4sa Privacy Policy","og_url":"https:\/\/securitybriefing.net\/sv\/integritetspolicy\/","og_site_name":"Security Briefing","article_modified_time":"2023-08-20T00:28:12+00:00","og_image":[{"width":1200,"height":300,"url":"https:\/\/securitybriefing.net\/wp-content\/uploads\/2025\/09\/main-logo-black.png","type":"image\/png"}],"twitter_card":"summary_large_image","twitter_misc":{"Ber\u00e4knad l\u00e4stid":"6 minuter"},"schema":{"@context":"https:\/\/schema.org","@graph":[{"@type":"WebPage","@id":"https:\/\/securitybriefing.net\/privacy-policy\/","url":"https:\/\/securitybriefing.net\/privacy-policy\/","name":"Integritetspolicy | Security Briefing","isPartOf":{"@id":"https:\/\/securitybriefing.net\/#website"},"datePublished":"2022-06-16T15:55:48+00:00","dateModified":"2023-08-20T00:28:12+00:00","breadcrumb":{"@id":"https:\/\/securitybriefing.net\/privacy-policy\/#breadcrumb"},"inLanguage":"sv-SE","potentialAction":[{"@type":"ReadAction","target":["https:\/\/securitybriefing.net\/privacy-policy\/"]}]},{"@type":"BreadcrumbList","@id":"https:\/\/securitybriefing.net\/privacy-policy\/#breadcrumb","itemListElement":[{"@type":"ListItem","position":1,"name":"Home","item":"https:\/\/securitybriefing.net\/"},{"@type":"ListItem","position":2,"name":"Privacy Policy"}]},{"@type":"WebSite","@id":"https:\/\/securitybriefing.net\/#website","url":"https:\/\/securitybriefing.net\/","name":"S\u00e4kerhetsgenomg\u00e5ng","description":"Read cybersecurity news, online safety guides, cyber threat updates, and use free security tools from Security Briefing.","publisher":{"@id":"https:\/\/securitybriefing.net\/#organization"},"potentialAction":[{"@type":"SearchAction","target":{"@type":"EntryPoint","urlTemplate":"https:\/\/securitybriefing.net\/?s={search_term_string}"},"query-input":{"@type":"PropertyValueSpecification","valueRequired":true,"valueName":"search_term_string"}}],"inLanguage":"sv-SE"},{"@type":"Organization","@id":"https:\/\/securitybriefing.net\/#organization","name":"S\u00e4kerhetsgenomg\u00e5ng","url":"https:\/\/securitybriefing.net\/","logo":{"@type":"ImageObject","inLanguage":"sv-SE","@id":"https:\/\/securitybriefing.net\/#\/schema\/logo\/image\/","url":"https:\/\/securitybriefing.net\/wp-content\/uploads\/2023\/06\/security-briefing-logo-5.png","contentUrl":"https:\/\/securitybriefing.net\/wp-content\/uploads\/2023\/06\/security-briefing-logo-5.png","width":256,"height":70,"caption":"Security Briefing"},"image":{"@id":"https:\/\/securitybriefing.net\/#\/schema\/logo\/image\/"}}]}},"_links":{"self":[{"href":"https:\/\/securitybriefing.net\/sv\/wp-json\/wp\/v2\/pages\/1819","targetHints":{"allow":["GET"]}}],"collection":[{"href":"https:\/\/securitybriefing.net\/sv\/wp-json\/wp\/v2\/pages"}],"about":[{"href":"https:\/\/securitybriefing.net\/sv\/wp-json\/wp\/v2\/types\/page"}],"author":[{"embeddable":true,"href":"https:\/\/securitybriefing.net\/sv\/wp-json\/wp\/v2\/users\/1"}],"replies":[{"embeddable":true,"href":"https:\/\/securitybriefing.net\/sv\/wp-json\/wp\/v2\/comments?post=1819"}],"version-history":[{"count":0,"href":"https:\/\/securitybriefing.net\/sv\/wp-json\/wp\/v2\/pages\/1819\/revisions"}],"wp:attachment":[{"href":"https:\/\/securitybriefing.net\/sv\/wp-json\/wp\/v2\/media?parent=1819"}],"curies":[{"name":"wp","href":"https:\/\/api.w.org\/{rel}","templated":true}]}}