{"id":283,"date":"2022-06-23T14:21:15","date_gmt":"2022-06-23T14:21:15","guid":{"rendered":"https:\/\/securitybriefing.net\/?page_id=283"},"modified":"2025-09-08T20:40:33","modified_gmt":"2025-09-08T20:40:33","slug":"om-oss","status":"publish","type":"page","link":"https:\/\/securitybriefing.net\/sv\/om-oss\/","title":{"rendered":"Om oss"},"content":{"rendered":"<p>Security Briefing \u00e4r v\u00e4rldens f\u00f6rsta och st\u00f6rsta community f\u00f6r Chief Information Security Officers (CISO) och s\u00e4kerhetsproffs. Vi \u00e4r en unik blandning av tankeledarskap och operativ beh\u00e4rskning, som st\u00e4nger klyftan i cyberspace. Vi f\u00f6rser v\u00e5ra l\u00e4sare med de b\u00e4sta hj\u00e4rnorna i branschen, som kan hj\u00e4lpa dem att skydda sina viktigaste digitala tillg\u00e5ngar. Med Security Briefing har du tillg\u00e5ng till o\u00f6vertr\u00e4ffad expertis inom riskbed\u00f6mning av cybers\u00e4kerhet, incidentrespons och kriminalteknik. V\u00e5rt uppdrag \u00e4r att se till att ditt f\u00f6retag inte blir offer f\u00f6r ett dataintr\u00e5ng eller annan cyberattack. <\/p>\n\n\n\n<p>Vi f\u00f6rst\u00e5r att cyberbrottslighet \u00e4r ett globalt problem som kr\u00e4ver en global l\u00f6sning, s\u00e5 vi har samlat de b\u00e4sta hj\u00e4rnorna fr\u00e5n hela v\u00e4rlden f\u00f6r att hj\u00e4lpa till att minska organisationers riskexponering f\u00f6r cyberhot. V\u00e5ra alliansmedlemmar delar med sig av kunskap och samarbetar kring l\u00f6sningar f\u00f6r att ge v\u00e5ra kunder r\u00e4tt verktyg, processer och teknik f\u00f6r att skydda sina verksamheter. Som en del av v\u00e5rt \u00e5tagande att skapa en trygg och s\u00e4ker onlinemilj\u00f6 erbjuder vi ocks\u00e5 specialiserade utbildningar i operativ och strategisk cybers\u00e4kerhet samt n\u00e4tverksm\u00f6jligheter f\u00f6r branschexperter och cybers\u00e4kerhetskonsulter.<\/p>\n\n\n\n<p>F\u00f6lj med oss n\u00e4r vi arbetar f\u00f6r att s\u00e4kra cyberrymdens framtid.<\/p>\n\n\n\n<ul class=\"wp-block-social-links is-layout-flex wp-block-social-links-is-layout-flex\"><li class=\"wp-social-link wp-social-link-facebook  wp-block-social-link\"><a href=\"https:\/\/www.facebook.com\/profile.php?id=100083096924332\" class=\"wp-block-social-link-anchor\"><svg width=\"24\" height=\"24\" viewbox=\"0 0 24 24\" version=\"1.1\" xmlns=\"http:\/\/www.w3.org\/2000\/svg\" aria-hidden=\"true\" focusable=\"false\"><path d=\"M12 2C6.5 2 2 6.5 2 12c0 5 3.7 9.1 8.4 9.9v-7H7.9V12h2.5V9.8c0-2.5 1.5-3.9 3.8-3.9 1.1 0 2.2.2 2.2.2v2.5h-1.3c-1.2 0-1.6.8-1.6 1.6V12h2.8l-.4 2.9h-2.3v7C18.3 21.1 22 17 22 12c0-5.5-4.5-10-10-10z\"><\/path><\/svg><span class=\"wp-block-social-link-label screen-reader-text\">Facebook<\/span><\/a><\/li><\/ul>\n\n\n\n<figure class=\"wp-block-embed is-type-rich is-provider-twitter wp-block-embed-twitter\"><div class=\"wp-block-embed__wrapper\">\n<a class=\"twitter-timeline\" data-width=\"750\" data-height=\"1000\" data-dnt=\"true\" href=\"https:\/\/twitter.com\/scrtbriefing?ref_src=twsrc%5Etfw\">Tweets av scrtbriefing<\/a><script async src=\"https:\/\/platform.twitter.com\/widgets.js\" charset=\"utf-8\"><\/script>\n<\/div><\/figure>\n\n\n\n<p><strong>Bilder partners<\/strong><\/p>\n\n\n\n<figure class=\"wp-block-image size-large is-resized\"><a href=\"https:\/\/depositphotos.com\" target=\"_blank\"><img loading=\"lazy\" decoding=\"async\" width=\"1024\" height=\"256\" src=\"https:\/\/securitybriefing.net\/wp-content\/uploads\/2025\/09\/main-logo-black-1024x256.png\" alt=\"Main logo black\" class=\"wp-image-4531\" style=\"width:218px;height:auto\" srcset=\"https:\/\/securitybriefing.net\/wp-content\/uploads\/2025\/09\/main-logo-black-1024x256.png 1024w, https:\/\/securitybriefing.net\/wp-content\/uploads\/2025\/09\/main-logo-black-300x75.png 300w, https:\/\/securitybriefing.net\/wp-content\/uploads\/2025\/09\/main-logo-black-768x192.png 768w, https:\/\/securitybriefing.net\/wp-content\/uploads\/2025\/09\/main-logo-black-18x5.png 18w, https:\/\/securitybriefing.net\/wp-content\/uploads\/2025\/09\/main-logo-black.png 1200w\" sizes=\"auto, (max-width: 1024px) 100vw, 1024px\" \/><\/a><\/figure>\n\n\n\n<p><\/p>\n\n\n\n<p><\/p>","protected":false},"excerpt":{"rendered":"<p>Security Briefing \u00e4r v\u00e4rldens f\u00f6rsta och st\u00f6rsta gemenskap av Chief Information Security Officers (CISOs) och s\u00e4kerhetsproffs. Vi \u00e4r en unik blandning av tankeledarskap och operativ skicklighet, som st\u00e4nger\u2026 <a class=\"more-link\" href=\"https:\/\/securitybriefing.net\/sv\/om-oss\/\">Continue reading <span class=\"screen-reader-text\">Om oss<\/span><\/a><\/p>","protected":false},"author":3,"featured_media":0,"parent":0,"menu_order":0,"comment_status":"closed","ping_status":"closed","template":"","meta":{"footnotes":""},"class_list":["post-283","page","type-page","status-publish","hentry","entry"],"yoast_head":"<!-- This site is optimized with the Yoast SEO plugin v26.8 - https:\/\/yoast.com\/product\/yoast-seo-wordpress\/ -->\n<title>About Us | Security Briefing<\/title>\n<meta name=\"robots\" content=\"index, follow, max-snippet:-1, max-image-preview:large, max-video-preview:-1\" \/>\n<link rel=\"canonical\" href=\"https:\/\/securitybriefing.net\/sv\/om-oss\/\" \/>\n<meta property=\"og:locale\" content=\"sv_SE\" \/>\n<meta property=\"og:type\" content=\"article\" \/>\n<meta property=\"og:title\" content=\"About Us | Security Briefing\" \/>\n<meta property=\"og:description\" content=\"Security Briefing is the world\u2019s first and largest community of Chief Information Security Officers (CISOs) and security professionals. We are a unique blend of thought leadership and operational mastery, closing&hellip; Forts\u00e4tt l\u00e4sa About Us\" \/>\n<meta property=\"og:url\" content=\"https:\/\/securitybriefing.net\/sv\/om-oss\/\" \/>\n<meta property=\"og:site_name\" content=\"Security Briefing\" \/>\n<meta property=\"article:modified_time\" content=\"2025-09-08T20:40:33+00:00\" \/>\n<meta property=\"og:image\" content=\"https:\/\/securitybriefing.net\/wp-content\/uploads\/2025\/09\/main-logo-black.png\" \/>\n\t<meta property=\"og:image:width\" content=\"1200\" \/>\n\t<meta property=\"og:image:height\" content=\"300\" \/>\n\t<meta property=\"og:image:type\" content=\"image\/png\" \/>\n<meta name=\"twitter:card\" content=\"summary_large_image\" \/>\n<meta name=\"twitter:label1\" content=\"Ber\u00e4knad l\u00e4stid\" \/>\n\t<meta name=\"twitter:data1\" content=\"2 minuter\" \/>\n<script type=\"application\/ld+json\" class=\"yoast-schema-graph\">{\"@context\":\"https:\/\/schema.org\",\"@graph\":[{\"@type\":\"WebPage\",\"@id\":\"https:\/\/securitybriefing.net\/about-us\/\",\"url\":\"https:\/\/securitybriefing.net\/about-us\/\",\"name\":\"About Us | Security Briefing\",\"isPartOf\":{\"@id\":\"https:\/\/securitybriefing.net\/#website\"},\"primaryImageOfPage\":{\"@id\":\"https:\/\/securitybriefing.net\/about-us\/#primaryimage\"},\"image\":{\"@id\":\"https:\/\/securitybriefing.net\/about-us\/#primaryimage\"},\"thumbnailUrl\":\"https:\/\/securitybriefing.net\/wp-content\/uploads\/2025\/09\/main-logo-black-1024x256.png\",\"datePublished\":\"2022-06-23T14:21:15+00:00\",\"dateModified\":\"2025-09-08T20:40:33+00:00\",\"breadcrumb\":{\"@id\":\"https:\/\/securitybriefing.net\/about-us\/#breadcrumb\"},\"inLanguage\":\"sv-SE\",\"potentialAction\":[{\"@type\":\"ReadAction\",\"target\":[\"https:\/\/securitybriefing.net\/about-us\/\"]}]},{\"@type\":\"ImageObject\",\"inLanguage\":\"sv-SE\",\"@id\":\"https:\/\/securitybriefing.net\/about-us\/#primaryimage\",\"url\":\"https:\/\/securitybriefing.net\/wp-content\/uploads\/2025\/09\/main-logo-black-1024x256.png\",\"contentUrl\":\"https:\/\/securitybriefing.net\/wp-content\/uploads\/2025\/09\/main-logo-black-1024x256.png\"},{\"@type\":\"BreadcrumbList\",\"@id\":\"https:\/\/securitybriefing.net\/about-us\/#breadcrumb\",\"itemListElement\":[{\"@type\":\"ListItem\",\"position\":1,\"name\":\"Home\",\"item\":\"https:\/\/securitybriefing.net\/\"},{\"@type\":\"ListItem\",\"position\":2,\"name\":\"About Us\"}]},{\"@type\":\"WebSite\",\"@id\":\"https:\/\/securitybriefing.net\/#website\",\"url\":\"https:\/\/securitybriefing.net\/\",\"name\":\"Security Briefing\",\"description\":\"Read cybersecurity news, online safety guides, cyber threat updates, and use free security tools from Security Briefing.\",\"publisher\":{\"@id\":\"https:\/\/securitybriefing.net\/#organization\"},\"potentialAction\":[{\"@type\":\"SearchAction\",\"target\":{\"@type\":\"EntryPoint\",\"urlTemplate\":\"https:\/\/securitybriefing.net\/?s={search_term_string}\"},\"query-input\":{\"@type\":\"PropertyValueSpecification\",\"valueRequired\":true,\"valueName\":\"search_term_string\"}}],\"inLanguage\":\"sv-SE\"},{\"@type\":\"Organization\",\"@id\":\"https:\/\/securitybriefing.net\/#organization\",\"name\":\"Security Briefing\",\"url\":\"https:\/\/securitybriefing.net\/\",\"logo\":{\"@type\":\"ImageObject\",\"inLanguage\":\"sv-SE\",\"@id\":\"https:\/\/securitybriefing.net\/#\/schema\/logo\/image\/\",\"url\":\"https:\/\/securitybriefing.net\/wp-content\/uploads\/2023\/06\/security-briefing-logo-5.png\",\"contentUrl\":\"https:\/\/securitybriefing.net\/wp-content\/uploads\/2023\/06\/security-briefing-logo-5.png\",\"width\":256,\"height\":70,\"caption\":\"Security Briefing\"},\"image\":{\"@id\":\"https:\/\/securitybriefing.net\/#\/schema\/logo\/image\/\"}}]}<\/script>\n<!-- \/ Yoast SEO plugin. -->","yoast_head_json":{"title":"Om oss | S\u00e4kerhetsgenomg\u00e5ng","robots":{"index":"index","follow":"follow","max-snippet":"max-snippet:-1","max-image-preview":"max-image-preview:large","max-video-preview":"max-video-preview:-1"},"canonical":"https:\/\/securitybriefing.net\/sv\/om-oss\/","og_locale":"sv_SE","og_type":"article","og_title":"About Us | Security Briefing","og_description":"Security Briefing is the world\u2019s first and largest community of Chief Information Security Officers (CISOs) and security professionals. We are a unique blend of thought leadership and operational mastery, closing&hellip; Forts\u00e4tt l\u00e4sa About Us","og_url":"https:\/\/securitybriefing.net\/sv\/om-oss\/","og_site_name":"Security Briefing","article_modified_time":"2025-09-08T20:40:33+00:00","og_image":[{"width":1200,"height":300,"url":"https:\/\/securitybriefing.net\/wp-content\/uploads\/2025\/09\/main-logo-black.png","type":"image\/png"}],"twitter_card":"summary_large_image","twitter_misc":{"Ber\u00e4knad l\u00e4stid":"2 minuter"},"schema":{"@context":"https:\/\/schema.org","@graph":[{"@type":"WebPage","@id":"https:\/\/securitybriefing.net\/about-us\/","url":"https:\/\/securitybriefing.net\/about-us\/","name":"Om oss | S\u00e4kerhetsgenomg\u00e5ng","isPartOf":{"@id":"https:\/\/securitybriefing.net\/#website"},"primaryImageOfPage":{"@id":"https:\/\/securitybriefing.net\/about-us\/#primaryimage"},"image":{"@id":"https:\/\/securitybriefing.net\/about-us\/#primaryimage"},"thumbnailUrl":"https:\/\/securitybriefing.net\/wp-content\/uploads\/2025\/09\/main-logo-black-1024x256.png","datePublished":"2022-06-23T14:21:15+00:00","dateModified":"2025-09-08T20:40:33+00:00","breadcrumb":{"@id":"https:\/\/securitybriefing.net\/about-us\/#breadcrumb"},"inLanguage":"sv-SE","potentialAction":[{"@type":"ReadAction","target":["https:\/\/securitybriefing.net\/about-us\/"]}]},{"@type":"ImageObject","inLanguage":"sv-SE","@id":"https:\/\/securitybriefing.net\/about-us\/#primaryimage","url":"https:\/\/securitybriefing.net\/wp-content\/uploads\/2025\/09\/main-logo-black-1024x256.png","contentUrl":"https:\/\/securitybriefing.net\/wp-content\/uploads\/2025\/09\/main-logo-black-1024x256.png"},{"@type":"BreadcrumbList","@id":"https:\/\/securitybriefing.net\/about-us\/#breadcrumb","itemListElement":[{"@type":"ListItem","position":1,"name":"Home","item":"https:\/\/securitybriefing.net\/"},{"@type":"ListItem","position":2,"name":"About Us"}]},{"@type":"WebSite","@id":"https:\/\/securitybriefing.net\/#website","url":"https:\/\/securitybriefing.net\/","name":"S\u00e4kerhetsgenomg\u00e5ng","description":"Read cybersecurity news, online safety guides, cyber threat updates, and use free security tools from Security Briefing.","publisher":{"@id":"https:\/\/securitybriefing.net\/#organization"},"potentialAction":[{"@type":"SearchAction","target":{"@type":"EntryPoint","urlTemplate":"https:\/\/securitybriefing.net\/?s={search_term_string}"},"query-input":{"@type":"PropertyValueSpecification","valueRequired":true,"valueName":"search_term_string"}}],"inLanguage":"sv-SE"},{"@type":"Organization","@id":"https:\/\/securitybriefing.net\/#organization","name":"S\u00e4kerhetsgenomg\u00e5ng","url":"https:\/\/securitybriefing.net\/","logo":{"@type":"ImageObject","inLanguage":"sv-SE","@id":"https:\/\/securitybriefing.net\/#\/schema\/logo\/image\/","url":"https:\/\/securitybriefing.net\/wp-content\/uploads\/2023\/06\/security-briefing-logo-5.png","contentUrl":"https:\/\/securitybriefing.net\/wp-content\/uploads\/2023\/06\/security-briefing-logo-5.png","width":256,"height":70,"caption":"Security Briefing"},"image":{"@id":"https:\/\/securitybriefing.net\/#\/schema\/logo\/image\/"}}]}},"_links":{"self":[{"href":"https:\/\/securitybriefing.net\/sv\/wp-json\/wp\/v2\/pages\/283","targetHints":{"allow":["GET"]}}],"collection":[{"href":"https:\/\/securitybriefing.net\/sv\/wp-json\/wp\/v2\/pages"}],"about":[{"href":"https:\/\/securitybriefing.net\/sv\/wp-json\/wp\/v2\/types\/page"}],"author":[{"embeddable":true,"href":"https:\/\/securitybriefing.net\/sv\/wp-json\/wp\/v2\/users\/3"}],"replies":[{"embeddable":true,"href":"https:\/\/securitybriefing.net\/sv\/wp-json\/wp\/v2\/comments?post=283"}],"version-history":[{"count":1,"href":"https:\/\/securitybriefing.net\/sv\/wp-json\/wp\/v2\/pages\/283\/revisions"}],"predecessor-version":[{"id":4532,"href":"https:\/\/securitybriefing.net\/sv\/wp-json\/wp\/v2\/pages\/283\/revisions\/4532"}],"wp:attachment":[{"href":"https:\/\/securitybriefing.net\/sv\/wp-json\/wp\/v2\/media?parent=283"}],"curies":[{"name":"wp","href":"https:\/\/api.w.org\/{rel}","templated":true}]}}