{"id":4922,"date":"2025-11-27T00:18:13","date_gmt":"2025-11-27T00:18:13","guid":{"rendered":"https:\/\/securitybriefing.net\/?page_id=4922"},"modified":"2025-11-27T00:44:37","modified_gmt":"2025-11-27T00:44:37","slug":"gratis-losenordsstyrkekontroll","status":"publish","type":"page","link":"https:\/\/securitybriefing.net\/sv\/gratis-losenordsstyrkekontroll\/","title":{"rendered":"Gratis l\u00f6senordsstyrkekontroll"},"content":{"rendered":"<style>\n.img-blog-exp {\n    display: none;\n}\nh2 {\n    margin-top: -30px !important;\n    margin-bottom: 20px !important;\n    color: #01175e;\n}\n<\/style>\n\n<h2>\u00c4r ditt l\u00f6senord tillr\u00e4ckligt starkt?<\/h2>\n<p style=\"margin-bottom: 40px;\"><strong>80% av dataintr\u00e5ng involverar svaga eller stulna l\u00f6senord.<\/strong> Ange ditt l\u00f6senord nedan f\u00f6r att se hur s\u00e4kert det verkligen \u00e4r. V\u00e5r kontrollant analyserar l\u00e4ngd, komplexitet och j\u00e4mf\u00f6r med k\u00e4nda vanliga l\u00f6senord \u2014 allt utan att n\u00e5gonsin l\u00e4mna din webbl\u00e4sare.<\/p>\n\n    <div class=\"password-checker\" data-theme=\"dark\">\n        <div class=\"psc-container\">\n            <h3 class=\"psc-title\">L\u00f6senordsstyrkekontroll<\/h3>\n            \n            <div class=\"psc-input-wrapper\">\n                <input type=\"password\" class=\"psc-input\" placeholder=\"Ange ditt l\u00f6senord f\u00f6r att kontrollera\">\n                <button type=\"button\" class=\"psc-toggle-visibility\" title=\"Visa\/D\u00f6lj l\u00f6senord\">\n                    <svg class=\"psc-eye-open\" xmlns=\"http:\/\/www.w3.org\/2000\/svg\" width=\"20\" height=\"20\" viewbox=\"0 0 24 24\" fill=\"none\" stroke=\"currentColor\" stroke-width=\"2\">\n                        <path d=\"M1 12s4-8 11-8 11 8 11 8-4 8-11 8-11-8-11-8z\"><\/path>\n                        <circle cx=\"12\" cy=\"12\" r=\"3\"><\/circle>\n                    <\/svg>\n                    <svg class=\"psc-eye-closed\" xmlns=\"http:\/\/www.w3.org\/2000\/svg\" width=\"20\" height=\"20\" viewbox=\"0 0 24 24\" fill=\"none\" stroke=\"currentColor\" stroke-width=\"2\" style=\"display:none;\">\n                        <path d=\"M17.94 17.94A10.07 10.07 0 0 1 12 20c-7 0-11-8-11-8a18.45 18.45 0 0 1 5.06-5.94M9.9 4.24A9.12 9.12 0 0 1 12 4c7 0 11 8 11 8a18.5 18.5 0 0 1-2.16 3.19m-6.72-1.07a3 3 0 1 1-4.24-4.24\"><\/path>\n                        <line x1=\"1\" y1=\"1\" x2=\"23\" y2=\"23\"><\/line>\n                    <\/svg>\n                <\/button>\n            <\/div>\n            \n            <div class=\"psc-strength-meter\">\n                <div class=\"psc-strength-bar\">\n                    <div class=\"psc-strength-fill\"><\/div>\n                <\/div>\n                <div class=\"psc-strength-label\">\n                    <span class=\"psc-strength-text\">Ange ett l\u00f6senord<\/span>\n                    <span class=\"psc-crack-time\"><\/span>\n                <\/div>\n            <\/div>\n            \n            <div class=\"psc-criteria\">\n                <div class=\"psc-criteria-item\" data-criteria=\"length\">\n                    <span class=\"psc-criteria-icon\">\u25cb<\/span>\n                    <span>Minst 12 tecken<\/span>\n                <\/div>\n                <div class=\"psc-criteria-item\" data-criteria=\"uppercase\">\n                    <span class=\"psc-criteria-icon\">\u25cb<\/span>\n                    <span>Versal (A-Z)<\/span>\n                <\/div>\n                <div class=\"psc-criteria-item\" data-criteria=\"lowercase\">\n                    <span class=\"psc-criteria-icon\">\u25cb<\/span>\n                    <span>Gemener (a-z)<\/span>\n                <\/div>\n                <div class=\"psc-criteria-item\" data-criteria=\"number\">\n                    <span class=\"psc-criteria-icon\">\u25cb<\/span>\n                    <span>Siffra (0-9)<\/span>\n                <\/div>\n                <div class=\"psc-criteria-item\" data-criteria=\"symbol\">\n                    <span class=\"psc-criteria-icon\">\u25cb<\/span>\n                    <span>Symbol (!@#$%^&amp;*)<\/span>\n                <\/div>\n                <div class=\"psc-criteria-item\" data-criteria=\"nocommon\">\n                    <span class=\"psc-criteria-icon\">\u25cb<\/span>\n                    <span>Inte ett vanligt l\u00f6senord<\/span>\n                <\/div>\n            <\/div>\n            \n            <div class=\"psc-details\">\n                <button type=\"button\" class=\"psc-details-toggle\">Analysdetaljer \u25bc<\/button>\n                <div class=\"psc-details-content\" style=\"display: none;\">\n                    <div class=\"psc-detail-row\">\n                        <span>Teckenr\u00e4kning:<\/span>\n                        <span class=\"psc-char-count\">0<\/span>\n                    <\/div>\n                    <div class=\"psc-detail-row\">\n                        <span>Teckenvariation:<\/span>\n                        <span class=\"psc-char-variety\">-<\/span>\n                    <\/div>\n                    <div class=\"psc-detail-row\">\n                        <span>Entropibitar:<\/span>\n                        <span class=\"psc-entropy\">0<\/span>\n                    <\/div>\n                    <div class=\"psc-detail-row\">\n                        <span>Unika tecken:<\/span>\n                        <span class=\"psc-unique\">0<\/span>\n                    <\/div>\n                <\/div>\n            <\/div>\n            \n            <div class=\"psc-privacy-note\">\n                <svg xmlns=\"http:\/\/www.w3.org\/2000\/svg\" width=\"14\" height=\"14\" viewbox=\"0 0 24 24\" fill=\"none\" stroke=\"currentColor\" stroke-width=\"2\">\n                    <path d=\"M12 22s8-4 8-10V5l-8-3-8 3v7c0 6 8 10 8 10z\"\/>\n                    <polyline points=\"9 12 11 14 15 10\"\/>\n                <\/svg>\n                Ditt l\u00f6senord kontrolleras lokalt och skickas aldrig till n\u00e5gon server\n            <\/div>\n        <\/div>\n    <\/div>","protected":false},"excerpt":{"rendered":"<p>\u00c4r ditt l\u00f6senord tillr\u00e4ckligt starkt? 80% av dataintr\u00e5ng involverar svaga eller stulna l\u00f6senord. Ange ditt l\u00f6senord nedan f\u00f6r att se hur s\u00e4kert det verkligen \u00e4r. V\u00e5r kontrollant analyserar l\u00e4ngd, komplexitet,\u2026 <a class=\"more-link\" href=\"https:\/\/securitybriefing.net\/sv\/gratis-losenordsstyrkekontroll\/\">Continue reading <span class=\"screen-reader-text\">Gratis l\u00f6senordsstyrkekontroll<\/span><\/a><\/p>","protected":false},"author":3,"featured_media":0,"parent":0,"menu_order":0,"comment_status":"closed","ping_status":"closed","template":"","meta":{"footnotes":""},"class_list":["post-4922","page","type-page","status-publish","hentry","entry"],"yoast_head":"<!-- This site is optimized with the Yoast SEO plugin v26.8 - https:\/\/yoast.com\/product\/yoast-seo-wordpress\/ -->\n<title>Free Password Strength Checker | Security Briefing<\/title>\n<meta name=\"robots\" content=\"index, follow, max-snippet:-1, max-image-preview:large, max-video-preview:-1\" \/>\n<link rel=\"canonical\" href=\"https:\/\/securitybriefing.net\/sv\/gratis-losenordsstyrkekontroll\/\" \/>\n<meta property=\"og:locale\" content=\"sv_SE\" \/>\n<meta property=\"og:type\" content=\"article\" \/>\n<meta property=\"og:title\" content=\"Free Password Strength Checker | Security Briefing\" \/>\n<meta property=\"og:description\" content=\"Is Your Password Strong Enough? 80% of data breaches involve weak or stolen passwords. Enter your password below to see how secure it really is. Our checker analyzes length, complexity,&hellip; Forts\u00e4tt l\u00e4sa Free Password Strength Checker\" \/>\n<meta property=\"og:url\" content=\"https:\/\/securitybriefing.net\/sv\/gratis-losenordsstyrkekontroll\/\" \/>\n<meta property=\"og:site_name\" content=\"Security Briefing\" \/>\n<meta property=\"article:modified_time\" content=\"2025-11-27T00:44:37+00:00\" \/>\n<meta property=\"og:image\" content=\"https:\/\/securitybriefing.net\/wp-content\/uploads\/2025\/09\/main-logo-black.png\" \/>\n\t<meta property=\"og:image:width\" content=\"1200\" \/>\n\t<meta property=\"og:image:height\" content=\"300\" \/>\n\t<meta property=\"og:image:type\" content=\"image\/png\" \/>\n<meta name=\"twitter:card\" content=\"summary_large_image\" \/>\n<meta name=\"twitter:label1\" content=\"Ber\u00e4knad l\u00e4stid\" \/>\n\t<meta name=\"twitter:data1\" content=\"1 minut\" \/>\n<script type=\"application\/ld+json\" class=\"yoast-schema-graph\">{\"@context\":\"https:\/\/schema.org\",\"@graph\":[{\"@type\":\"WebPage\",\"@id\":\"https:\/\/securitybriefing.net\/free-password-strength-checker\/\",\"url\":\"https:\/\/securitybriefing.net\/free-password-strength-checker\/\",\"name\":\"Free Password Strength Checker | Security Briefing\",\"isPartOf\":{\"@id\":\"https:\/\/securitybriefing.net\/#website\"},\"datePublished\":\"2025-11-27T00:18:13+00:00\",\"dateModified\":\"2025-11-27T00:44:37+00:00\",\"breadcrumb\":{\"@id\":\"https:\/\/securitybriefing.net\/free-password-strength-checker\/#breadcrumb\"},\"inLanguage\":\"sv-SE\",\"potentialAction\":[{\"@type\":\"ReadAction\",\"target\":[\"https:\/\/securitybriefing.net\/free-password-strength-checker\/\"]}]},{\"@type\":\"BreadcrumbList\",\"@id\":\"https:\/\/securitybriefing.net\/free-password-strength-checker\/#breadcrumb\",\"itemListElement\":[{\"@type\":\"ListItem\",\"position\":1,\"name\":\"Home\",\"item\":\"https:\/\/securitybriefing.net\/\"},{\"@type\":\"ListItem\",\"position\":2,\"name\":\"Free Password Strength Checker\"}]},{\"@type\":\"WebSite\",\"@id\":\"https:\/\/securitybriefing.net\/#website\",\"url\":\"https:\/\/securitybriefing.net\/\",\"name\":\"Security Briefing\",\"description\":\"Read cybersecurity news, online safety guides, cyber threat updates, and use free security tools from Security Briefing.\",\"publisher\":{\"@id\":\"https:\/\/securitybriefing.net\/#organization\"},\"potentialAction\":[{\"@type\":\"SearchAction\",\"target\":{\"@type\":\"EntryPoint\",\"urlTemplate\":\"https:\/\/securitybriefing.net\/?s={search_term_string}\"},\"query-input\":{\"@type\":\"PropertyValueSpecification\",\"valueRequired\":true,\"valueName\":\"search_term_string\"}}],\"inLanguage\":\"sv-SE\"},{\"@type\":\"Organization\",\"@id\":\"https:\/\/securitybriefing.net\/#organization\",\"name\":\"Security Briefing\",\"url\":\"https:\/\/securitybriefing.net\/\",\"logo\":{\"@type\":\"ImageObject\",\"inLanguage\":\"sv-SE\",\"@id\":\"https:\/\/securitybriefing.net\/#\/schema\/logo\/image\/\",\"url\":\"https:\/\/securitybriefing.net\/wp-content\/uploads\/2023\/06\/security-briefing-logo-5.png\",\"contentUrl\":\"https:\/\/securitybriefing.net\/wp-content\/uploads\/2023\/06\/security-briefing-logo-5.png\",\"width\":256,\"height\":70,\"caption\":\"Security Briefing\"},\"image\":{\"@id\":\"https:\/\/securitybriefing.net\/#\/schema\/logo\/image\/\"}}]}<\/script>\n<!-- \/ Yoast SEO plugin. -->","yoast_head_json":{"title":"Gratis l\u00f6senordsstyrkekontroll | S\u00e4kerhetsgenomg\u00e5ng","robots":{"index":"index","follow":"follow","max-snippet":"max-snippet:-1","max-image-preview":"max-image-preview:large","max-video-preview":"max-video-preview:-1"},"canonical":"https:\/\/securitybriefing.net\/sv\/gratis-losenordsstyrkekontroll\/","og_locale":"sv_SE","og_type":"article","og_title":"Free Password Strength Checker | Security Briefing","og_description":"Is Your Password Strong Enough? 80% of data breaches involve weak or stolen passwords. Enter your password below to see how secure it really is. Our checker analyzes length, complexity,&hellip; Forts\u00e4tt l\u00e4sa Free Password Strength Checker","og_url":"https:\/\/securitybriefing.net\/sv\/gratis-losenordsstyrkekontroll\/","og_site_name":"Security Briefing","article_modified_time":"2025-11-27T00:44:37+00:00","og_image":[{"width":1200,"height":300,"url":"https:\/\/securitybriefing.net\/wp-content\/uploads\/2025\/09\/main-logo-black.png","type":"image\/png"}],"twitter_card":"summary_large_image","twitter_misc":{"Ber\u00e4knad l\u00e4stid":"1 minut"},"schema":{"@context":"https:\/\/schema.org","@graph":[{"@type":"WebPage","@id":"https:\/\/securitybriefing.net\/free-password-strength-checker\/","url":"https:\/\/securitybriefing.net\/free-password-strength-checker\/","name":"Gratis l\u00f6senordsstyrkekontroll | S\u00e4kerhetsgenomg\u00e5ng","isPartOf":{"@id":"https:\/\/securitybriefing.net\/#website"},"datePublished":"2025-11-27T00:18:13+00:00","dateModified":"2025-11-27T00:44:37+00:00","breadcrumb":{"@id":"https:\/\/securitybriefing.net\/free-password-strength-checker\/#breadcrumb"},"inLanguage":"sv-SE","potentialAction":[{"@type":"ReadAction","target":["https:\/\/securitybriefing.net\/free-password-strength-checker\/"]}]},{"@type":"BreadcrumbList","@id":"https:\/\/securitybriefing.net\/free-password-strength-checker\/#breadcrumb","itemListElement":[{"@type":"ListItem","position":1,"name":"Home","item":"https:\/\/securitybriefing.net\/"},{"@type":"ListItem","position":2,"name":"Free Password Strength Checker"}]},{"@type":"WebSite","@id":"https:\/\/securitybriefing.net\/#website","url":"https:\/\/securitybriefing.net\/","name":"S\u00e4kerhetsgenomg\u00e5ng","description":"Read cybersecurity news, online safety guides, cyber threat updates, and use free security tools from Security Briefing.","publisher":{"@id":"https:\/\/securitybriefing.net\/#organization"},"potentialAction":[{"@type":"SearchAction","target":{"@type":"EntryPoint","urlTemplate":"https:\/\/securitybriefing.net\/?s={search_term_string}"},"query-input":{"@type":"PropertyValueSpecification","valueRequired":true,"valueName":"search_term_string"}}],"inLanguage":"sv-SE"},{"@type":"Organization","@id":"https:\/\/securitybriefing.net\/#organization","name":"S\u00e4kerhetsgenomg\u00e5ng","url":"https:\/\/securitybriefing.net\/","logo":{"@type":"ImageObject","inLanguage":"sv-SE","@id":"https:\/\/securitybriefing.net\/#\/schema\/logo\/image\/","url":"https:\/\/securitybriefing.net\/wp-content\/uploads\/2023\/06\/security-briefing-logo-5.png","contentUrl":"https:\/\/securitybriefing.net\/wp-content\/uploads\/2023\/06\/security-briefing-logo-5.png","width":256,"height":70,"caption":"Security Briefing"},"image":{"@id":"https:\/\/securitybriefing.net\/#\/schema\/logo\/image\/"}}]}},"_links":{"self":[{"href":"https:\/\/securitybriefing.net\/sv\/wp-json\/wp\/v2\/pages\/4922","targetHints":{"allow":["GET"]}}],"collection":[{"href":"https:\/\/securitybriefing.net\/sv\/wp-json\/wp\/v2\/pages"}],"about":[{"href":"https:\/\/securitybriefing.net\/sv\/wp-json\/wp\/v2\/types\/page"}],"author":[{"embeddable":true,"href":"https:\/\/securitybriefing.net\/sv\/wp-json\/wp\/v2\/users\/3"}],"replies":[{"embeddable":true,"href":"https:\/\/securitybriefing.net\/sv\/wp-json\/wp\/v2\/comments?post=4922"}],"version-history":[{"count":2,"href":"https:\/\/securitybriefing.net\/sv\/wp-json\/wp\/v2\/pages\/4922\/revisions"}],"predecessor-version":[{"id":4935,"href":"https:\/\/securitybriefing.net\/sv\/wp-json\/wp\/v2\/pages\/4922\/revisions\/4935"}],"wp:attachment":[{"href":"https:\/\/securitybriefing.net\/sv\/wp-json\/wp\/v2\/media?parent=4922"}],"curies":[{"name":"wp","href":"https:\/\/api.w.org\/{rel}","templated":true}]}}