{"id":1819,"date":"2022-06-16T15:55:48","date_gmt":"2022-06-16T15:55:48","guid":{"rendered":"http:\/\/securitybriefing.net\/?page_id=3"},"modified":"2023-08-20T00:28:12","modified_gmt":"2023-08-20T00:28:12","slug":"chinh-sach-bao-mat","status":"publish","type":"page","link":"https:\/\/securitybriefing.net\/vi\/chinh-sach-bao-mat\/","title":{"rendered":"Ch\u00ednh s\u00e1ch b\u1ea3o m\u1eadt"},"content":{"rendered":"<h2 class=\"wp-block-heading\" id=\"privacy-policy-for-securitybriefingnet\">Ch\u00ednh S\u00e1ch B\u1ea3o M\u1eadt cho securitybriefing.net<\/h2>\n\n\n<p>T\u1ea1i Security Briefing, truy c\u1eadp t\u1eeb <a href=\"https:\/\/securitybriefing.net\/vi\/\">https:\/\/securitybriefing.net<\/a>\/, m\u1ed9t trong nh\u1eefng \u01b0u ti\u00ean ch\u00ednh c\u1ee7a ch\u00fang t\u00f4i l\u00e0 quy\u1ec1n ri\u00eang t\u01b0 c\u1ee7a kh\u00e1ch truy c\u1eadp. T\u00e0i li\u1ec7u Ch\u00ednh S\u00e1ch B\u1ea3o M\u1eadt n\u00e0y ch\u1ee9a c\u00e1c lo\u1ea1i th\u00f4ng tin \u0111\u01b0\u1ee3c thu th\u1eadp v\u00e0 ghi l\u1ea1i b\u1edfi Security Briefing v\u00e0 c\u00e1ch ch\u00fang t\u00f4i s\u1eed d\u1ee5ng n\u00f3.<\/p>\n\n\n\n<p>N\u1ebfu b\u1ea1n c\u00f3 th\u00eam c\u00e2u h\u1ecfi ho\u1eb7c c\u1ea7n th\u00eam th\u00f4ng tin v\u1ec1 Ch\u00ednh S\u00e1ch B\u1ea3o M\u1eadt c\u1ee7a ch\u00fang t\u00f4i, \u0111\u1eebng ng\u1ea7n ng\u1ea1i li\u00ean h\u1ec7 v\u1edbi ch\u00fang t\u00f4i.<\/p>\n\n\n\n<p>Ch\u00ednh S\u00e1ch B\u1ea3o M\u1eadt n\u00e0y ch\u1ec9 \u00e1p d\u1ee5ng cho c\u00e1c ho\u1ea1t \u0111\u1ed9ng tr\u1ef1c tuy\u1ebfn c\u1ee7a ch\u00fang t\u00f4i v\u00e0 c\u00f3 hi\u1ec7u l\u1ef1c \u0111\u1ed1i v\u1edbi kh\u00e1ch truy c\u1eadp trang web c\u1ee7a ch\u00fang t\u00f4i li\u00ean quan \u0111\u1ebfn th\u00f4ng tin m\u00e0 h\u1ecd \u0111\u00e3 chia s\u1ebb v\u00e0\/ho\u1eb7c thu th\u1eadp t\u1ea1i Security Briefing. Ch\u00ednh s\u00e1ch n\u00e0y kh\u00f4ng \u00e1p d\u1ee5ng cho b\u1ea5t k\u1ef3 th\u00f4ng tin n\u00e0o \u0111\u01b0\u1ee3c thu th\u1eadp ngo\u1ea1i tuy\u1ebfn ho\u1eb7c qua c\u00e1c k\u00eanh kh\u00e1c ngo\u00e0i trang web n\u00e0y. <\/p>\n\n\n<h2 class=\"wp-block-heading\" id=\"consent\">S\u1ef1 \u0111\u1ed3ng \u00fd<\/h2>\n\n\n<p>B\u1eb1ng c\u00e1ch s\u1eed d\u1ee5ng trang web c\u1ee7a ch\u00fang t\u00f4i, b\u1ea1n \u0111\u1ed3ng \u00fd v\u1edbi Ch\u00ednh S\u00e1ch B\u1ea3o M\u1eadt c\u1ee7a ch\u00fang t\u00f4i v\u00e0 \u0111\u1ed3ng \u00fd v\u1edbi c\u00e1c \u0111i\u1ec1u kho\u1ea3n c\u1ee7a n\u00f3.<\/p>\n\n\n<h2 class=\"wp-block-heading\" id=\"information-we-collect\">Th\u00f4ng tin ch\u00fang t\u00f4i thu th\u1eadp<\/h2>\n\n\n<p>Th\u00f4ng tin c\u00e1 nh\u00e2n m\u00e0 b\u1ea1n \u0111\u01b0\u1ee3c y\u00eau c\u1ea7u cung c\u1ea5p v\u00e0 l\u00fd do t\u1ea1i sao b\u1ea1n \u0111\u01b0\u1ee3c y\u00eau c\u1ea7u cung c\u1ea5p s\u1ebd \u0111\u01b0\u1ee3c l\u00e0m r\u00f5 cho b\u1ea1n t\u1ea1i th\u1eddi \u0111i\u1ec3m ch\u00fang t\u00f4i y\u00eau c\u1ea7u b\u1ea1n cung c\u1ea5p th\u00f4ng tin c\u00e1 nh\u00e2n c\u1ee7a m\u00ecnh.<\/p>\n\n\n\n<p>N\u1ebfu b\u1ea1n li\u00ean h\u1ec7 tr\u1ef1c ti\u1ebfp v\u1edbi ch\u00fang t\u00f4i, ch\u00fang t\u00f4i c\u00f3 th\u1ec3 nh\u1eadn th\u00eam th\u00f4ng tin v\u1ec1 b\u1ea1n nh\u01b0 t\u00ean, \u0111\u1ecba ch\u1ec9 email, s\u1ed1 \u0111i\u1ec7n tho\u1ea1i, n\u1ed9i dung tin nh\u1eafn v\u00e0\/ho\u1eb7c t\u1ec7p \u0111\u00ednh k\u00e8m m\u00e0 b\u1ea1n c\u00f3 th\u1ec3 g\u1eedi cho ch\u00fang t\u00f4i, v\u00e0 b\u1ea5t k\u1ef3 th\u00f4ng tin n\u00e0o kh\u00e1c m\u00e0 b\u1ea1n c\u00f3 th\u1ec3 ch\u1ecdn cung c\u1ea5p.<\/p>\n\n\n\n<p>Khi b\u1ea1n \u0111\u0103ng k\u00fd T\u00e0i Kho\u1ea3n, ch\u00fang t\u00f4i c\u00f3 th\u1ec3 y\u00eau c\u1ea7u th\u00f4ng tin li\u00ean h\u1ec7 c\u1ee7a b\u1ea1n, bao g\u1ed3m c\u00e1c m\u1ee5c nh\u01b0 t\u00ean, t\u00ean c\u00f4ng ty, \u0111\u1ecba ch\u1ec9, \u0111\u1ecba ch\u1ec9 email v\u00e0 s\u1ed1 \u0111i\u1ec7n tho\u1ea1i.<\/p>\n\n\n<h2 class=\"wp-block-heading\" id=\"how-we-use-your-information\">C\u00e1ch ch\u00fang t\u00f4i s\u1eed d\u1ee5ng th\u00f4ng tin c\u1ee7a b\u1ea1n<\/h2>\n\n\n<p>Ch\u00fang t\u00f4i s\u1eed d\u1ee5ng th\u00f4ng tin ch\u00fang t\u00f4i thu th\u1eadp theo nhi\u1ec1u c\u00e1ch kh\u00e1c nhau, bao g\u1ed3m \u0111\u1ec3:<\/p>\n\n\n\n<ul class=\"wp-block-list\"><li>Cung c\u1ea5p, v\u1eadn h\u00e0nh v\u00e0 duy tr\u00ec trang web c\u1ee7a ch\u00fang t\u00f4i<\/li><li>C\u1ea3i thi\u1ec7n, c\u00e1 nh\u00e2n h\u00f3a v\u00e0 m\u1edf r\u1ed9ng trang web c\u1ee7a ch\u00fang t\u00f4i<\/li><li>Hi\u1ec3u v\u00e0 ph\u00e2n t\u00edch c\u00e1ch b\u1ea1n s\u1eed d\u1ee5ng trang web c\u1ee7a ch\u00fang t\u00f4i<\/li><li>Ph\u00e1t tri\u1ec3n s\u1ea3n ph\u1ea9m, d\u1ecbch v\u1ee5, t\u00ednh n\u0103ng v\u00e0 ch\u1ee9c n\u0103ng m\u1edbi<\/li><li>Giao ti\u1ebfp v\u1edbi b\u1ea1n, tr\u1ef1c ti\u1ebfp ho\u1eb7c th\u00f4ng qua m\u1ed9t trong nh\u1eefng \u0111\u1ed1i t\u00e1c c\u1ee7a ch\u00fang t\u00f4i, bao g\u1ed3m d\u1ecbch v\u1ee5 kh\u00e1ch h\u00e0ng, cung c\u1ea5p cho b\u1ea1n c\u00e1c c\u1eadp nh\u1eadt v\u00e0 th\u00f4ng tin kh\u00e1c li\u00ean quan \u0111\u1ebfn trang web, v\u00e0 cho c\u00e1c m\u1ee5c \u0111\u00edch ti\u1ebfp th\u1ecb v\u00e0 qu\u1ea3ng c\u00e1o<\/li><li>G\u1eedi cho b\u1ea1n email<\/li><li>T\u00ecm v\u00e0 ng\u0103n ch\u1eb7n gian l\u1eadn<\/li><\/ul>\n\n\n<h2 class=\"wp-block-heading\" id=\"log-files\">T\u1ec7p Nh\u1eadt K\u00fd<\/h2>\n\n\n<p>Security Briefing follows a standard procedure of using log files. These files log visitors when they visit websites. All hosting companies do this and a part of hosting services\u2019 analytics. The information collected by log files include internet protocol (IP) addresses, browser type, Internet Service Provider (ISP), date and time stamp, referring\/exit pages, and possibly the number of clicks. These are not linked to any personally identifiable information. The purpose of the information is for analyzing trends, administering the site, tracking users\u2019 movement on the website, and gathering demographic information.<\/p>\n\n\n<h2 class=\"wp-block-heading\" id=\"cookies-and-web-beacons\">Cookie v\u00e0 \u0110\u00e8n Web<\/h2>\n\n\n<p>Like any other website, Security Briefing uses \u2018cookies\u2019. These cookies are used to store information including visitors\u2019 preferences, and the pages on the website that the visitor accessed or visited. The information is used to optimize the users\u2019 experience by customizing our web page content based on visitors\u2019 browser type and\/or other information.<\/p>\n\n\n<h2 class=\"wp-block-heading\" id=\"our-advertising-partners\">\u0110\u1ed1i T\u00e1c Qu\u1ea3ng C\u00e1o C\u1ee7a Ch\u00fang T\u00f4i<\/h2>\n\n\n<p>M\u1ed9t s\u1ed1 nh\u00e0 qu\u1ea3ng c\u00e1o tr\u00ean trang web c\u1ee7a ch\u00fang t\u00f4i c\u00f3 th\u1ec3 s\u1eed d\u1ee5ng cookie v\u00e0 \u0111\u00e8n web. C\u00e1c \u0111\u1ed1i t\u00e1c qu\u1ea3ng c\u00e1o c\u1ee7a ch\u00fang t\u00f4i \u0111\u01b0\u1ee3c li\u1ec7t k\u00ea d\u01b0\u1edbi \u0111\u00e2y. M\u1ed7i \u0111\u1ed1i t\u00e1c qu\u1ea3ng c\u00e1o c\u1ee7a ch\u00fang t\u00f4i c\u00f3 Ch\u00ednh S\u00e1ch B\u1ea3o M\u1eadt ri\u00eang cho ch\u00ednh s\u00e1ch c\u1ee7a h\u1ecd v\u1ec1 d\u1eef li\u1ec7u ng\u01b0\u1eddi d\u00f9ng. \u0110\u1ec3 d\u1ec5 d\u00e0ng truy c\u1eadp, ch\u00fang t\u00f4i \u0111\u00e3 li\u00ean k\u1ebft \u0111\u1ebfn Ch\u00ednh S\u00e1ch B\u1ea3o M\u1eadt c\u1ee7a h\u1ecd d\u01b0\u1edbi \u0111\u00e2y.<\/p>\n\n\n\n<ul class=\"wp-block-list\"><li>Google<a href=\"https:\/\/policies.google.com\/technologies\/ads\">https:\/\/policies.google.com\/technologies\/ads<\/a><\/li><\/ul>\n\n\n<h2 class=\"wp-block-heading\" id=\"advertising-partners-privacy-policies\">Ch\u00ednh S\u00e1ch B\u1ea3o M\u1eadt C\u1ee7a \u0110\u1ed1i T\u00e1c Qu\u1ea3ng C\u00e1o<\/h2>\n\n\n<p>B\u1ea1n c\u00f3 th\u1ec3 tham kh\u1ea3o danh s\u00e1ch n\u00e0y \u0111\u1ec3 t\u00ecm Ch\u00ednh S\u00e1ch B\u1ea3o M\u1eadt cho t\u1eebng \u0111\u1ed1i t\u00e1c qu\u1ea3ng c\u00e1o c\u1ee7a Security Briefing.<\/p>\n\n\n\n<p>Third-party ad servers or ad networks uses technologies like cookies, JavaScript, or Web Beacons that are used in their respective advertisements and links that appear on Security Briefing, which are sent directly to users\u2019 browser. They automatically receive your IP address when this occurs. These technologies are used to measure the effectiveness of their advertising campaigns and\/or to personalize the advertising content that you see on websites that you visit.<\/p>\n\n\n\n<p>L\u01b0u \u00fd r\u1eb1ng Security Briefing kh\u00f4ng c\u00f3 quy\u1ec1n truy c\u1eadp ho\u1eb7c ki\u1ec3m so\u00e1t c\u00e1c cookie m\u00e0 c\u00e1c nh\u00e0 qu\u1ea3ng c\u00e1o b\u00ean th\u1ee9 ba s\u1eed d\u1ee5ng.<\/p>\n\n\n<h2 class=\"wp-block-heading\" id=\"third-party-privacy-policies\">Ch\u00ednh S\u00e1ch B\u1ea3o M\u1eadt C\u1ee7a B\u00ean Th\u1ee9 Ba<\/h2>\n\n\n<p>Security Briefing\u2019s Privacy Policy does not apply to other advertisers or websites. Thus, we are advising you to consult the respective Privacy Policies of these third-party ad servers for more detailed information. It may include their practices and instructions about how to opt-out of certain options.<\/p>\n\n\n\n<p>You can choose to disable cookies through your browser options. To know more detailed information about cookie management with specific web browsers, it can be found at the browsers\u2019 respective websites.<\/p>\n\n\n<h2 class=\"wp-block-heading\" id=\"ccpa-privacy-rights-do-not-sell-my-personal-information\">Quy\u1ec1n B\u1ea3o M\u1eadt CCPA (Kh\u00f4ng B\u00e1n Th\u00f4ng Tin C\u00e1 Nh\u00e2n C\u1ee7a T\u00f4i)<\/h2>\n\n\n<p>Theo CCPA, trong s\u1ed1 c\u00e1c quy\u1ec1n kh\u00e1c, ng\u01b0\u1eddi ti\u00eau d\u00f9ng California c\u00f3 quy\u1ec1n:<\/p>\n\n\n\n<p>Request that a business that collects a consumer\u2019s personal data disclose the categories and specific pieces of personal data that a business has collected about consumers.<\/p>\n\n\n\n<p>Y\u00eau c\u1ea7u m\u1ed9t doanh nghi\u1ec7p x\u00f3a b\u1ea5t k\u1ef3 d\u1eef li\u1ec7u c\u00e1 nh\u00e2n n\u00e0o v\u1ec1 ng\u01b0\u1eddi ti\u00eau d\u00f9ng m\u00e0 doanh nghi\u1ec7p \u0111\u00e3 thu th\u1eadp.<\/p>\n\n\n\n<p>Request that a business that sells a consumer\u2019s personal data, not sell the consumer\u2019s personal data.<\/p>\n\n\n\n<p>N\u1ebfu b\u1ea1n \u0111\u01b0a ra y\u00eau c\u1ea7u, ch\u00fang t\u00f4i c\u00f3 m\u1ed9t th\u00e1ng \u0111\u1ec3 tr\u1ea3 l\u1eddi b\u1ea1n. Vui l\u00f2ng li\u00ean h\u1ec7 v\u1edbi ch\u00fang t\u00f4i n\u1ebfu b\u1ea1n mu\u1ed1n th\u1ef1c hi\u1ec7n b\u1ea5t k\u1ef3 quy\u1ec1n n\u00e0o trong s\u1ed1 n\u00e0y.<\/p>\n\n\n<h2 class=\"wp-block-heading\" id=\"gdpr-data-protection-rights\">Quy\u1ec1n B\u1ea3o V\u1ec7 D\u1eef Li\u1ec7u GDPR<\/h2>\n\n\n<p>Ch\u00fang t\u00f4i mu\u1ed1n \u0111\u1ea3m b\u1ea3o r\u1eb1ng b\u1ea1n ho\u00e0n to\u00e0n nh\u1eadn th\u1ee9c \u0111\u01b0\u1ee3c t\u1ea5t c\u1ea3 c\u00e1c quy\u1ec1n b\u1ea3o v\u1ec7 d\u1eef li\u1ec7u c\u1ee7a m\u00ecnh. M\u1ed7i ng\u01b0\u1eddi d\u00f9ng c\u00f3 quy\u1ec1n sau:<\/p>\n\n\n\n<p>Quy\u1ec1n truy c\u1eadp \u2013 B\u1ea1n c\u00f3 quy\u1ec1n y\u00eau c\u1ea7u b\u1ea3n sao d\u1eef li\u1ec7u c\u00e1 nh\u00e2n c\u1ee7a m\u00ecnh. Ch\u00fang t\u00f4i c\u00f3 th\u1ec3 t\u00ednh m\u1ed9t kho\u1ea3n ph\u00ed nh\u1ecf cho d\u1ecbch v\u1ee5 n\u00e0y.<\/p>\n\n\n\n<p>Quy\u1ec1n ch\u1ec9nh s\u1eeda \u2013 B\u1ea1n c\u00f3 quy\u1ec1n y\u00eau c\u1ea7u ch\u00fang t\u00f4i s\u1eeda b\u1ea5t k\u1ef3 th\u00f4ng tin n\u00e0o m\u00e0 b\u1ea1n cho l\u00e0 kh\u00f4ng ch\u00ednh x\u00e1c. B\u1ea1n c\u0169ng c\u00f3 quy\u1ec1n y\u00eau c\u1ea7u ch\u00fang t\u00f4i ho\u00e0n th\u00e0nh th\u00f4ng tin m\u00e0 b\u1ea1n cho l\u00e0 ch\u01b0a \u0111\u1ea7y \u0111\u1ee7.<\/p>\n\n\n\n<p>Quy\u1ec1n x\u00f3a \u2013 B\u1ea1n c\u00f3 quy\u1ec1n y\u00eau c\u1ea7u ch\u00fang t\u00f4i x\u00f3a d\u1eef li\u1ec7u c\u00e1 nh\u00e2n c\u1ee7a b\u1ea1n, trong m\u1ed9t s\u1ed1 \u0111i\u1ec1u ki\u1ec7n nh\u1ea5t \u0111\u1ecbnh.<\/p>\n\n\n\n<p>Quy\u1ec1n h\u1ea1n ch\u1ebf x\u1eed l\u00fd \u2013 B\u1ea1n c\u00f3 quy\u1ec1n y\u00eau c\u1ea7u ch\u00fang t\u00f4i h\u1ea1n ch\u1ebf x\u1eed l\u00fd d\u1eef li\u1ec7u c\u00e1 nh\u00e2n c\u1ee7a b\u1ea1n, trong m\u1ed9t s\u1ed1 \u0111i\u1ec1u ki\u1ec7n nh\u1ea5t \u0111\u1ecbnh.<\/p>\n\n\n\n<p>Quy\u1ec1n ph\u1ea3n \u0111\u1ed1i x\u1eed l\u00fd \u2013 B\u1ea1n c\u00f3 quy\u1ec1n ph\u1ea3n \u0111\u1ed1i vi\u1ec7c ch\u00fang t\u00f4i x\u1eed l\u00fd d\u1eef li\u1ec7u c\u1ee7a b\u1ea1n, trong m\u1ed9t s\u1ed1 \u0111i\u1ec1u ki\u1ec7n nh\u1ea5t \u0111\u1ecbnh.<\/p>\n\n\n\n<p>Quy\u1ec1n chuy\u1ec3n d\u1eef li\u1ec7u \u2013 B\u1ea1n c\u00f3 quy\u1ec1n y\u00eau c\u1ea7u ch\u00fang t\u00f4i chuy\u1ec3n d\u1eef li\u1ec7u m\u00e0 ch\u00fang t\u00f4i \u0111\u00e3 thu th\u1eadp sang m\u1ed9t t\u1ed5 ch\u1ee9c kh\u00e1c, ho\u1eb7c tr\u1ef1c ti\u1ebfp \u0111\u1ebfn b\u1ea1n, trong m\u1ed9t s\u1ed1 \u0111i\u1ec1u ki\u1ec7n nh\u1ea5t \u0111\u1ecbnh.<\/p>\n\n\n\n<p>N\u1ebfu b\u1ea1n \u0111\u01b0a ra y\u00eau c\u1ea7u, ch\u00fang t\u00f4i c\u00f3 m\u1ed9t th\u00e1ng \u0111\u1ec3 tr\u1ea3 l\u1eddi b\u1ea1n. Vui l\u00f2ng li\u00ean h\u1ec7 v\u1edbi ch\u00fang t\u00f4i n\u1ebfu b\u1ea1n mu\u1ed1n th\u1ef1c hi\u1ec7n b\u1ea5t k\u1ef3 quy\u1ec1n n\u00e0o trong s\u1ed1 n\u00e0y.<\/p>\n\n\n<h2 class=\"wp-block-heading\" id=\"childrens-information\">Children\u2019s Information<\/h2>\n\n\n<p>M\u1ed9t ph\u1ea7n kh\u00e1c trong \u01b0u ti\u00ean c\u1ee7a ch\u00fang t\u00f4i l\u00e0 b\u1ed5 sung b\u1ea3o v\u1ec7 cho tr\u1ebb em khi s\u1eed d\u1ee5ng internet. Ch\u00fang t\u00f4i khuy\u1ebfn kh\u00edch c\u00e1c b\u1eadc cha m\u1eb9 v\u00e0 ng\u01b0\u1eddi gi\u00e1m h\u1ed9 quan s\u00e1t, tham gia v\u00e0\/ho\u1eb7c gi\u00e1m s\u00e1t v\u00e0 h\u01b0\u1edbng d\u1eabn ho\u1ea1t \u0111\u1ed9ng tr\u1ef1c tuy\u1ebfn c\u1ee7a h\u1ecd.<\/p>\n\n\n\n<p>Security Briefing kh\u00f4ng c\u1ed1 \u00fd thu th\u1eadp b\u1ea5t k\u1ef3 Th\u00f4ng Tin C\u00e1 Nh\u00e2n Nh\u1eadn D\u1ea1ng n\u00e0o t\u1eeb tr\u1ebb em d\u01b0\u1edbi 13 tu\u1ed5i. N\u1ebfu b\u1ea1n ngh\u0129 r\u1eb1ng con b\u1ea1n \u0111\u00e3 cung c\u1ea5p lo\u1ea1i th\u00f4ng tin n\u00e0y tr\u00ean trang web c\u1ee7a ch\u00fang t\u00f4i, ch\u00fang t\u00f4i khuy\u1ebfn kh\u00edch b\u1ea1n li\u00ean h\u1ec7 ngay v\u1edbi ch\u00fang t\u00f4i v\u00e0 ch\u00fang t\u00f4i s\u1ebd n\u1ed7 l\u1ef1c h\u1ebft s\u1ee9c \u0111\u1ec3 nhanh ch\u00f3ng x\u00f3a th\u00f4ng tin \u0111\u00f3 kh\u1ecfi h\u1ed3 s\u01a1 c\u1ee7a ch\u00fang t\u00f4i.<\/p>","protected":false},"excerpt":{"rendered":"<p>Ch\u00ednh s\u00e1ch B\u1ea3o m\u1eadt cho securitybriefing.net T\u1ea1i Security Briefing, truy c\u1eadp t\u1eeb https:\/\/securitybriefing.net\/, m\u1ed9t trong nh\u1eefng \u01b0u ti\u00ean h\u00e0ng \u0111\u1ea7u c\u1ee7a ch\u00fang t\u00f4i l\u00e0 quy\u1ec1n ri\u00eang t\u01b0 c\u1ee7a kh\u00e1ch truy c\u1eadp. T\u00e0i li\u1ec7u Ch\u00ednh s\u00e1ch B\u1ea3o m\u1eadt n\u00e0y ch\u1ee9a c\u00e1c lo\u1ea1i th\u00f4ng tin \u0111\u01b0\u1ee3c thu th\u1eadp\u2026 <a class=\"more-link\" href=\"https:\/\/securitybriefing.net\/vi\/chinh-sach-bao-mat\/\">Ti\u1ebfp t\u1ee5c \u0111\u1ecdc <span class=\"screen-reader-text\">Ch\u00ednh s\u00e1ch b\u1ea3o m\u1eadt<\/span><\/a><\/p>","protected":false},"author":1,"featured_media":0,"parent":0,"menu_order":0,"comment_status":"closed","ping_status":"closed","template":"","meta":{"footnotes":""},"class_list":["post-1819","page","type-page","status-publish","hentry","entry"],"yoast_head":"<!-- This site is optimized with the Yoast SEO plugin v26.8 - https:\/\/yoast.com\/product\/yoast-seo-wordpress\/ -->\n<title>Privacy Policy | Security Briefing<\/title>\n<meta name=\"robots\" content=\"index, follow, max-snippet:-1, max-image-preview:large, max-video-preview:-1\" \/>\n<link rel=\"canonical\" href=\"https:\/\/securitybriefing.net\/vi\/chinh-sach-bao-mat\/\" \/>\n<meta property=\"og:locale\" content=\"vi_VN\" \/>\n<meta property=\"og:type\" content=\"article\" \/>\n<meta property=\"og:title\" content=\"Privacy Policy | Security Briefing\" \/>\n<meta property=\"og:description\" content=\"Privacy Policy for securitybriefing.net At Security Briefing, accessible from https:\/\/securitybriefing.net\/, one of our main priorities is the privacy of our visitors. This Privacy Policy document contains types of information collected&hellip; Continue reading Privacy Policy\" \/>\n<meta property=\"og:url\" content=\"https:\/\/securitybriefing.net\/vi\/chinh-sach-bao-mat\/\" \/>\n<meta property=\"og:site_name\" content=\"Security Briefing\" \/>\n<meta property=\"article:modified_time\" content=\"2023-08-20T00:28:12+00:00\" \/>\n<meta property=\"og:image\" content=\"https:\/\/securitybriefing.net\/wp-content\/uploads\/2025\/09\/main-logo-black.png\" \/>\n\t<meta property=\"og:image:width\" content=\"1200\" \/>\n\t<meta property=\"og:image:height\" content=\"300\" \/>\n\t<meta property=\"og:image:type\" content=\"image\/png\" \/>\n<meta name=\"twitter:card\" content=\"summary_large_image\" \/>\n<meta name=\"twitter:label1\" content=\"\u01af\u1edbc t\u00ednh th\u1eddi gian \u0111\u1ecdc\" \/>\n\t<meta name=\"twitter:data1\" content=\"6 ph\u00fat\" \/>\n<script type=\"application\/ld+json\" class=\"yoast-schema-graph\">{\"@context\":\"https:\/\/schema.org\",\"@graph\":[{\"@type\":\"WebPage\",\"@id\":\"https:\/\/securitybriefing.net\/privacy-policy\/\",\"url\":\"https:\/\/securitybriefing.net\/privacy-policy\/\",\"name\":\"Privacy Policy | Security Briefing\",\"isPartOf\":{\"@id\":\"https:\/\/securitybriefing.net\/#website\"},\"datePublished\":\"2022-06-16T15:55:48+00:00\",\"dateModified\":\"2023-08-20T00:28:12+00:00\",\"breadcrumb\":{\"@id\":\"https:\/\/securitybriefing.net\/privacy-policy\/#breadcrumb\"},\"inLanguage\":\"vi\",\"potentialAction\":[{\"@type\":\"ReadAction\",\"target\":[\"https:\/\/securitybriefing.net\/privacy-policy\/\"]}]},{\"@type\":\"BreadcrumbList\",\"@id\":\"https:\/\/securitybriefing.net\/privacy-policy\/#breadcrumb\",\"itemListElement\":[{\"@type\":\"ListItem\",\"position\":1,\"name\":\"Home\",\"item\":\"https:\/\/securitybriefing.net\/\"},{\"@type\":\"ListItem\",\"position\":2,\"name\":\"Privacy Policy\"}]},{\"@type\":\"WebSite\",\"@id\":\"https:\/\/securitybriefing.net\/#website\",\"url\":\"https:\/\/securitybriefing.net\/\",\"name\":\"Security Briefing\",\"description\":\"Read cybersecurity news, online safety guides, cyber threat updates, and use free security tools from Security Briefing.\",\"publisher\":{\"@id\":\"https:\/\/securitybriefing.net\/#organization\"},\"potentialAction\":[{\"@type\":\"SearchAction\",\"target\":{\"@type\":\"EntryPoint\",\"urlTemplate\":\"https:\/\/securitybriefing.net\/?s={search_term_string}\"},\"query-input\":{\"@type\":\"PropertyValueSpecification\",\"valueRequired\":true,\"valueName\":\"search_term_string\"}}],\"inLanguage\":\"vi\"},{\"@type\":\"Organization\",\"@id\":\"https:\/\/securitybriefing.net\/#organization\",\"name\":\"Security Briefing\",\"url\":\"https:\/\/securitybriefing.net\/\",\"logo\":{\"@type\":\"ImageObject\",\"inLanguage\":\"vi\",\"@id\":\"https:\/\/securitybriefing.net\/#\/schema\/logo\/image\/\",\"url\":\"https:\/\/securitybriefing.net\/wp-content\/uploads\/2023\/06\/security-briefing-logo-5.png\",\"contentUrl\":\"https:\/\/securitybriefing.net\/wp-content\/uploads\/2023\/06\/security-briefing-logo-5.png\",\"width\":256,\"height\":70,\"caption\":\"Security Briefing\"},\"image\":{\"@id\":\"https:\/\/securitybriefing.net\/#\/schema\/logo\/image\/\"}}]}<\/script>\n<!-- \/ Yoast SEO plugin. -->","yoast_head_json":{"title":"Ch\u00ednh s\u00e1ch B\u1ea3o m\u1eadt | T\u00f3m t\u1eaft An ninh","robots":{"index":"index","follow":"follow","max-snippet":"max-snippet:-1","max-image-preview":"max-image-preview:large","max-video-preview":"max-video-preview:-1"},"canonical":"https:\/\/securitybriefing.net\/vi\/chinh-sach-bao-mat\/","og_locale":"vi_VN","og_type":"article","og_title":"Privacy Policy | Security Briefing","og_description":"Privacy Policy for securitybriefing.net At Security Briefing, accessible from https:\/\/securitybriefing.net\/, one of our main priorities is the privacy of our visitors. This Privacy Policy document contains types of information collected&hellip; Continue reading Privacy Policy","og_url":"https:\/\/securitybriefing.net\/vi\/chinh-sach-bao-mat\/","og_site_name":"Security Briefing","article_modified_time":"2023-08-20T00:28:12+00:00","og_image":[{"width":1200,"height":300,"url":"https:\/\/securitybriefing.net\/wp-content\/uploads\/2025\/09\/main-logo-black.png","type":"image\/png"}],"twitter_card":"summary_large_image","twitter_misc":{"\u01af\u1edbc t\u00ednh th\u1eddi gian \u0111\u1ecdc":"6 ph\u00fat"},"schema":{"@context":"https:\/\/schema.org","@graph":[{"@type":"WebPage","@id":"https:\/\/securitybriefing.net\/privacy-policy\/","url":"https:\/\/securitybriefing.net\/privacy-policy\/","name":"Ch\u00ednh s\u00e1ch B\u1ea3o m\u1eadt | T\u00f3m t\u1eaft An ninh","isPartOf":{"@id":"https:\/\/securitybriefing.net\/#website"},"datePublished":"2022-06-16T15:55:48+00:00","dateModified":"2023-08-20T00:28:12+00:00","breadcrumb":{"@id":"https:\/\/securitybriefing.net\/privacy-policy\/#breadcrumb"},"inLanguage":"vi","potentialAction":[{"@type":"ReadAction","target":["https:\/\/securitybriefing.net\/privacy-policy\/"]}]},{"@type":"BreadcrumbList","@id":"https:\/\/securitybriefing.net\/privacy-policy\/#breadcrumb","itemListElement":[{"@type":"ListItem","position":1,"name":"Home","item":"https:\/\/securitybriefing.net\/"},{"@type":"ListItem","position":2,"name":"Privacy Policy"}]},{"@type":"WebSite","@id":"https:\/\/securitybriefing.net\/#website","url":"https:\/\/securitybriefing.net\/","name":"B\u00e1o C\u00e1o An Ninh","description":"Read cybersecurity news, online safety guides, cyber threat updates, and use free security tools from Security Briefing.","publisher":{"@id":"https:\/\/securitybriefing.net\/#organization"},"potentialAction":[{"@type":"SearchAction","target":{"@type":"EntryPoint","urlTemplate":"https:\/\/securitybriefing.net\/?s={search_term_string}"},"query-input":{"@type":"PropertyValueSpecification","valueRequired":true,"valueName":"search_term_string"}}],"inLanguage":"vi"},{"@type":"Organization","@id":"https:\/\/securitybriefing.net\/#organization","name":"B\u00e1o C\u00e1o An Ninh","url":"https:\/\/securitybriefing.net\/","logo":{"@type":"ImageObject","inLanguage":"vi","@id":"https:\/\/securitybriefing.net\/#\/schema\/logo\/image\/","url":"https:\/\/securitybriefing.net\/wp-content\/uploads\/2023\/06\/security-briefing-logo-5.png","contentUrl":"https:\/\/securitybriefing.net\/wp-content\/uploads\/2023\/06\/security-briefing-logo-5.png","width":256,"height":70,"caption":"Security Briefing"},"image":{"@id":"https:\/\/securitybriefing.net\/#\/schema\/logo\/image\/"}}]}},"_links":{"self":[{"href":"https:\/\/securitybriefing.net\/vi\/wp-json\/wp\/v2\/pages\/1819","targetHints":{"allow":["GET"]}}],"collection":[{"href":"https:\/\/securitybriefing.net\/vi\/wp-json\/wp\/v2\/pages"}],"about":[{"href":"https:\/\/securitybriefing.net\/vi\/wp-json\/wp\/v2\/types\/page"}],"author":[{"embeddable":true,"href":"https:\/\/securitybriefing.net\/vi\/wp-json\/wp\/v2\/users\/1"}],"replies":[{"embeddable":true,"href":"https:\/\/securitybriefing.net\/vi\/wp-json\/wp\/v2\/comments?post=1819"}],"version-history":[{"count":0,"href":"https:\/\/securitybriefing.net\/vi\/wp-json\/wp\/v2\/pages\/1819\/revisions"}],"wp:attachment":[{"href":"https:\/\/securitybriefing.net\/vi\/wp-json\/wp\/v2\/media?parent=1819"}],"curies":[{"name":"wp","href":"https:\/\/api.w.org\/{rel}","templated":true}]}}