{"id":283,"date":"2022-06-23T14:21:15","date_gmt":"2022-06-23T14:21:15","guid":{"rendered":"https:\/\/securitybriefing.net\/?page_id=283"},"modified":"2025-09-08T20:40:33","modified_gmt":"2025-09-08T20:40:33","slug":"ve-chung-toi","status":"publish","type":"page","link":"https:\/\/securitybriefing.net\/vi\/ve-chung-toi\/","title":{"rendered":"Gi\u1edbi thi\u1ec7u v\u1ec1 ch\u00fang t\u00f4i"},"content":{"rendered":"<p>Security Briefing l\u00e0 c\u1ed9ng \u0111\u1ed3ng \u0111\u1ea7u ti\u00ean v\u00e0 l\u1edbn nh\u1ea5t th\u1ebf gi\u1edbi c\u1ee7a c\u00e1c Gi\u00e1m \u0111\u1ed1c An ninh Th\u00f4ng tin (CISO) v\u00e0 c\u00e1c chuy\u00ean gia an ninh. Ch\u00fang t\u00f4i l\u00e0 s\u1ef1 k\u1ebft h\u1ee3p \u0111\u1ed9c \u0111\u00e1o gi\u1eefa t\u01b0 duy l\u00e3nh \u0111\u1ea1o v\u00e0 s\u1ef1 th\u00e0nh th\u1ea1o trong ho\u1ea1t \u0111\u1ed9ng, thu h\u1eb9p kho\u1ea3ng c\u00e1ch trong kh\u00f4ng gian m\u1ea1ng. Ch\u00fang t\u00f4i cung c\u1ea5p cho \u0111\u1ed9c gi\u1ea3 nh\u1eefng b\u1ed9 \u00f3c t\u1ed1t nh\u1ea5t trong ng\u00e0nh, nh\u1eefng ng\u01b0\u1eddi c\u00f3 th\u1ec3 gi\u00fap h\u1ecd b\u1ea3o v\u1ec7 c\u00e1c t\u00e0i s\u1ea3n k\u1ef9 thu\u1eadt s\u1ed1 quan tr\u1ecdng nh\u1ea5t c\u1ee7a m\u00ecnh. V\u1edbi Security Briefing, b\u1ea1n c\u00f3 quy\u1ec1n truy c\u1eadp v\u00e0o chuy\u00ean m\u00f4n v\u00f4 song trong \u0111\u00e1nh gi\u00e1 r\u1ee7i ro an ninh m\u1ea1ng, \u1ee9ng ph\u00f3 s\u1ef1 c\u1ed1 v\u00e0 gi\u00e1m \u0111\u1ecbnh ph\u00e1p y. S\u1ee9 m\u1ec7nh c\u1ee7a ch\u00fang t\u00f4i l\u00e0 \u0111\u1ea3m b\u1ea3o r\u1eb1ng doanh nghi\u1ec7p c\u1ee7a b\u1ea1n kh\u00f4ng tr\u1edf th\u00e0nh n\u1ea1n nh\u00e2n c\u1ee7a vi ph\u1ea1m d\u1eef li\u1ec7u ho\u1eb7c c\u00e1c cu\u1ed9c t\u1ea5n c\u00f4ng m\u1ea1ng kh\u00e1c. <\/p>\n\n\n\n<p>Ch\u00fang t\u00f4i hi\u1ec3u r\u1eb1ng t\u1ed9i ph\u1ea1m m\u1ea1ng l\u00e0 v\u1ea5n \u0111\u1ec1 to\u00e0n c\u1ea7u \u0111\u00f2i h\u1ecfi gi\u1ea3i ph\u00e1p to\u00e0n c\u1ea7u, v\u00ec v\u1eady ch\u00fang t\u00f4i \u0111\u00e3 t\u1eadp h\u1ee3p nh\u1eefng b\u1ed9 \u00f3c th\u00f4ng minh nh\u1ea5t tr\u00ean kh\u1eafp th\u1ebf gi\u1edbi \u0111\u1ec3 gi\u00fap gi\u1ea3m thi\u1ec3u r\u1ee7i ro cho t\u1ed5 ch\u1ee9c tr\u01b0\u1edbc c\u00e1c m\u1ed1i \u0111e d\u1ecda m\u1ea1ng. C\u00e1c th\u00e0nh vi\u00ean li\u00ean minh c\u1ee7a ch\u00fang t\u00f4i chia s\u1ebb ki\u1ebfn th\u1ee9c v\u00e0 h\u1ee3p t\u00e1c v\u1ec1 c\u00e1c gi\u1ea3i ph\u00e1p \u0111\u1ec3 cung c\u1ea5p cho kh\u00e1ch h\u00e0ng c\u00e1c c\u00f4ng c\u1ee5, quy tr\u00ecnh v\u00e0 c\u00f4ng ngh\u1ec7 ph\u00f9 h\u1ee3p \u0111\u1ec3 b\u1ea3o v\u1ec7 doanh nghi\u1ec7p c\u1ee7a h\u1ecd. L\u00e0 m\u1ed9t ph\u1ea7n trong cam k\u1ebft t\u1ea1o ra m\u00f4i tr\u01b0\u1eddng tr\u1ef1c tuy\u1ebfn an to\u00e0n v\u00e0 b\u1ea3o m\u1eadt, ch\u00fang t\u00f4i c\u0169ng cung c\u1ea5p c\u00e1c kh\u00f3a \u0111\u00e0o t\u1ea1o chuy\u00ean bi\u1ec7t v\u1ec1 an ninh m\u1ea1ng chi\u1ebfn l\u01b0\u1ee3c v\u00e0 ho\u1ea1t \u0111\u1ed9ng c\u0169ng nh\u01b0 c\u00e1c c\u01a1 h\u1ed9i k\u1ebft n\u1ed1i m\u1ea1ng cho c\u00e1c chuy\u00ean gia trong ng\u00e0nh v\u00e0 c\u00e1c c\u1ed1 v\u1ea5n an ninh m\u1ea1ng.<\/p>\n\n\n\n<p>H\u00e3y tham gia c\u00f9ng ch\u00fang t\u00f4i \u0111\u1ec3 b\u1ea3o v\u1ec7 t\u01b0\u01a1ng lai c\u1ee7a kh\u00f4ng gian m\u1ea1ng.<\/p>\n\n\n\n<ul class=\"wp-block-social-links is-layout-flex wp-block-social-links-is-layout-flex\"><li class=\"wp-social-link wp-social-link-facebook  wp-block-social-link\"><a href=\"https:\/\/www.facebook.com\/profile.php?id=100083096924332\" class=\"wp-block-social-link-anchor\"><svg width=\"24\" height=\"24\" viewbox=\"0 0 24 24\" version=\"1.1\" xmlns=\"http:\/\/www.w3.org\/2000\/svg\" aria-hidden=\"true\" focusable=\"false\"><path d=\"M12 2C6.5 2 2 6.5 2 12c0 5 3.7 9.1 8.4 9.9v-7H7.9V12h2.5V9.8c0-2.5 1.5-3.9 3.8-3.9 1.1 0 2.2.2 2.2.2v2.5h-1.3c-1.2 0-1.6.8-1.6 1.6V12h2.8l-.4 2.9h-2.3v7C18.3 21.1 22 17 22 12c0-5.5-4.5-10-10-10z\"><\/path><\/svg><span class=\"wp-block-social-link-label screen-reader-text\">Facebook<\/span><\/a><\/li><\/ul>\n\n\n\n<figure class=\"wp-block-embed is-type-rich is-provider-twitter wp-block-embed-twitter\"><div class=\"wp-block-embed__wrapper\">\n<a class=\"twitter-timeline\" data-width=\"750\" data-height=\"1000\" data-dnt=\"true\" href=\"https:\/\/twitter.com\/scrtbriefing?ref_src=twsrc%5Etfw\">Tweets c\u1ee7a scrtbriefing<\/a><script async src=\"https:\/\/platform.twitter.com\/widgets.js\" charset=\"utf-8\"><\/script>\n<\/div><\/figure>\n\n\n\n<p><strong>\u0110\u1ed1i t\u00e1c h\u00ecnh \u1ea3nh<\/strong><\/p>\n\n\n\n<figure class=\"wp-block-image size-large is-resized\"><a href=\"https:\/\/depositphotos.com\" target=\"_blank\"><img loading=\"lazy\" decoding=\"async\" width=\"1024\" height=\"256\" src=\"https:\/\/securitybriefing.net\/wp-content\/uploads\/2025\/09\/main-logo-black-1024x256.png\" alt=\"Main logo black\" class=\"wp-image-4531\" style=\"width:218px;height:auto\" srcset=\"https:\/\/securitybriefing.net\/wp-content\/uploads\/2025\/09\/main-logo-black-1024x256.png 1024w, https:\/\/securitybriefing.net\/wp-content\/uploads\/2025\/09\/main-logo-black-300x75.png 300w, https:\/\/securitybriefing.net\/wp-content\/uploads\/2025\/09\/main-logo-black-768x192.png 768w, https:\/\/securitybriefing.net\/wp-content\/uploads\/2025\/09\/main-logo-black-18x5.png 18w, https:\/\/securitybriefing.net\/wp-content\/uploads\/2025\/09\/main-logo-black.png 1200w\" sizes=\"auto, (max-width: 1024px) 100vw, 1024px\" \/><\/a><\/figure>\n\n\n\n<p><\/p>\n\n\n\n<p><\/p>","protected":false},"excerpt":{"rendered":"<p>Bu\u1ed5i T\u00f3m T\u1eaft An Ninh l\u00e0 c\u1ed9ng \u0111\u1ed3ng \u0111\u1ea7u ti\u00ean v\u00e0 l\u1edbn nh\u1ea5t tr\u00ean th\u1ebf gi\u1edbi c\u1ee7a c\u00e1c Gi\u00e1m \u0110\u1ed1c An Ninh Th\u00f4ng Tin (CISOs) v\u00e0 c\u00e1c chuy\u00ean gia an ninh. Ch\u00fang t\u00f4i l\u00e0 s\u1ef1 k\u1ebft h\u1ee3p \u0111\u1ed9c \u0111\u00e1o gi\u1eefa l\u00e3nh \u0111\u1ea1o t\u01b0 t\u01b0\u1edfng v\u00e0 s\u1ef1 th\u00e0nh th\u1ea1o trong ho\u1ea1t \u0111\u1ed9ng, nh\u1eb1m thu h\u1eb9p\u2026 <a class=\"more-link\" href=\"https:\/\/securitybriefing.net\/vi\/ve-chung-toi\/\">Ti\u1ebfp t\u1ee5c \u0111\u1ecdc <span class=\"screen-reader-text\">Gi\u1edbi thi\u1ec7u v\u1ec1 ch\u00fang t\u00f4i<\/span><\/a><\/p>","protected":false},"author":3,"featured_media":0,"parent":0,"menu_order":0,"comment_status":"closed","ping_status":"closed","template":"","meta":{"footnotes":""},"class_list":["post-283","page","type-page","status-publish","hentry","entry"],"yoast_head":"<!-- This site is optimized with the Yoast SEO plugin v26.8 - https:\/\/yoast.com\/product\/yoast-seo-wordpress\/ -->\n<title>About Us | Security Briefing<\/title>\n<meta name=\"robots\" content=\"index, follow, max-snippet:-1, max-image-preview:large, max-video-preview:-1\" \/>\n<link rel=\"canonical\" href=\"https:\/\/securitybriefing.net\/vi\/ve-chung-toi\/\" \/>\n<meta property=\"og:locale\" content=\"vi_VN\" \/>\n<meta property=\"og:type\" content=\"article\" \/>\n<meta property=\"og:title\" content=\"About Us | Security Briefing\" \/>\n<meta property=\"og:description\" content=\"Security Briefing is the world\u2019s first and largest community of Chief Information Security Officers (CISOs) and security professionals. We are a unique blend of thought leadership and operational mastery, closing&hellip; Continue reading About Us\" \/>\n<meta property=\"og:url\" content=\"https:\/\/securitybriefing.net\/vi\/ve-chung-toi\/\" \/>\n<meta property=\"og:site_name\" content=\"Security Briefing\" \/>\n<meta property=\"article:modified_time\" content=\"2025-09-08T20:40:33+00:00\" \/>\n<meta property=\"og:image\" content=\"https:\/\/securitybriefing.net\/wp-content\/uploads\/2025\/09\/main-logo-black.png\" \/>\n\t<meta property=\"og:image:width\" content=\"1200\" \/>\n\t<meta property=\"og:image:height\" content=\"300\" \/>\n\t<meta property=\"og:image:type\" content=\"image\/png\" \/>\n<meta name=\"twitter:card\" content=\"summary_large_image\" \/>\n<meta name=\"twitter:label1\" content=\"\u01af\u1edbc t\u00ednh th\u1eddi gian \u0111\u1ecdc\" \/>\n\t<meta name=\"twitter:data1\" content=\"2 ph\u00fat\" \/>\n<script type=\"application\/ld+json\" class=\"yoast-schema-graph\">{\"@context\":\"https:\/\/schema.org\",\"@graph\":[{\"@type\":\"WebPage\",\"@id\":\"https:\/\/securitybriefing.net\/about-us\/\",\"url\":\"https:\/\/securitybriefing.net\/about-us\/\",\"name\":\"About Us | Security Briefing\",\"isPartOf\":{\"@id\":\"https:\/\/securitybriefing.net\/#website\"},\"primaryImageOfPage\":{\"@id\":\"https:\/\/securitybriefing.net\/about-us\/#primaryimage\"},\"image\":{\"@id\":\"https:\/\/securitybriefing.net\/about-us\/#primaryimage\"},\"thumbnailUrl\":\"https:\/\/securitybriefing.net\/wp-content\/uploads\/2025\/09\/main-logo-black-1024x256.png\",\"datePublished\":\"2022-06-23T14:21:15+00:00\",\"dateModified\":\"2025-09-08T20:40:33+00:00\",\"breadcrumb\":{\"@id\":\"https:\/\/securitybriefing.net\/about-us\/#breadcrumb\"},\"inLanguage\":\"vi\",\"potentialAction\":[{\"@type\":\"ReadAction\",\"target\":[\"https:\/\/securitybriefing.net\/about-us\/\"]}]},{\"@type\":\"ImageObject\",\"inLanguage\":\"vi\",\"@id\":\"https:\/\/securitybriefing.net\/about-us\/#primaryimage\",\"url\":\"https:\/\/securitybriefing.net\/wp-content\/uploads\/2025\/09\/main-logo-black-1024x256.png\",\"contentUrl\":\"https:\/\/securitybriefing.net\/wp-content\/uploads\/2025\/09\/main-logo-black-1024x256.png\"},{\"@type\":\"BreadcrumbList\",\"@id\":\"https:\/\/securitybriefing.net\/about-us\/#breadcrumb\",\"itemListElement\":[{\"@type\":\"ListItem\",\"position\":1,\"name\":\"Home\",\"item\":\"https:\/\/securitybriefing.net\/\"},{\"@type\":\"ListItem\",\"position\":2,\"name\":\"About Us\"}]},{\"@type\":\"WebSite\",\"@id\":\"https:\/\/securitybriefing.net\/#website\",\"url\":\"https:\/\/securitybriefing.net\/\",\"name\":\"Security Briefing\",\"description\":\"Read cybersecurity news, online safety guides, cyber threat updates, and use free security tools from Security Briefing.\",\"publisher\":{\"@id\":\"https:\/\/securitybriefing.net\/#organization\"},\"potentialAction\":[{\"@type\":\"SearchAction\",\"target\":{\"@type\":\"EntryPoint\",\"urlTemplate\":\"https:\/\/securitybriefing.net\/?s={search_term_string}\"},\"query-input\":{\"@type\":\"PropertyValueSpecification\",\"valueRequired\":true,\"valueName\":\"search_term_string\"}}],\"inLanguage\":\"vi\"},{\"@type\":\"Organization\",\"@id\":\"https:\/\/securitybriefing.net\/#organization\",\"name\":\"Security Briefing\",\"url\":\"https:\/\/securitybriefing.net\/\",\"logo\":{\"@type\":\"ImageObject\",\"inLanguage\":\"vi\",\"@id\":\"https:\/\/securitybriefing.net\/#\/schema\/logo\/image\/\",\"url\":\"https:\/\/securitybriefing.net\/wp-content\/uploads\/2023\/06\/security-briefing-logo-5.png\",\"contentUrl\":\"https:\/\/securitybriefing.net\/wp-content\/uploads\/2023\/06\/security-briefing-logo-5.png\",\"width\":256,\"height\":70,\"caption\":\"Security Briefing\"},\"image\":{\"@id\":\"https:\/\/securitybriefing.net\/#\/schema\/logo\/image\/\"}}]}<\/script>\n<!-- \/ Yoast SEO plugin. -->","yoast_head_json":{"title":"V\u1ec1 Ch\u00fang T\u00f4i | T\u00f3m T\u1eaft An Ninh","robots":{"index":"index","follow":"follow","max-snippet":"max-snippet:-1","max-image-preview":"max-image-preview:large","max-video-preview":"max-video-preview:-1"},"canonical":"https:\/\/securitybriefing.net\/vi\/ve-chung-toi\/","og_locale":"vi_VN","og_type":"article","og_title":"About Us | Security Briefing","og_description":"Security Briefing is the world\u2019s first and largest community of Chief Information Security Officers (CISOs) and security professionals. We are a unique blend of thought leadership and operational mastery, closing&hellip; Continue reading About Us","og_url":"https:\/\/securitybriefing.net\/vi\/ve-chung-toi\/","og_site_name":"Security Briefing","article_modified_time":"2025-09-08T20:40:33+00:00","og_image":[{"width":1200,"height":300,"url":"https:\/\/securitybriefing.net\/wp-content\/uploads\/2025\/09\/main-logo-black.png","type":"image\/png"}],"twitter_card":"summary_large_image","twitter_misc":{"\u01af\u1edbc t\u00ednh th\u1eddi gian \u0111\u1ecdc":"2 ph\u00fat"},"schema":{"@context":"https:\/\/schema.org","@graph":[{"@type":"WebPage","@id":"https:\/\/securitybriefing.net\/about-us\/","url":"https:\/\/securitybriefing.net\/about-us\/","name":"V\u1ec1 Ch\u00fang T\u00f4i | T\u00f3m T\u1eaft An Ninh","isPartOf":{"@id":"https:\/\/securitybriefing.net\/#website"},"primaryImageOfPage":{"@id":"https:\/\/securitybriefing.net\/about-us\/#primaryimage"},"image":{"@id":"https:\/\/securitybriefing.net\/about-us\/#primaryimage"},"thumbnailUrl":"https:\/\/securitybriefing.net\/wp-content\/uploads\/2025\/09\/main-logo-black-1024x256.png","datePublished":"2022-06-23T14:21:15+00:00","dateModified":"2025-09-08T20:40:33+00:00","breadcrumb":{"@id":"https:\/\/securitybriefing.net\/about-us\/#breadcrumb"},"inLanguage":"vi","potentialAction":[{"@type":"ReadAction","target":["https:\/\/securitybriefing.net\/about-us\/"]}]},{"@type":"ImageObject","inLanguage":"vi","@id":"https:\/\/securitybriefing.net\/about-us\/#primaryimage","url":"https:\/\/securitybriefing.net\/wp-content\/uploads\/2025\/09\/main-logo-black-1024x256.png","contentUrl":"https:\/\/securitybriefing.net\/wp-content\/uploads\/2025\/09\/main-logo-black-1024x256.png"},{"@type":"BreadcrumbList","@id":"https:\/\/securitybriefing.net\/about-us\/#breadcrumb","itemListElement":[{"@type":"ListItem","position":1,"name":"Home","item":"https:\/\/securitybriefing.net\/"},{"@type":"ListItem","position":2,"name":"About Us"}]},{"@type":"WebSite","@id":"https:\/\/securitybriefing.net\/#website","url":"https:\/\/securitybriefing.net\/","name":"B\u00e1o C\u00e1o An Ninh","description":"Read cybersecurity news, online safety guides, cyber threat updates, and use free security tools from Security Briefing.","publisher":{"@id":"https:\/\/securitybriefing.net\/#organization"},"potentialAction":[{"@type":"SearchAction","target":{"@type":"EntryPoint","urlTemplate":"https:\/\/securitybriefing.net\/?s={search_term_string}"},"query-input":{"@type":"PropertyValueSpecification","valueRequired":true,"valueName":"search_term_string"}}],"inLanguage":"vi"},{"@type":"Organization","@id":"https:\/\/securitybriefing.net\/#organization","name":"B\u00e1o C\u00e1o An Ninh","url":"https:\/\/securitybriefing.net\/","logo":{"@type":"ImageObject","inLanguage":"vi","@id":"https:\/\/securitybriefing.net\/#\/schema\/logo\/image\/","url":"https:\/\/securitybriefing.net\/wp-content\/uploads\/2023\/06\/security-briefing-logo-5.png","contentUrl":"https:\/\/securitybriefing.net\/wp-content\/uploads\/2023\/06\/security-briefing-logo-5.png","width":256,"height":70,"caption":"Security Briefing"},"image":{"@id":"https:\/\/securitybriefing.net\/#\/schema\/logo\/image\/"}}]}},"_links":{"self":[{"href":"https:\/\/securitybriefing.net\/vi\/wp-json\/wp\/v2\/pages\/283","targetHints":{"allow":["GET"]}}],"collection":[{"href":"https:\/\/securitybriefing.net\/vi\/wp-json\/wp\/v2\/pages"}],"about":[{"href":"https:\/\/securitybriefing.net\/vi\/wp-json\/wp\/v2\/types\/page"}],"author":[{"embeddable":true,"href":"https:\/\/securitybriefing.net\/vi\/wp-json\/wp\/v2\/users\/3"}],"replies":[{"embeddable":true,"href":"https:\/\/securitybriefing.net\/vi\/wp-json\/wp\/v2\/comments?post=283"}],"version-history":[{"count":1,"href":"https:\/\/securitybriefing.net\/vi\/wp-json\/wp\/v2\/pages\/283\/revisions"}],"predecessor-version":[{"id":4532,"href":"https:\/\/securitybriefing.net\/vi\/wp-json\/wp\/v2\/pages\/283\/revisions\/4532"}],"wp:attachment":[{"href":"https:\/\/securitybriefing.net\/vi\/wp-json\/wp\/v2\/media?parent=283"}],"curies":[{"name":"wp","href":"https:\/\/api.w.org\/{rel}","templated":true}]}}