{"id":4912,"date":"2025-11-26T23:46:25","date_gmt":"2025-11-26T23:46:25","guid":{"rendered":"https:\/\/securitybriefing.net\/?page_id=4912"},"modified":"2025-11-27T00:47:30","modified_gmt":"2025-11-27T00:47:30","slug":"trinh-tao-mat-khau-an-toan-mien-phi","status":"publish","type":"page","link":"https:\/\/securitybriefing.net\/vi\/trinh-tao-mat-khau-an-toan-mien-phi\/","title":{"rendered":"Tr\u00ecnh T\u1ea1o M\u1eadt Kh\u1ea9u An To\u00e0n Mi\u1ec5n Ph\u00ed"},"content":{"rendered":"<style>\n.img-blog-exp {\n    display: none;\n}\nh2 {\n    margin-top: -30px !important;\n    color: #01175e;\n}\n<\/style>\n<h2>M\u1eadt kh\u1ea9u c\u1ee7a b\u1ea1n c\u00f3 an to\u00e0n kh\u00f4ng?<\/h2>\n<p style=\"margin-bottom: 40px;\"><strong>M\u1eadt kh\u1ea9u y\u1ebfu l\u00e0 nguy\u00ean nh\u00e2n ch\u00ednh g\u00e2y ra vi ph\u1ea1m d\u1eef li\u1ec7u.<\/strong> Tr\u00ecnh t\u1ea1o c\u1ee7a ch\u00fang t\u00f4i s\u1eed d\u1ee5ng ng\u1eabu nhi\u00ean m\u1eadt m\u00e3 \u0111\u1ec3 t\u1ea1o m\u1eadt kh\u1ea9u m\u00e0 ph\u1ea3i m\u1ea5t h\u00e0ng th\u1ebf k\u1ef7 \u0111\u1ec3 b\u1ebb kh\u00f3a. T\u1ea5t c\u1ea3 vi\u1ec7c t\u1ea1o ra di\u1ec5n ra trong tr\u00ecnh duy\u1ec7t c\u1ee7a b\u1ea1n \u2014 kh\u00f4ng c\u00f3 g\u00ec \u0111\u01b0\u1ee3c l\u01b0u tr\u1eef ho\u1eb7c truy\u1ec1n \u0111i.<\/p>\n\n\n    <div class=\"password-generator\" data-theme=\"dark\">\n        <div class=\"pg-container\">\n            <h3 class=\"pg-title\">Tr\u00ecnh T\u1ea1o M\u1eadt Kh\u1ea9u An To\u00e0n<\/h3>\n            \n            <div class=\"pg-output-wrapper\">\n                <input type=\"text\" class=\"pg-output\" readonly placeholder=\"Nh\u1ea5p \u0111\u1ec3 T\u1ea1o\">\n                <button class=\"pg-copy-btn\" title=\"Sao ch\u00e9p v\u00e0o b\u1ea3ng t\u1ea1m\">\n                    <svg xmlns=\"http:\/\/www.w3.org\/2000\/svg\" width=\"20\" height=\"20\" viewbox=\"0 0 24 24\" fill=\"none\" stroke=\"currentColor\" stroke-width=\"2\">\n                        <rect x=\"9\" y=\"9\" width=\"13\" height=\"13\" rx=\"2\" ry=\"2\"><\/rect>\n                        <path d=\"M5 15H4a2 2 0 0 1-2-2V4a2 2 0 0 1 2-2h9a2 2 0 0 1 2 2v1\"><\/path>\n                    <\/svg>\n                <\/button>\n            <\/div>\n            \n            <div class=\"pg-strength-meter\">\n                <div class=\"pg-strength-bar\">\n                    <div class=\"pg-strength-fill\"><\/div>\n                <\/div>\n                <span class=\"pg-strength-text\">\u0110\u1ed9 M\u1ea1nh M\u1eadt Kh\u1ea9u<\/span>\n            <\/div>\n            \n            <div class=\"pg-controls\">\n                <div class=\"pg-length-control\">\n                    <label>\n                        \u0110\u1ed9 D\u00e0i: <span class=\"pg-length-value\">16<\/span>\n                    <\/label>\n                    <input type=\"range\" class=\"pg-length-slider\" min=\"8\" max=\"64\" value=\"16\">\n                <\/div>\n                \n                <div class=\"pg-options\">\n                    <label class=\"pg-option\">\n                        <input type=\"checkbox\" class=\"pg-uppercase\" checked>\n                        <span>Ch\u1eef Hoa (A-Z)<\/span>\n                    <\/label>\n                    <label class=\"pg-option\">\n                        <input type=\"checkbox\" class=\"pg-lowercase\" checked>\n                        <span>Ch\u1eef Th\u01b0\u1eddng (a-z)<\/span>\n                    <\/label>\n                    <label class=\"pg-option\">\n                        <input type=\"checkbox\" class=\"pg-numbers\" checked>\n                        <span>S\u1ed1 (0-9)<\/span>\n                    <\/label>\n                    <label class=\"pg-option\">\n                        <input type=\"checkbox\" class=\"pg-symbols\" checked>\n                        <span>K\u00fd T\u1ef1 (!@#$%^&amp;*)<\/span>\n                    <\/label>\n                <\/div>\n                \n                <div class=\"pg-advanced-toggle\">\n                    <button type=\"button\" class=\"pg-advanced-btn\">T\u00f9y Ch\u1ecdn N\u00e2ng Cao \u25bc<\/button>\n                <\/div>\n                \n                <div class=\"pg-advanced-options\" style=\"display: none;\">\n                    <label class=\"pg-option\">\n                        <input type=\"checkbox\" class=\"pg-exclude-ambiguous\">\n                        <span>Lo\u1ea1i tr\u1eeb k\u00fd t\u1ef1 kh\u00f3 ph\u00e2n bi\u1ec7t (0, O, l, 1, I)<\/span>\n                    <\/label>\n                    <label class=\"pg-option\">\n                        <input type=\"checkbox\" class=\"pg-exclude-similar\">\n                        <span>Lo\u1ea1i tr\u1eeb k\u00fd t\u1ef1 t\u01b0\u01a1ng t\u1ef1 (i, l, 1, L, o, 0, O)<\/span>\n                    <\/label>\n                    <div class=\"pg-custom-symbols\">\n                        <label>K\u00fd t\u1ef1 t\u00f9y ch\u1ec9nh:<\/label>\n                        <input type=\"text\" class=\"pg-custom-symbols-input\" value=\"!@#$%^&*()_+-=[]{}|;:,.<>?\">\n                    <\/div>\n                <\/div>\n            <\/div>\n            \n            <button type=\"button\" class=\"pg-generate-btn\">\n                <svg xmlns=\"http:\/\/www.w3.org\/2000\/svg\" width=\"20\" height=\"20\" viewbox=\"0 0 24 24\" fill=\"none\" stroke=\"currentColor\" stroke-width=\"2\">\n                    <path d=\"M21 2l-2 2m-7.61 7.61a5.5 5.5 0 1 1-7.778 7.778 5.5 5.5 0 0 1 7.777-7.777zm0 0L15.5 7.5m0 0l3 3L22 7l-3-3m-3.5 3.5L19 4\"><\/path>\n                <\/svg>\n                T\u1ea1o M\u1eadt Kh\u1ea9u\n            <\/button>\n            \n            <div class=\"pg-history\">\n                <button type=\"button\" class=\"pg-history-toggle\">M\u1eadt Kh\u1ea9u G\u1ea7n \u0110\u00e2y \u25bc<\/button>\n                <ul class=\"pg-history-list\" style=\"display: none;\"><\/ul>\n            <\/div>\n        <\/div>\n    <\/div>","protected":false},"excerpt":{"rendered":"<p>M\u1eadt kh\u1ea9u c\u1ee7a b\u1ea1n c\u00f3 an to\u00e0n kh\u00f4ng? M\u1eadt kh\u1ea9u y\u1ebfu l\u00e0 nguy\u00ean nh\u00e2n h\u00e0ng \u0111\u1ea7u g\u00e2y ra vi ph\u1ea1m d\u1eef li\u1ec7u. Tr\u00ecnh t\u1ea1o c\u1ee7a ch\u00fang t\u00f4i s\u1eed d\u1ee5ng t\u00ednh ng\u1eabu nhi\u00ean m\u00e3 h\u00f3a \u0111\u1ec3 t\u1ea1o ra c\u00e1c m\u1eadt kh\u1ea9u m\u00e0 ph\u1ea3i m\u1ea5t h\u00e0ng th\u1ebf k\u1ef7 m\u1edbi c\u00f3 th\u1ec3 b\u1ebb kh\u00f3a. T\u1ea5t c\u1ea3 qu\u00e1 tr\u00ecnh t\u1ea1o ra di\u1ec5n ra... <a class=\"more-link\" href=\"https:\/\/securitybriefing.net\/vi\/trinh-tao-mat-khau-an-toan-mien-phi\/\">Ti\u1ebfp t\u1ee5c \u0111\u1ecdc <span class=\"screen-reader-text\">Tr\u00ecnh T\u1ea1o M\u1eadt Kh\u1ea9u An To\u00e0n Mi\u1ec5n Ph\u00ed<\/span><\/a><\/p>","protected":false},"author":3,"featured_media":0,"parent":0,"menu_order":0,"comment_status":"closed","ping_status":"closed","template":"","meta":{"footnotes":""},"class_list":["post-4912","page","type-page","status-publish","hentry","entry"],"yoast_head":"<!-- This site is optimized with the Yoast SEO plugin v26.8 - https:\/\/yoast.com\/product\/yoast-seo-wordpress\/ -->\n<title>Free Secure Password Generator | Security Briefing<\/title>\n<meta name=\"robots\" content=\"index, follow, max-snippet:-1, max-image-preview:large, max-video-preview:-1\" \/>\n<link rel=\"canonical\" href=\"https:\/\/securitybriefing.net\/vi\/trinh-tao-mat-khau-an-toan-mien-phi\/\" \/>\n<meta property=\"og:locale\" content=\"vi_VN\" \/>\n<meta property=\"og:type\" content=\"article\" \/>\n<meta property=\"og:title\" content=\"Free Secure Password Generator | Security Briefing\" \/>\n<meta property=\"og:description\" content=\"Is your password safe? Weak passwords are the #1 cause of data breaches. Our generator uses cryptographic randomness to create passwords that would take centuries to crack. All generation happens&hellip; Continue reading Free Secure Password Generator\" \/>\n<meta property=\"og:url\" content=\"https:\/\/securitybriefing.net\/vi\/trinh-tao-mat-khau-an-toan-mien-phi\/\" \/>\n<meta property=\"og:site_name\" content=\"Security Briefing\" \/>\n<meta property=\"article:modified_time\" content=\"2025-11-27T00:47:30+00:00\" \/>\n<meta property=\"og:image\" content=\"https:\/\/securitybriefing.net\/wp-content\/uploads\/2025\/09\/main-logo-black.png\" \/>\n\t<meta property=\"og:image:width\" content=\"1200\" \/>\n\t<meta property=\"og:image:height\" content=\"300\" \/>\n\t<meta property=\"og:image:type\" content=\"image\/png\" \/>\n<meta name=\"twitter:card\" content=\"summary_large_image\" \/>\n<meta name=\"twitter:label1\" content=\"\u01af\u1edbc t\u00ednh th\u1eddi gian \u0111\u1ecdc\" \/>\n\t<meta name=\"twitter:data1\" content=\"1 ph\u00fat\" \/>\n<script type=\"application\/ld+json\" class=\"yoast-schema-graph\">{\"@context\":\"https:\/\/schema.org\",\"@graph\":[{\"@type\":\"WebPage\",\"@id\":\"https:\/\/securitybriefing.net\/free-secure-password-generator\/\",\"url\":\"https:\/\/securitybriefing.net\/free-secure-password-generator\/\",\"name\":\"Free Secure Password Generator | Security Briefing\",\"isPartOf\":{\"@id\":\"https:\/\/securitybriefing.net\/#website\"},\"datePublished\":\"2025-11-26T23:46:25+00:00\",\"dateModified\":\"2025-11-27T00:47:30+00:00\",\"breadcrumb\":{\"@id\":\"https:\/\/securitybriefing.net\/free-secure-password-generator\/#breadcrumb\"},\"inLanguage\":\"vi\",\"potentialAction\":[{\"@type\":\"ReadAction\",\"target\":[\"https:\/\/securitybriefing.net\/free-secure-password-generator\/\"]}]},{\"@type\":\"BreadcrumbList\",\"@id\":\"https:\/\/securitybriefing.net\/free-secure-password-generator\/#breadcrumb\",\"itemListElement\":[{\"@type\":\"ListItem\",\"position\":1,\"name\":\"Home\",\"item\":\"https:\/\/securitybriefing.net\/\"},{\"@type\":\"ListItem\",\"position\":2,\"name\":\"Free Secure Password Generator\"}]},{\"@type\":\"WebSite\",\"@id\":\"https:\/\/securitybriefing.net\/#website\",\"url\":\"https:\/\/securitybriefing.net\/\",\"name\":\"Security Briefing\",\"description\":\"Read cybersecurity news, online safety guides, cyber threat updates, and use free security tools from Security Briefing.\",\"publisher\":{\"@id\":\"https:\/\/securitybriefing.net\/#organization\"},\"potentialAction\":[{\"@type\":\"SearchAction\",\"target\":{\"@type\":\"EntryPoint\",\"urlTemplate\":\"https:\/\/securitybriefing.net\/?s={search_term_string}\"},\"query-input\":{\"@type\":\"PropertyValueSpecification\",\"valueRequired\":true,\"valueName\":\"search_term_string\"}}],\"inLanguage\":\"vi\"},{\"@type\":\"Organization\",\"@id\":\"https:\/\/securitybriefing.net\/#organization\",\"name\":\"Security Briefing\",\"url\":\"https:\/\/securitybriefing.net\/\",\"logo\":{\"@type\":\"ImageObject\",\"inLanguage\":\"vi\",\"@id\":\"https:\/\/securitybriefing.net\/#\/schema\/logo\/image\/\",\"url\":\"https:\/\/securitybriefing.net\/wp-content\/uploads\/2023\/06\/security-briefing-logo-5.png\",\"contentUrl\":\"https:\/\/securitybriefing.net\/wp-content\/uploads\/2023\/06\/security-briefing-logo-5.png\",\"width\":256,\"height\":70,\"caption\":\"Security Briefing\"},\"image\":{\"@id\":\"https:\/\/securitybriefing.net\/#\/schema\/logo\/image\/\"}}]}<\/script>\n<!-- \/ Yoast SEO plugin. -->","yoast_head_json":{"title":"Tr\u00ecnh T\u1ea1o M\u1eadt Kh\u1ea9u An To\u00e0n Mi\u1ec5n Ph\u00ed | B\u1ea3n Tin An Ninh","robots":{"index":"index","follow":"follow","max-snippet":"max-snippet:-1","max-image-preview":"max-image-preview:large","max-video-preview":"max-video-preview:-1"},"canonical":"https:\/\/securitybriefing.net\/vi\/trinh-tao-mat-khau-an-toan-mien-phi\/","og_locale":"vi_VN","og_type":"article","og_title":"Free Secure Password Generator | Security Briefing","og_description":"Is your password safe? Weak passwords are the #1 cause of data breaches. Our generator uses cryptographic randomness to create passwords that would take centuries to crack. All generation happens&hellip; Continue reading Free Secure Password Generator","og_url":"https:\/\/securitybriefing.net\/vi\/trinh-tao-mat-khau-an-toan-mien-phi\/","og_site_name":"Security Briefing","article_modified_time":"2025-11-27T00:47:30+00:00","og_image":[{"width":1200,"height":300,"url":"https:\/\/securitybriefing.net\/wp-content\/uploads\/2025\/09\/main-logo-black.png","type":"image\/png"}],"twitter_card":"summary_large_image","twitter_misc":{"\u01af\u1edbc t\u00ednh th\u1eddi gian \u0111\u1ecdc":"1 ph\u00fat"},"schema":{"@context":"https:\/\/schema.org","@graph":[{"@type":"WebPage","@id":"https:\/\/securitybriefing.net\/free-secure-password-generator\/","url":"https:\/\/securitybriefing.net\/free-secure-password-generator\/","name":"Tr\u00ecnh T\u1ea1o M\u1eadt Kh\u1ea9u An To\u00e0n Mi\u1ec5n Ph\u00ed | B\u1ea3n Tin An Ninh","isPartOf":{"@id":"https:\/\/securitybriefing.net\/#website"},"datePublished":"2025-11-26T23:46:25+00:00","dateModified":"2025-11-27T00:47:30+00:00","breadcrumb":{"@id":"https:\/\/securitybriefing.net\/free-secure-password-generator\/#breadcrumb"},"inLanguage":"vi","potentialAction":[{"@type":"ReadAction","target":["https:\/\/securitybriefing.net\/free-secure-password-generator\/"]}]},{"@type":"BreadcrumbList","@id":"https:\/\/securitybriefing.net\/free-secure-password-generator\/#breadcrumb","itemListElement":[{"@type":"ListItem","position":1,"name":"Home","item":"https:\/\/securitybriefing.net\/"},{"@type":"ListItem","position":2,"name":"Free Secure Password Generator"}]},{"@type":"WebSite","@id":"https:\/\/securitybriefing.net\/#website","url":"https:\/\/securitybriefing.net\/","name":"B\u00e1o C\u00e1o An Ninh","description":"Read cybersecurity news, online safety guides, cyber threat updates, and use free security tools from Security Briefing.","publisher":{"@id":"https:\/\/securitybriefing.net\/#organization"},"potentialAction":[{"@type":"SearchAction","target":{"@type":"EntryPoint","urlTemplate":"https:\/\/securitybriefing.net\/?s={search_term_string}"},"query-input":{"@type":"PropertyValueSpecification","valueRequired":true,"valueName":"search_term_string"}}],"inLanguage":"vi"},{"@type":"Organization","@id":"https:\/\/securitybriefing.net\/#organization","name":"B\u00e1o C\u00e1o An Ninh","url":"https:\/\/securitybriefing.net\/","logo":{"@type":"ImageObject","inLanguage":"vi","@id":"https:\/\/securitybriefing.net\/#\/schema\/logo\/image\/","url":"https:\/\/securitybriefing.net\/wp-content\/uploads\/2023\/06\/security-briefing-logo-5.png","contentUrl":"https:\/\/securitybriefing.net\/wp-content\/uploads\/2023\/06\/security-briefing-logo-5.png","width":256,"height":70,"caption":"Security Briefing"},"image":{"@id":"https:\/\/securitybriefing.net\/#\/schema\/logo\/image\/"}}]}},"_links":{"self":[{"href":"https:\/\/securitybriefing.net\/vi\/wp-json\/wp\/v2\/pages\/4912","targetHints":{"allow":["GET"]}}],"collection":[{"href":"https:\/\/securitybriefing.net\/vi\/wp-json\/wp\/v2\/pages"}],"about":[{"href":"https:\/\/securitybriefing.net\/vi\/wp-json\/wp\/v2\/types\/page"}],"author":[{"embeddable":true,"href":"https:\/\/securitybriefing.net\/vi\/wp-json\/wp\/v2\/users\/3"}],"replies":[{"embeddable":true,"href":"https:\/\/securitybriefing.net\/vi\/wp-json\/wp\/v2\/comments?post=4912"}],"version-history":[{"count":5,"href":"https:\/\/securitybriefing.net\/vi\/wp-json\/wp\/v2\/pages\/4912\/revisions"}],"predecessor-version":[{"id":4937,"href":"https:\/\/securitybriefing.net\/vi\/wp-json\/wp\/v2\/pages\/4912\/revisions\/4937"}],"wp:attachment":[{"href":"https:\/\/securitybriefing.net\/vi\/wp-json\/wp\/v2\/media?parent=4912"}],"curies":[{"name":"wp","href":"https:\/\/api.w.org\/{rel}","templated":true}]}}