{"id":4965,"date":"2025-12-02T23:32:40","date_gmt":"2025-12-02T23:32:40","guid":{"rendered":"https:\/\/securitybriefing.net\/?page_id=4965"},"modified":"2025-12-02T23:32:41","modified_gmt":"2025-12-02T23:32:41","slug":"trinh-phan-tich-tieu-de-email-mien-phi","status":"publish","type":"page","link":"https:\/\/securitybriefing.net\/vi\/trinh-phan-tich-tieu-de-email-mien-phi\/","title":{"rendered":"Tr\u00ecnh Ph\u00e2n T\u00edch Ti\u00eau \u0110\u1ec1 Email Mi\u1ec5n Ph\u00ed"},"content":{"rendered":"<style>\n.img-blog-exp {\n    display: none;\n}\n<\/style>\n\n<h2>Ph\u00e2n t\u00edch Ti\u00eau \u0111\u1ec1 Email \u0111\u1ec3 Ph\u00e1t hi\u1ec7n L\u1eeba \u0111\u1ea3o<\/h2>\n<p style=\"margin-bottom: 40px;\"><strong>Ti\u00eau \u0111\u1ec1 email ti\u1ebft l\u1ed9 ngu\u1ed3n g\u1ed1c th\u1ef1c s\u1ef1 c\u1ee7a m\u1ed7i tin nh\u1eafn.<\/strong> D\u00e1n ti\u00eau \u0111\u1ec1 email c\u1ee7a b\u1ea1n b\u00ean d\u01b0\u1edbi \u0111\u1ec3 ki\u1ec3m tra x\u00e1c th\u1ef1c SPF, DKIM, v\u00e0 DMARC, theo d\u00f5i l\u1ed9 tr\u00ecnh tin nh\u1eafn, v\u00e0 x\u00e1c \u0111\u1ecbnh c\u00e1c d\u1ea5u hi\u1ec7u c\u1ea3nh b\u00e1o c\u00f3 th\u1ec3 ch\u1ec9 ra c\u00e1c n\u1ed7 l\u1ef1c l\u1eeba \u0111\u1ea3o ho\u1eb7c gi\u1ea3 m\u1ea1o. T\u1ea5t c\u1ea3 ph\u00e2n t\u00edch di\u1ec5n ra trong tr\u00ecnh duy\u1ec7t c\u1ee7a b\u1ea1n.<\/p>\n\n    <div class=\"email-analyzer\" data-theme=\"dark\">\n        <div class=\"eha-container\">\n            <h3 class=\"eha-title\">C\u00f4ng C\u1ee5 Ph\u00e2n T\u00edch Ti\u00eau \u0110\u1ec1 Email<\/h3>\n            \n            <div class=\"eha-input-section\">\n                <div class=\"eha-input-group\">\n                    <label class=\"eha-label\">D\u00e1n ti\u00eau \u0111\u1ec1 email b\u00ean d\u01b0\u1edbi:<\/label>\n                    <textarea class=\"eha-textarea eha-headers-input\" placeholder=\"D\u00e1n to\u00e0n b\u1ed9 ti\u00eau \u0111\u1ec1 email v\u00e0o \u0111\u00e2y... \u0110\u1ec3 l\u1ea5y ti\u00eau \u0111\u1ec1:\u2022 Gmail: M\u1edf email \u2192 \u22ee \u2192 Hi\u1ec3n th\u1ecb b\u1ea3n g\u1ed1c\u2022 Outlook: M\u1edf email \u2192 \u22ef \u2192 Xem ngu\u1ed3n tin nh\u1eafn\u2022 Apple Mail: Xem \u2192 Tin nh\u1eafn \u2192 T\u1ea5t c\u1ea3 Ti\u00eau \u0111\u1ec1\" rows=\"10\"><\/textarea>\n                <\/div>\n                \n                <button type=\"button\" class=\"eha-analyze-btn\">\n                    <svg xmlns=\"http:\/\/www.w3.org\/2000\/svg\" width=\"18\" height=\"18\" viewbox=\"0 0 24 24\" fill=\"none\" stroke=\"currentColor\" stroke-width=\"2\">\n                        <circle cx=\"11\" cy=\"11\" r=\"8\"><\/circle>\n                        <path d=\"m21 21-4.35-4.35\"><\/path>\n                    <\/svg>\n                    Ph\u00e2n T\u00edch Ti\u00eau \u0110\u1ec1\n                <\/button>\n            <\/div>\n            \n            <div class=\"eha-results\" style=\"display: none;\">\n                \n                <!-- Security Summary -->\n                <div class=\"eha-section eha-security-summary\">\n                    <h4 class=\"eha-section-title\">\n                        <svg xmlns=\"http:\/\/www.w3.org\/2000\/svg\" width=\"18\" height=\"18\" viewbox=\"0 0 24 24\" fill=\"none\" stroke=\"currentColor\" stroke-width=\"2\">\n                            <path d=\"M12 22s8-4 8-10V5l-8-3-8 3v7c0 6 8 10 8 10z\"\/>\n                        <\/svg>\n                        \u0110\u00e1nh Gi\u00e1 B\u1ea3o M\u1eadt\n                    <\/h4>\n                    <div class=\"eha-security-score\">\n                        <div class=\"eha-score-circle\">\n                            <span class=\"eha-score-value\">--<\/span>\n                        <\/div>\n                        <div class=\"eha-score-details\">\n                            <span class=\"eha-score-label\">\u0110i\u1ec3m B\u1ea3o M\u1eadt<\/span>\n                            <span class=\"eha-score-status\"><\/span>\n                        <\/div>\n                    <\/div>\n                    <div class=\"eha-auth-checks\">\n                        <div class=\"eha-auth-item\" data-check=\"spf\">\n                            <span class=\"eha-auth-icon\">\u25cb<\/span>\n                            <span class=\"eha-auth-name\">SPF<\/span>\n                            <span class=\"eha-auth-result\">-<\/span>\n                        <\/div>\n                        <div class=\"eha-auth-item\" data-check=\"dkim\">\n                            <span class=\"eha-auth-icon\">\u25cb<\/span>\n                            <span class=\"eha-auth-name\">DKIM<\/span>\n                            <span class=\"eha-auth-result\">-<\/span>\n                        <\/div>\n                        <div class=\"eha-auth-item\" data-check=\"dmarc\">\n                            <span class=\"eha-auth-icon\">\u25cb<\/span>\n                            <span class=\"eha-auth-name\">DMARC<\/span>\n                            <span class=\"eha-auth-result\">-<\/span>\n                        <\/div>\n                    <\/div>\n                <\/div>\n                \n                <!-- Warnings -->\n                <div class=\"eha-section eha-warnings-section\" style=\"display: none;\">\n                    <h4 class=\"eha-section-title eha-warning-title\">\n                        <svg xmlns=\"http:\/\/www.w3.org\/2000\/svg\" width=\"18\" height=\"18\" viewbox=\"0 0 24 24\" fill=\"none\" stroke=\"currentColor\" stroke-width=\"2\">\n                            <path d=\"M10.29 3.86L1.82 18a2 2 0 0 0 1.71 3h16.94a2 2 0 0 0 1.71-3L13.71 3.86a2 2 0 0 0-3.42 0z\"><\/path>\n                            <line x1=\"12\" y1=\"9\" x2=\"12\" y2=\"13\"><\/line>\n                            <line x1=\"12\" y1=\"17\" x2=\"12.01\" y2=\"17\"><\/line>\n                        <\/svg>\n                        C\u1ea3nh B\u00e1o\n                    <\/h4>\n                    <ul class=\"eha-warnings-list\"><\/ul>\n                <\/div>\n                \n                <!-- Basic Info -->\n                <div class=\"eha-section eha-basic-info\">\n                    <h4 class=\"eha-section-title\">\n                        <svg xmlns=\"http:\/\/www.w3.org\/2000\/svg\" width=\"18\" height=\"18\" viewbox=\"0 0 24 24\" fill=\"none\" stroke=\"currentColor\" stroke-width=\"2\">\n                            <path d=\"M4 4h16c1.1 0 2 .9 2 2v12c0 1.1-.9 2-2 2H4c-1.1 0-2-.9-2-2V6c0-1.1.9-2 2-2z\"><\/path>\n                            <polyline points=\"22,6 12,13 2,6\"><\/polyline>\n                        <\/svg>\n                        Th\u00f4ng Tin Email\n                    <\/h4>\n                    <div class=\"eha-info-grid\">\n                        <div class=\"eha-info-item\">\n                            <span class=\"eha-info-label\">T\u1eeb:<\/span>\n                            <span class=\"eha-info-value eha-from\"><\/span>\n                        <\/div>\n                        <div class=\"eha-info-item\">\n                            <span class=\"eha-info-label\">\u0110\u1ebfn:<\/span>\n                            <span class=\"eha-info-value eha-to\"><\/span>\n                        <\/div>\n                        <div class=\"eha-info-item\">\n                            <span class=\"eha-info-label\">Ch\u1ee7 \u0111\u1ec1:<\/span>\n                            <span class=\"eha-info-value eha-subject\"><\/span>\n                        <\/div>\n                        <div class=\"eha-info-item\">\n                            <span class=\"eha-info-label\">Ng\u00e0y:<\/span>\n                            <span class=\"eha-info-value eha-date\"><\/span>\n                        <\/div>\n                        <div class=\"eha-info-item\">\n                            <span class=\"eha-info-label\">\u0110\u01b0\u1eddng D\u1eabn Tr\u1ea3 L\u1eddi:<\/span>\n                            <span class=\"eha-info-value eha-return-path\"><\/span>\n                        <\/div>\n                        <div class=\"eha-info-item\">\n                            <span class=\"eha-info-label\">ID Tin Nh\u1eafn:<\/span>\n                            <span class=\"eha-info-value eha-message-id\"><\/span>\n                        <\/div>\n                    <\/div>\n                <\/div>\n                \n                <!-- Route\/Hops -->\n                <div class=\"eha-section eha-route-section\">\n                    <h4 class=\"eha-section-title\">\n                        <svg xmlns=\"http:\/\/www.w3.org\/2000\/svg\" width=\"18\" height=\"18\" viewbox=\"0 0 24 24\" fill=\"none\" stroke=\"currentColor\" stroke-width=\"2\">\n                            <circle cx=\"12\" cy=\"12\" r=\"10\"><\/circle>\n                            <polygon points=\"16.24 7.76 14.12 14.12 7.76 16.24 9.88 9.88 16.24 7.76\"><\/polygon>\n                        <\/svg>\n                        L\u1ed9 Tr\u00ecnh Email (Ti\u00eau \u0110\u1ec1 Nh\u1eadn)\n                    <\/h4>\n                    <div class=\"eha-route-timeline\"><\/div>\n                <\/div>\n                \n                <!-- Authentication Details -->\n                <div class=\"eha-section eha-auth-details\">\n                    <h4 class=\"eha-section-title\">\n                        <svg xmlns=\"http:\/\/www.w3.org\/2000\/svg\" width=\"18\" height=\"18\" viewbox=\"0 0 24 24\" fill=\"none\" stroke=\"currentColor\" stroke-width=\"2\">\n                            <rect x=\"3\" y=\"11\" width=\"18\" height=\"11\" rx=\"2\" ry=\"2\"><\/rect>\n                            <path d=\"M7 11V7a5 5 0 0 1 10 0v4\"><\/path>\n                        <\/svg>\n                        Chi Ti\u1ebft X\u00e1c Th\u1ef1c\n                    <\/h4>\n                    <div class=\"eha-auth-details-content\"><\/div>\n                <\/div>\n                \n                <!-- All Headers -->\n                <div class=\"eha-section eha-all-headers\">\n                    <button type=\"button\" class=\"eha-toggle-headers\">\n                        <svg xmlns=\"http:\/\/www.w3.org\/2000\/svg\" width=\"16\" height=\"16\" viewbox=\"0 0 24 24\" fill=\"none\" stroke=\"currentColor\" stroke-width=\"2\">\n                            <polyline points=\"6 9 12 15 18 9\"><\/polyline>\n                        <\/svg>\n                        Xem T\u1ea5t C\u1ea3 Ti\u00eau \u0110\u1ec1\n                    <\/button>\n                    <div class=\"eha-headers-list\" style=\"display: none;\"><\/div>\n                <\/div>\n                \n            <\/div>\n            \n            <div class=\"eha-privacy-note\">\n                <svg xmlns=\"http:\/\/www.w3.org\/2000\/svg\" width=\"14\" height=\"14\" viewbox=\"0 0 24 24\" fill=\"none\" stroke=\"currentColor\" stroke-width=\"2\">\n                    <path d=\"M12 22s8-4 8-10V5l-8-3-8 3v7c0 6 8 10 8 10z\"\/>\n                    <polyline points=\"9 12 11 14 15 10\"\/>\n                <\/svg>\n                T\u1ea5t c\u1ea3 ph\u00e2n t\u00edch \u0111\u01b0\u1ee3c th\u1ef1c hi\u1ec7n c\u1ee5c b\u1ed9 trong tr\u00ecnh duy\u1ec7t c\u1ee7a b\u1ea1n \u2014 ti\u00eau \u0111\u1ec1 kh\u00f4ng bao gi\u1edd \u0111\u01b0\u1ee3c g\u1eedi \u0111\u1ebfn b\u1ea5t k\u1ef3 m\u00e1y ch\u1ee7 n\u00e0o\n            <\/div>\n        <\/div>\n    <\/div>","protected":false},"excerpt":{"rendered":"<p>Ph\u00e2n t\u00edch ti\u00eau \u0111\u1ec1 email \u0111\u1ec3 ph\u00e1t hi\u1ec7n email l\u1eeba \u0111\u1ea3o. Ti\u00eau \u0111\u1ec1 email ti\u1ebft l\u1ed9 ngu\u1ed3n g\u1ed1c th\u1ef1c s\u1ef1 c\u1ee7a m\u1ed7i tin nh\u1eafn. D\u00e1n ti\u00eau \u0111\u1ec1 email c\u1ee7a b\u1ea1n b\u00ean d\u01b0\u1edbi \u0111\u1ec3 ki\u1ec3m tra x\u00e1c th\u1ef1c SPF, DKIM v\u00e0 DMARC, theo d\u00f5i tin nh\u1eafn\u2026 <a class=\"more-link\" href=\"https:\/\/securitybriefing.net\/vi\/trinh-phan-tich-tieu-de-email-mien-phi\/\">Ti\u1ebfp t\u1ee5c \u0111\u1ecdc <span class=\"screen-reader-text\">Tr\u00ecnh Ph\u00e2n T\u00edch Ti\u00eau \u0110\u1ec1 Email Mi\u1ec5n Ph\u00ed<\/span><\/a><\/p>","protected":false},"author":1,"featured_media":0,"parent":0,"menu_order":0,"comment_status":"closed","ping_status":"closed","template":"","meta":{"footnotes":""},"class_list":["post-4965","page","type-page","status-publish","hentry","entry"],"yoast_head":"<!-- This site is optimized with the Yoast SEO plugin v26.8 - https:\/\/yoast.com\/product\/yoast-seo-wordpress\/ -->\n<title>Free Email Header Analyzer | Security Briefing<\/title>\n<meta name=\"robots\" content=\"index, follow, max-snippet:-1, max-image-preview:large, max-video-preview:-1\" \/>\n<link rel=\"canonical\" href=\"https:\/\/securitybriefing.net\/vi\/trinh-phan-tich-tieu-de-email-mien-phi\/\" \/>\n<meta property=\"og:locale\" content=\"vi_VN\" \/>\n<meta property=\"og:type\" content=\"article\" \/>\n<meta property=\"og:title\" content=\"Free Email Header Analyzer | Security Briefing\" \/>\n<meta property=\"og:description\" content=\"Analyze Email Headers to Spot Phishing Email headers reveal the true origin of every message. Paste your email headers below to check SPF, DKIM, and DMARC authentication, trace the message&hellip; Continue reading Free Email Header Analyzer\" \/>\n<meta property=\"og:url\" content=\"https:\/\/securitybriefing.net\/vi\/trinh-phan-tich-tieu-de-email-mien-phi\/\" \/>\n<meta property=\"og:site_name\" content=\"Security Briefing\" \/>\n<meta property=\"article:modified_time\" content=\"2025-12-02T23:32:41+00:00\" \/>\n<meta property=\"og:image\" content=\"https:\/\/securitybriefing.net\/wp-content\/uploads\/2025\/09\/main-logo-black.png\" \/>\n\t<meta property=\"og:image:width\" content=\"1200\" \/>\n\t<meta property=\"og:image:height\" content=\"300\" \/>\n\t<meta property=\"og:image:type\" content=\"image\/png\" \/>\n<meta name=\"twitter:card\" content=\"summary_large_image\" \/>\n<meta name=\"twitter:label1\" content=\"\u01af\u1edbc t\u00ednh th\u1eddi gian \u0111\u1ecdc\" \/>\n\t<meta name=\"twitter:data1\" content=\"1 ph\u00fat\" \/>\n<script type=\"application\/ld+json\" class=\"yoast-schema-graph\">{\"@context\":\"https:\/\/schema.org\",\"@graph\":[{\"@type\":\"WebPage\",\"@id\":\"https:\/\/securitybriefing.net\/free-email-header-analyzer\/\",\"url\":\"https:\/\/securitybriefing.net\/free-email-header-analyzer\/\",\"name\":\"Free Email Header Analyzer | Security Briefing\",\"isPartOf\":{\"@id\":\"https:\/\/securitybriefing.net\/#website\"},\"datePublished\":\"2025-12-02T23:32:40+00:00\",\"dateModified\":\"2025-12-02T23:32:41+00:00\",\"breadcrumb\":{\"@id\":\"https:\/\/securitybriefing.net\/free-email-header-analyzer\/#breadcrumb\"},\"inLanguage\":\"vi\",\"potentialAction\":[{\"@type\":\"ReadAction\",\"target\":[\"https:\/\/securitybriefing.net\/free-email-header-analyzer\/\"]}]},{\"@type\":\"BreadcrumbList\",\"@id\":\"https:\/\/securitybriefing.net\/free-email-header-analyzer\/#breadcrumb\",\"itemListElement\":[{\"@type\":\"ListItem\",\"position\":1,\"name\":\"Home\",\"item\":\"https:\/\/securitybriefing.net\/\"},{\"@type\":\"ListItem\",\"position\":2,\"name\":\"Free Email Header Analyzer\"}]},{\"@type\":\"WebSite\",\"@id\":\"https:\/\/securitybriefing.net\/#website\",\"url\":\"https:\/\/securitybriefing.net\/\",\"name\":\"Security Briefing\",\"description\":\"Read cybersecurity news, online safety guides, cyber threat updates, and use free security tools from Security Briefing.\",\"publisher\":{\"@id\":\"https:\/\/securitybriefing.net\/#organization\"},\"potentialAction\":[{\"@type\":\"SearchAction\",\"target\":{\"@type\":\"EntryPoint\",\"urlTemplate\":\"https:\/\/securitybriefing.net\/?s={search_term_string}\"},\"query-input\":{\"@type\":\"PropertyValueSpecification\",\"valueRequired\":true,\"valueName\":\"search_term_string\"}}],\"inLanguage\":\"vi\"},{\"@type\":\"Organization\",\"@id\":\"https:\/\/securitybriefing.net\/#organization\",\"name\":\"Security Briefing\",\"url\":\"https:\/\/securitybriefing.net\/\",\"logo\":{\"@type\":\"ImageObject\",\"inLanguage\":\"vi\",\"@id\":\"https:\/\/securitybriefing.net\/#\/schema\/logo\/image\/\",\"url\":\"https:\/\/securitybriefing.net\/wp-content\/uploads\/2023\/06\/security-briefing-logo-5.png\",\"contentUrl\":\"https:\/\/securitybriefing.net\/wp-content\/uploads\/2023\/06\/security-briefing-logo-5.png\",\"width\":256,\"height\":70,\"caption\":\"Security Briefing\"},\"image\":{\"@id\":\"https:\/\/securitybriefing.net\/#\/schema\/logo\/image\/\"}}]}<\/script>\n<!-- \/ Yoast SEO plugin. -->","yoast_head_json":{"title":"Tr\u00ecnh Ph\u00e2n T\u00edch Ti\u00eau \u0110\u1ec1 Email Mi\u1ec5n Ph\u00ed | B\u00e1o C\u00e1o An Ninh","robots":{"index":"index","follow":"follow","max-snippet":"max-snippet:-1","max-image-preview":"max-image-preview:large","max-video-preview":"max-video-preview:-1"},"canonical":"https:\/\/securitybriefing.net\/vi\/trinh-phan-tich-tieu-de-email-mien-phi\/","og_locale":"vi_VN","og_type":"article","og_title":"Free Email Header Analyzer | Security Briefing","og_description":"Analyze Email Headers to Spot Phishing Email headers reveal the true origin of every message. Paste your email headers below to check SPF, DKIM, and DMARC authentication, trace the message&hellip; Continue reading Free Email Header Analyzer","og_url":"https:\/\/securitybriefing.net\/vi\/trinh-phan-tich-tieu-de-email-mien-phi\/","og_site_name":"Security Briefing","article_modified_time":"2025-12-02T23:32:41+00:00","og_image":[{"width":1200,"height":300,"url":"https:\/\/securitybriefing.net\/wp-content\/uploads\/2025\/09\/main-logo-black.png","type":"image\/png"}],"twitter_card":"summary_large_image","twitter_misc":{"\u01af\u1edbc t\u00ednh th\u1eddi gian \u0111\u1ecdc":"1 ph\u00fat"},"schema":{"@context":"https:\/\/schema.org","@graph":[{"@type":"WebPage","@id":"https:\/\/securitybriefing.net\/free-email-header-analyzer\/","url":"https:\/\/securitybriefing.net\/free-email-header-analyzer\/","name":"Tr\u00ecnh Ph\u00e2n T\u00edch Ti\u00eau \u0110\u1ec1 Email Mi\u1ec5n Ph\u00ed | B\u00e1o C\u00e1o An Ninh","isPartOf":{"@id":"https:\/\/securitybriefing.net\/#website"},"datePublished":"2025-12-02T23:32:40+00:00","dateModified":"2025-12-02T23:32:41+00:00","breadcrumb":{"@id":"https:\/\/securitybriefing.net\/free-email-header-analyzer\/#breadcrumb"},"inLanguage":"vi","potentialAction":[{"@type":"ReadAction","target":["https:\/\/securitybriefing.net\/free-email-header-analyzer\/"]}]},{"@type":"BreadcrumbList","@id":"https:\/\/securitybriefing.net\/free-email-header-analyzer\/#breadcrumb","itemListElement":[{"@type":"ListItem","position":1,"name":"Home","item":"https:\/\/securitybriefing.net\/"},{"@type":"ListItem","position":2,"name":"Free Email Header Analyzer"}]},{"@type":"WebSite","@id":"https:\/\/securitybriefing.net\/#website","url":"https:\/\/securitybriefing.net\/","name":"B\u00e1o C\u00e1o An Ninh","description":"Read cybersecurity news, online safety guides, cyber threat updates, and use free security tools from Security Briefing.","publisher":{"@id":"https:\/\/securitybriefing.net\/#organization"},"potentialAction":[{"@type":"SearchAction","target":{"@type":"EntryPoint","urlTemplate":"https:\/\/securitybriefing.net\/?s={search_term_string}"},"query-input":{"@type":"PropertyValueSpecification","valueRequired":true,"valueName":"search_term_string"}}],"inLanguage":"vi"},{"@type":"Organization","@id":"https:\/\/securitybriefing.net\/#organization","name":"B\u00e1o C\u00e1o An Ninh","url":"https:\/\/securitybriefing.net\/","logo":{"@type":"ImageObject","inLanguage":"vi","@id":"https:\/\/securitybriefing.net\/#\/schema\/logo\/image\/","url":"https:\/\/securitybriefing.net\/wp-content\/uploads\/2023\/06\/security-briefing-logo-5.png","contentUrl":"https:\/\/securitybriefing.net\/wp-content\/uploads\/2023\/06\/security-briefing-logo-5.png","width":256,"height":70,"caption":"Security Briefing"},"image":{"@id":"https:\/\/securitybriefing.net\/#\/schema\/logo\/image\/"}}]}},"_links":{"self":[{"href":"https:\/\/securitybriefing.net\/vi\/wp-json\/wp\/v2\/pages\/4965","targetHints":{"allow":["GET"]}}],"collection":[{"href":"https:\/\/securitybriefing.net\/vi\/wp-json\/wp\/v2\/pages"}],"about":[{"href":"https:\/\/securitybriefing.net\/vi\/wp-json\/wp\/v2\/types\/page"}],"author":[{"embeddable":true,"href":"https:\/\/securitybriefing.net\/vi\/wp-json\/wp\/v2\/users\/1"}],"replies":[{"embeddable":true,"href":"https:\/\/securitybriefing.net\/vi\/wp-json\/wp\/v2\/comments?post=4965"}],"version-history":[{"count":1,"href":"https:\/\/securitybriefing.net\/vi\/wp-json\/wp\/v2\/pages\/4965\/revisions"}],"predecessor-version":[{"id":4967,"href":"https:\/\/securitybriefing.net\/vi\/wp-json\/wp\/v2\/pages\/4965\/revisions\/4967"}],"wp:attachment":[{"href":"https:\/\/securitybriefing.net\/vi\/wp-json\/wp\/v2\/media?parent=4965"}],"curies":[{"name":"wp","href":"https:\/\/api.w.org\/{rel}","templated":true}]}}